{"id":23932,"date":"2020-10-28T22:03:44","date_gmt":"2020-10-28T14:03:44","guid":{"rendered":"https:\/\/dev.flydesk.com\/?page_id=23932"},"modified":"2021-06-02T09:58:44","modified_gmt":"2021-06-02T01:58:44","slug":"design-shared-office","status":"publish","type":"page","link":"https:\/\/dev.flydesk.com\/da\/design-shared-office\/","title":{"rendered":"Design a flexible and shared office"},"content":{"rendered":"<h1>\n\t\tDesign dit fleksible og f\u00e6lles kontorrum\n\t<\/h1>\n\t<p>Vi hj\u00e6lper dig med at finde, designe og indrette dine fleksible og f\u00e6lles kontorlokaler til dine kommende lejere eller dit eget team.<\/p>\n\t\t\t<a href=\"#start\"   target=\"_self\"   role=\"button\"   rel=\"noopener noreferrer\">\n\t\t\t\t\t\t\tStart dit projekt\n\t\t\t\t\t<\/a>\n\t<p>Skab et kontorrum tilpasset den moderne arbejdsstil<\/p>\n\t\t<h2>Vi forvandler dit kontorlokale til et fleksibelt arbejdsrum<\/h2>\t\t\n\t\t\t<p>FLYDESK underst\u00f8tter hele kontortransformationen for virksomheder, der er interesseret i at bringe mere fleksibilitet og modernisme ind i deres arbejdsplads ved at skabe et inspirerende arbejdsmilj\u00f8.<\/p>\n\t\t<h3>S\u00f8g<\/h3>\t\t\n\t\t\t\t<img decoding=\"async\"   src=\"https:\/\/mlgucbjxeu1m.i.optimole.com\/cb:B7VA.3e989\/w:200\/h:201\/q:mauto\/ig:avif\/f:best\/https:\/\/dev.flydesk.com\/wp-content\/uploads\/2019\/10\/Transform-PNG.png\"   alt=\"Transformer PNG\"   itemprop=\"image\"   height=\"201\"   width=\"200\"   title=\"Transformer PNG\"   onerror=\"this.style.display='none'\"  \/>\n\t\t<h3><\/h3>\t\t\n\t\t\t<p>Vi finder den perfekte plads til at skabe dine fleksible kontorlokaler<\/p>\n\t\t<h3>Design<\/h3>\t\t\n\t\t\t\t<img decoding=\"async\"   src=\"https:\/\/mlgucbjxeu1m.i.optimole.com\/cb:B7VA.3e989\/w:200\/h:199\/q:mauto\/ig:avif\/f:best\/https:\/\/dev.flydesk.com\/wp-content\/uploads\/2019\/10\/comfort-workspace-PNG.png\"   alt=\"komfort - arbejdsomr\u00e5de PNG\"   itemprop=\"image\"   height=\"199\"   width=\"200\"   title=\"komfort - arbejdsomr\u00e5de PNG\"   onerror=\"this.style.display='none'\"  \/>\n\t\t<h3><\/h3>\t\t\n\t\t\t<p>Vi forestiller, designer og udstyrer dine fleksible kontorlokaler<\/p>\n\t\t<h3>Tech<\/h3>\t\t\n\t\t\t\t<img decoding=\"async\"   src=\"https:\/\/mlgucbjxeu1m.i.optimole.com\/cb:B7VA.3e989\/w:200\/h:200\/q:mauto\/ig:avif\/f:best\/https:\/\/dev.flydesk.com\/wp-content\/uploads\/2019\/10\/Networking-Management-PNG.png\"   alt=\"Netv\u00e6rk - Management PNG\"   itemprop=\"image\"   height=\"200\"   width=\"200\"   title=\"Netv\u00e6rk - Management PNG\"   onerror=\"this.style.display='none'\"  \/>\n\t\t<h3><\/h3>\t\t\n\t\t\t<p>Vi ops\u00e6tter teknologien til at administrere dit f\u00e6lles kontorlokale<\/p>\n<h2>\n\t\tAt finde den perfekte plads til at bygge dit flexkontor\n\t<\/h2>\n<h3>\n\t\tUdforsk FLYDESK Workspace-netv\u00e6rket\n\t<\/h3>\n\t\t\t\t<img data-opt-src=\"https:\/\/mlgucbjxeu1m.i.optimole.com\/cb:B7VA.3e989\/w:auto\/h:auto\/q:mauto\/ig:avif\/f:best\/https:\/\/dev.flydesk.com\/wp-content\/uploads\/2020\/10\/Flydesk-Workspace.png\"   decoding=\"async\"   src=\"https:\/\/mlgucbjxeu1m.i.optimole.com\/cb:B7VA.3e989\/w:auto\/h:auto\/q:eco\/ig:avif\/f:best\/https:\/\/dev.flydesk.com\/wp-content\/uploads\/2020\/10\/Flydesk-Workspace.png\"   alt=\"Flydesk arbejdsomr\u00e5de\"   itemprop=\"image\"   height=\"763\"   width=\"1292\"   title=\"Flydesk arbejdsomr\u00e5de\"   onerror=\"this.style.display='none'\"  \/>\n\t\t<h3><\/h3>\t\t\n\t\t\t<p>Vi har bygget en AirBnB-lignende applikation til at finde et perfekt arbejdsomr\u00e5de, der administreres af vores partneroperat\u00f8rer. Med FLYDESK f\u00e5r vi adgang til et globalt netv\u00e6rk af servicerede kontorer, skriveborde eller m\u00f8delokaler, der er tilg\u00e6ngelige on-demand.<\/p>\n\t\t\t<a href=\"https:\/\/dev.flydesk.com\/da\/workspace\/\"   target=\"_self\"   role=\"button\"   rel=\"noopener noreferrer\">\n\t\t\t\t\t\t\tFind et arbejdsomr\u00e5de\n\t\t\t\t\t<\/a>\n\t\t<h3><\/h3>\t\t\n\t\t\t<p>Eller<\/p>\n<h3>\n\t\tFind en ny plads til at tilpasse dit kontor\n\t<\/h3>\n\t\t\t\t<img data-opt-src=\"https:\/\/mlgucbjxeu1m.i.optimole.com\/cb:B7VA.3e989\/w:1024\/h:706\/q:mauto\/ig:avif\/f:best\/https:\/\/dev.flydesk.com\/wp-content\/uploads\/2020\/10\/Office-search-design.png\"   decoding=\"async\"   src=\"https:\/\/mlgucbjxeu1m.i.optimole.com\/cb:B7VA.3e989\/w:1024\/h:706\/q:eco\/ig:avif\/f:best\/https:\/\/dev.flydesk.com\/wp-content\/uploads\/2020\/10\/Office-search-design.png\"   alt=\"Office s\u00f8gning og design\"   itemprop=\"image\"   height=\"706\"   width=\"1024\"   title=\"Office s\u00f8gning og design\"   onerror=\"this.style.display='none'\"  \/>\n\t\t<h3><\/h3>\t\t\n\t\t\t<p>Vores eksperter, fra ejendomsm\u00e6glere til designere, vil finde den bedste plads p\u00e5 markedet, der passer til dit budget og dine behov. Vores team er anerkendt for at designe blandt de bedste coworking-rum i verden.<\/p>\n\t\t\t<a href=\"#start\"   target=\"_self\"   role=\"button\"   rel=\"noopener noreferrer\">\n\t\t\t\t\t\t\tS\u00f8g efter et nyt rum\n\t\t\t\t\t<\/a>\n<h2>\n\t\tVores designeksperter underst\u00f8tter hele din kontortransformation\n\t<\/h2>\n\t\t\t\t<img data-opt-src=\"https:\/\/mlgucbjxeu1m.i.optimole.com\/cb:B7VA.3e989\/w:auto\/h:auto\/q:mauto\/ig:avif\/f:best\/https:\/\/dev.flydesk.com\/wp-content\/uploads\/2020\/10\/From-design-to-delivery.png\"   decoding=\"async\"   src=\"https:\/\/mlgucbjxeu1m.i.optimole.com\/cb:B7VA.3e989\/w:auto\/h:auto\/q:eco\/ig:avif\/f:best\/https:\/\/dev.flydesk.com\/wp-content\/uploads\/2020\/10\/From-design-to-delivery.png\"   alt=\"Fra design til levering\"   itemprop=\"image\"   height=\"619\"   width=\"3432\"   title=\"Fra design til levering\"   onerror=\"this.style.display='none'\"  \/>\n\t\t<h3>1 Start<\/h3>\t\t\n\t\t\t<ul>\n<li>Kunde brief<\/li>\n<li>Konsulenter engagement<\/li>\n<li>Site unders\u00f8gelse og revision<\/li>\n<li>Planl\u00e6gning og programmering<\/li>\n<\/ul>\n\t\t<h3>2 Design<\/h3>\t\t\n\t\t\t<ul>\n<li>Endelig pladslayout<\/li>\n<li>Indretningsplan<\/li>\n<li>Services design<\/li>\n<li>Omkostningsestimater<\/li>\n<\/ul>\n\t\t<h3>3 Kontrakt<\/h3>\t\t\n\t\t\t<ul>\n<li>Kontraktformalisering<\/li>\n<li>Overv\u00e5gning og kvalitetskontrol<\/li>\n<li>Eftersyn &amp; udbedring<\/li>\n<li>Site overdragelse<\/li>\n<\/ul>\n\t\t<h3>4 Lukning<\/h3>\t\t\n\t\t\t<ul>\n<li>Endelig kontraktbetaling<\/li>\n<li>Projektevaluering<\/li>\n<li>Kundefeedback<\/li>\n<li>Kundens succeshistorie<\/li>\n<\/ul>\n\t\t\t<a href=\"#start\"   target=\"_self\"   role=\"button\"   rel=\"noopener noreferrer\">\n\t\t\t\t\t\t\tDel dine designkrav \n\t\t\t\t\t<\/a>\n\t\t\t\t<img data-opt-src=\"https:\/\/mlgucbjxeu1m.i.optimole.com\/cb:B7VA.3e989\/w:892\/h:1080\/q:mauto\/ig:avif\/f:best\/https:\/\/dev.flydesk.com\/wp-content\/uploads\/2021\/06\/FLYDESK-App-Overview-3-black.png\"   decoding=\"async\"   src=\"https:\/\/mlgucbjxeu1m.i.optimole.com\/cb:B7VA.3e989\/w:892\/h:1080\/q:eco\/ig:avif\/f:best\/https:\/\/dev.flydesk.com\/wp-content\/uploads\/2021\/06\/FLYDESK-App-Overview-3-black.png\"   alt=\"FLYDESK App - Oversigt 3 sort\"   itemprop=\"image\"   height=\"2048\"   width=\"1692\"   title=\"FLYDESK App - Oversigt 3 sort\"   onerror=\"this.style.display='none'\"  \/>\n<h2>\n\t\tAdministrer dit kontorlokale med FLYDESK-appen\n\t<\/h2>\n\t<p>En bookingl\u00f8sning til dit f\u00e6lles kontor<\/p>\n\t<p>En f\u00e6lles kontorplads betyder, at ikke alle har adgang til et skrivebord til enhver tid. FLYDESK-appen sikrer, at dit team altid kan f\u00e5 adgang til et skrivebord, n\u00e5r det er n\u00f8dvendigt.<\/p>\n\t<p>Team check-in for mere synlighed<\/p>\n\t<p>Ud over at optimere dit kontorlokale giver vores Check-in-funktion dine teammedlemmer mulighed for at overv\u00e5ge deres arbejdstid, uanset hvor de arbejder fra.<\/p>\n\t<p>En udvidelse af dit kontor i vores netv\u00e6rk<\/p>\n\t<p>Hvis du har n\u00e5et fuld kapacitet af din kontorplads, eller hvis du har brug for en engangsadgang til et skrivebord eller m\u00f8delokale hvor som helst i verden, skal du blot booke en plads via vores app.<\/p>\n\t\t\t\t<img data-opt-src=\"https:\/\/mlgucbjxeu1m.i.optimole.com\/cb:B7VA.3e989\/w:auto\/h:auto\/q:mauto\/ig:avif\/f:best\/https:\/\/dev.flydesk.com\/wp-content\/uploads\/2021\/06\/FLYDESK-App-Overview-4.png\"   decoding=\"async\"   src=\"https:\/\/mlgucbjxeu1m.i.optimole.com\/cb:B7VA.3e989\/w:auto\/h:auto\/q:eco\/ig:avif\/f:best\/https:\/\/dev.flydesk.com\/wp-content\/uploads\/2021\/06\/FLYDESK-App-Overview-4.png\"   alt=\"FLYDESK App - Oversigt 4\"   itemprop=\"image\"   height=\"2212\"   width=\"2958\"   title=\"FLYDESK App - Oversigt 4\"   onerror=\"this.style.display='none'\"  \/>\n\t\t\t<a href=\"#start\"   target=\"_self\"   role=\"button\"  rel=\"noopener noreferrer\">\n\t\t\t\t\t\t\tBed om en demo\n\t\t\t\t\t<\/a>\n<h2>\n\t\tEt komplet udvalg af tjenester leveret af FLYDESK-eksperterne\n\t<\/h2>\n\t\t\t\t<img data-opt-src=\"https:\/\/mlgucbjxeu1m.i.optimole.com\/cb:B7VA.3e989\/w:auto\/h:auto\/q:mauto\/ig:avif\/f:best\/https:\/\/dev.flydesk.com\/wp-content\/uploads\/2020\/10\/FLYDESK-Experts.png\"   decoding=\"async\"   src=\"https:\/\/mlgucbjxeu1m.i.optimole.com\/cb:B7VA.3e989\/w:auto\/h:auto\/q:eco\/ig:avif\/f:best\/https:\/\/dev.flydesk.com\/wp-content\/uploads\/2020\/10\/FLYDESK-Experts.png\"   alt=\"FLYDESK eksperter\"   itemprop=\"image\"   height=\"544\"   width=\"1372\"   title=\"FLYDESK eksperter\"   onerror=\"this.style.display='none'\"  \/>\n\t\t<h3>R\u00e5dgivning<\/h3>\t\t\n\t\t\t<p>Planl\u00e6g din fleksible arbejdstransformation<\/p>\n\t\t<h3>Office<\/h3>\t\t\n\t\t\t<p>Find den bedste fleksible arbejdsplads til dit team<\/p>\n\t\t<h3>Teknologi<\/h3>\t\t\n\t\t\t<p>Implementer teknologien til at drive din flexplads og dit team<\/p>\n\t\t\t<a href=\"#start\"   target=\"_self\"   role=\"button\"   rel=\"noopener noreferrer\">\n\t\t\t\t\t\t\tFort\u00e6l os om dit projekt\n\t\t\t\t\t<\/a>\n\tCheck-in tags to manage<br \/>\nshared office &amp; remote teams\n<h2>\n\t\tFort\u00e6l os om dine forretningskrav\n\t<\/h2>","protected":false},"excerpt":{"rendered":"<p>Design your flexible and shared office space We help you find, design and equip your flexible and shared office space for your future tenants or your own team. Start your project Create an office space adapted to the modern work style We transform your office space into a flexible workspace FLYDESK supports the entire office&hellip;<\/p>","protected":false},"author":4,"featured_media":23935,"parent":0,"menu_order":0,"comment_status":"closed","ping_status":"closed","template":"","meta":{"footnotes":""},"class_list":["post-23932","page","type-page","status-publish","has-post-thumbnail","hentry"],"acf":[],"yoast_head":"<!-- This site is optimized with the Yoast SEO plugin v16.8 - https:\/\/yoast.com\/wordpress\/plugins\/seo\/ -->\n<title>Design a flexible and shared office &mdash; FLYDESK<\/title>\n<meta name=\"description\"  content=\"Design a flexbile &amp; shared workspace for your team or tenants. FLYDESK supports the search, design and technology setup of your workspace.\" \/>\n<meta name=\"robots\"  content=\"index, follow, max-snippet:-1, max-image-preview:large, max-video-preview:-1\" \/>\n<link rel=\"canonical\"  href=\"https:\/\/dev.flydesk.com\/da\/design-shared-office\/\" \/>\n<meta property=\"og:locale\"  content=\"da_DK\" \/>\n<meta property=\"og:type\"  content=\"article\" \/>\n<meta property=\"og:title\"  content=\"Design a flexible and shared office &mdash; FLYDESK\" \/>\n<meta property=\"og:description\"  content=\"Design a flexbile &amp; shared workspace for your team or tenants. FLYDESK supports the search, design and technology setup of your workspace.\" \/>\n<meta property=\"og:url\"  content=\"https:\/\/dev.flydesk.com\/da\/design-shared-office\/\" \/>\n<meta property=\"og:site_name\" content=\"FLYDESK\" \/>\n<meta property=\"article:modified_time\"  content=\"2021-06-02T01:58:44+00:00\" \/>\n<meta property=\"og:image\"  content=\"https:\/\/mlgucbjxeu1m.i.optimole.com\/cb:B7VA.3e989\/w:auto\/h:auto\/q:mauto\/ig:avif\/f:best\/https:\/\/dev.flydesk.com\/wp-content\/uploads\/2020\/10\/daniel-mccullough-HtBlQdxfG9k-unsplash-scaled.jpg\" \/>\n\t<meta property=\"og:image:width\" content=\"2560\" \/>\n\t<meta property=\"og:image:height\" content=\"1440\" \/>\n<meta name=\"twitter:card\" content=\"summary_large_image\" \/>\n<meta name=\"twitter:label1\" content=\"Estimeret l\u00e6setid\" \/>\n\t<meta name=\"twitter:data1\"  content=\"2 minutter\"  \/>\n<!-- \/ Yoast SEO plugin. -->","yoast_head_json":{"title":"Design a flexible and shared office &mdash; FLYDESK","description":"Design a flexbile & shared workspace for your team or tenants. FLYDESK supports the search, design and technology setup of your workspace.","robots":{"index":"index","follow":"follow","max-snippet":"max-snippet:-1","max-image-preview":"max-image-preview:large","max-video-preview":"max-video-preview:-1"},"canonical":"https:\/\/dev.flydesk.com\/da\/design-shared-office\/","og_locale":"da_DK","og_type":"article","og_title":"Design a flexible and shared office &mdash; FLYDESK","og_description":"Design a flexbile & shared workspace for your team or tenants. FLYDESK supports the search, design and technology setup of your workspace.","og_url":"https:\/\/dev.flydesk.com\/da\/design-shared-office\/","og_site_name":"FLYDESK","article_modified_time":"2021-06-02T01:58:44+00:00","og_image":[{"width":2560,"height":1440,"url":"https:\/\/mlgucbjxeu1m.i.optimole.com\/cb:B7VA.3e989\/w:auto\/h:auto\/q:mauto\/ig:avif\/f:best\/https:\/\/dev.flydesk.com\/wp-content\/uploads\/2020\/10\/daniel-mccullough-HtBlQdxfG9k-unsplash-scaled.jpg","path":"\/sites\/flydesk.com\/files\/wp-content\/uploads\/2020\/10\/daniel-mccullough-HtBlQdxfG9k-unsplash-scaled.jpg","size":"full","id":23935,"alt":"","pixels":3686400,"type":"image\/jpeg"}],"twitter_card":"summary_large_image","twitter_misc":{"Estimeret l\u00e6setid":"2 minutter"},"schema":{"@context":"https:\/\/schema.org","@graph":[{"@type":"Organization","@id":"https:\/\/dev.flydesk.com\/#organization","name":"FLYDESK","url":"https:\/\/dev.flydesk.com\/","sameAs":[],"logo":{"@type":"ImageObject","@id":"https:\/\/dev.flydesk.com\/#logo","inLanguage":"da-DK","url":"","contentUrl":"","caption":"FLYDESK"},"image":{"@id":"https:\/\/dev.flydesk.com\/#logo"}},{"@type":"WebSite","@id":"https:\/\/dev.flydesk.com\/#website","url":"https:\/\/dev.flydesk.com\/","name":"FLYDESK","description":"Fly your work with style","publisher":{"@id":"https:\/\/dev.flydesk.com\/#organization"},"potentialAction":[{"@type":"SearchAction","target":{"@type":"EntryPoint","urlTemplate":"https:\/\/dev.flydesk.com\/?s={search_term_string}"},"query-input":"required name=search_term_string"}],"inLanguage":"da-DK"},{"@type":"ImageObject","@id":"https:\/\/dev.flydesk.com\/ru\/design-shared-office\/#primaryimage","inLanguage":"da-DK","url":"https:\/\/mlgucbjxeu1m.i.optimole.com\/cb:B7VA.3e989\/w:auto\/h:auto\/q:mauto\/ig:avif\/f:best\/https:\/\/dev.flydesk.com\/wp-content\/uploads\/2020\/10\/daniel-mccullough-HtBlQdxfG9k-unsplash-scaled.jpg","contentUrl":"https:\/\/mlgucbjxeu1m.i.optimole.com\/cb:B7VA.3e989\/w:auto\/h:auto\/q:mauto\/ig:avif\/f:best\/https:\/\/dev.flydesk.com\/wp-content\/uploads\/2020\/10\/daniel-mccullough-HtBlQdxfG9k-unsplash-scaled.jpg","width":2560,"height":1440,"caption":"Design a flexible and shared office"},{"@type":"WebPage","@id":"https:\/\/dev.flydesk.com\/ru\/design-shared-office\/#webpage","url":"https:\/\/dev.flydesk.com\/ru\/design-shared-office\/","name":"Design a flexible and shared office &mdash; FLYDESK","isPartOf":{"@id":"https:\/\/dev.flydesk.com\/#website"},"primaryImageOfPage":{"@id":"https:\/\/dev.flydesk.com\/ru\/design-shared-office\/#primaryimage"},"datePublished":"2020-10-28T14:03:44+00:00","dateModified":"2021-06-02T01:58:44+00:00","description":"Design a flexbile & shared workspace for your team or tenants. FLYDESK supports the search, design and technology setup of your workspace.","breadcrumb":{"@id":"https:\/\/dev.flydesk.com\/ru\/design-shared-office\/#breadcrumb"},"inLanguage":"da-DK","potentialAction":[{"@type":"ReadAction","target":["https:\/\/dev.flydesk.com\/ru\/design-shared-office\/"]}]},{"@type":"BreadcrumbList","@id":"https:\/\/dev.flydesk.com\/ru\/design-shared-office\/#breadcrumb","itemListElement":[{"@type":"ListItem","position":1,"name":"Home","item":"https:\/\/dev.flydesk.com\/"},{"@type":"ListItem","position":2,"name":"Design a flexible and shared office"}]}]}},"_links":{"self":[{"href":"https:\/\/dev.flydesk.com\/da\/wp-json\/wp\/v2\/pages\/23932","targetHints":{"allow":["GET"]}}],"collection":[{"href":"https:\/\/dev.flydesk.com\/da\/wp-json\/wp\/v2\/pages"}],"about":[{"href":"https:\/\/dev.flydesk.com\/da\/wp-json\/wp\/v2\/types\/page"}],"author":[{"embeddable":true,"href":"https:\/\/dev.flydesk.com\/da\/wp-json\/wp\/v2\/users\/4"}],"replies":[{"embeddable":true,"href":"https:\/\/dev.flydesk.com\/da\/wp-json\/wp\/v2\/comments?post=23932"}],"version-history":[{"count":0,"href":"https:\/\/dev.flydesk.com\/da\/wp-json\/wp\/v2\/pages\/23932\/revisions"}],"wp:featuredmedia":[{"embeddable":true,"href":"https:\/\/dev.flydesk.com\/da\/wp-json\/wp\/v2\/media\/23935"}],"wp:attachment":[{"href":"https:\/\/dev.flydesk.com\/da\/wp-json\/wp\/v2\/media?parent=23932"}],"curies":[{"name":"wp","href":"https:\/\/api.w.org\/{rel}","templated":true}]}}