{"id":1596,"date":"2019-10-24T22:38:37","date_gmt":"2019-10-24T14:38:37","guid":{"rendered":"https:\/\/dev.flydesk.com\/?page_id=1596"},"modified":"2025-03-21T10:41:05","modified_gmt":"2025-03-21T02:41:05","slug":"business-solutions","status":"publish","type":"page","link":"https:\/\/dev.flydesk.com\/de\/business-solutions\/","title":{"rendered":"Hybride Arbeitsl\u00f6sungen f\u00fcr Unternehmen"},"content":{"rendered":"<h1>\n\t\tHybride B\u00fcrol\u00f6sungen f\u00fcr Unternehmen\n\t<\/h1>\n\t<p>Wir helfen Unternehmen, die besten Arbeitsbereiche und Tools f\u00fcr die Verwaltung ihrer gemeinsamen B\u00fcros und Remote-Teams zu finden. Wir verbessern ihr hybrides B\u00fcromodell, um Einsparungen und Leistung zu maximieren.<\/p>\n\t\t\t<a href=\"\"   target=\"_self\"   role=\"button\"   rel=\"noopener\">\n\t\t\t\t\t\t\tLoslegen\n\t\t\t\t\t<\/a>\n\t<p>Vertrauen Sie darauf, dass Ihr Team von \u00fcberall aus arbeitet<\/p>\n\t\t<h2>Wir machen Ihr Unternehmen flexibel<\/h2>\t\t\n\t\t\t<p>FLYDESK entwirft flexible Arbeitsl\u00f6sungen, die Organisationen, die gemeinsam genutzte B\u00fcror\u00e4ume und Remote-Teams betreiben, mehr Kontrolle geben. Vertrauen Sie unseren Experten und erfahren Sie, wie Sie Ihren flexiblen und Remote-Teams vertrauen k\u00f6nnen.<\/p>\n\t\t<h3>Beratung<\/h3>\t\t\n\t\t\t\t<img decoding=\"async\"   src=\"https:\/\/mlgucbjxeu1m.i.optimole.com\/cb:B7VA.3e989\/w:200\/h:201\/q:mauto\/ig:avif\/f:best\/https:\/\/dev.flydesk.com\/wp-content\/uploads\/2019\/10\/Transform-PNG.png\"   alt=\"PNG umwandeln\"   itemprop=\"image\"   height=\"201\"   width=\"200\"   title=\"PNG umwandeln\"   onerror=\"this.style.display='none'\"  \/>\n\t\t<h3><\/h3>\t\t\n\t\t\t<p>Flexible Arbeitsumwandlung<\/p>\n\t\t<h3>Arbeitsplatz<\/h3>\t\t\n\t\t\t\t<img decoding=\"async\"   src=\"https:\/\/mlgucbjxeu1m.i.optimole.com\/cb:B7VA.3e989\/w:200\/h:199\/q:mauto\/ig:avif\/f:best\/https:\/\/dev.flydesk.com\/wp-content\/uploads\/2019\/10\/comfort-workspace-PNG.png\"   alt=\"Komfort - Arbeitsbereich PNG\"   itemprop=\"image\"   height=\"199\"   width=\"200\"   title=\"Komfort - Arbeitsbereich PNG\"   onerror=\"this.style.display='none'\"  \/>\n\t\t<h3><\/h3>\t\t\n\t\t\t<p>Flexible B\u00fcrosuche &amp; Design<\/p>\n\t\t<h3>Technologie<\/h3>\t\t\n\t\t\t\t<img decoding=\"async\"   src=\"https:\/\/mlgucbjxeu1m.i.optimole.com\/cb:B7VA.3e989\/w:200\/h:200\/q:mauto\/ig:avif\/f:best\/https:\/\/dev.flydesk.com\/wp-content\/uploads\/2019\/10\/Networking-Management-PNG.png\"   alt=\"Netzwerk - Verwaltung PNG\"   itemprop=\"image\"   height=\"200\"   width=\"200\"   title=\"Netzwerk - Verwaltung PNG\"   onerror=\"this.style.display='none'\"  \/>\n\t\t<h3><\/h3>\t\t\n\t\t\t<p>Flexible B\u00fcro- und Teamverwaltung<\/p>\n\t\t\t\t<img decoding=\"async\"   src=\"https:\/\/mlgucbjxeu1m.i.optimole.com\/cb:B7VA.3e989\/w:auto\/h:auto\/q:mauto\/ig:avif\/f:best\/https:\/\/dev.flydesk.com\/wp-content\/uploads\/2022\/12\/FLYDESK-App-Home-Mobile-V1.png\"   alt=\"FLYDESK App Home Mobil V1\"   itemprop=\"image\"   title=\"FLYDESK App Home Mobil V1\"   onerror=\"this.style.display='none'\"  \/>\n<h2>\n\t\tErm\u00f6glichen Sie hybrides Arbeiten f\u00fcr Ihr Unternehmen\n\t<\/h2>\n\t<p>Expertise zum Aufbau eines flexiblen Arbeitsmodells<\/p>\n\t<p>FLYDESK unterst\u00fctzt Sie beim Aufbau der perfekten hybriden Arbeitskultur f\u00fcr Ihr Team mit einer effektiven flexiblen Arbeitsrichtlinie, Best Practices f\u00fcr hybride Arbeit und Technologie.<\/p>\n\t\t\t<a href=\"https:\/\/dev.flydesk.com\/de\/hybrid-work-diagnosis\/\"   target=\"_self\"   role=\"button\"   rel=\"noopener\">\n\t\t\t\t\t\t\tFordern Sie eine kostenlose Diagnose an\n\t\t\t\t\t<\/a>\n\t<p>Flexible B\u00fcror\u00e4ume, die auf Ihr Unternehmen zugeschnitten sind<\/p>\n\t<p>FLYDESK findet die besten flexiblen Arbeitspl\u00e4tze, von gemeinsamen B\u00fcror\u00e4umen, die von unseren Partnern betrieben werden, bis hin zur Gestaltung Ihrer individuellen B\u00fcror\u00e4ume f\u00fcr Ihr flexibles Team.<\/p>\n\t\t\t<a href=\"https:\/\/dev.flydesk.com\/de\/workspace\/\"   target=\"_self\"   role=\"button\"   rel=\"noopener\">\n\t\t\t\t\t\t\tFinden Sie flexible B\u00fcror\u00e4ume\n\t\t\t\t\t<\/a>\n\t<p>Erm\u00f6glichen Sie Ihrem Team, von \u00fcberall aus zu arbeiten<\/p>\n\t<p>FLYDESK erm\u00f6glicht es hybriden Teams, ihren Arbeitsplatzplan transparent zu verwalten und die Buchung Ihrer gemeinsamen B\u00fcror\u00e4ume zu erleichtern.<\/p>\n\t\t\t\t<img decoding=\"async\"   src=\"https:\/\/mlgucbjxeu1m.i.optimole.com\/cb:B7VA.3e989\/w:auto\/h:auto\/q:mauto\/ig:avif\/f:best\/https:\/\/dev.flydesk.com\/wp-content\/uploads\/2022\/12\/FLYDESK-App-More-V1.png\"   alt=\"FLYDESK-App Mehr V1\"   itemprop=\"image\"   title=\"FLYDESK-App Mehr V1\"   onerror=\"this.style.display='none'\"  \/>\n\t\t\t<a href=\"https:\/\/dev.flydesk.com\/de\/app\/\"   target=\"_self\"   role=\"button\" rel=\"noopener\">\n\t\t\t\t\t\t\tTesten Sie unsere hybride Arbeits-App\n\t\t\t\t\t<\/a>\n\t\t\t\t<img data-opt-src=\"https:\/\/mlgucbjxeu1m.i.optimole.com\/cb:B7VA.3e989\/w:1024\/h:683\/q:mauto\/ig:avif\/f:best\/https:\/\/dev.flydesk.com\/wp-content\/uploads\/2019\/10\/brooke-cagle-g1Kr4Ozfoac-unsplash.jpg\"   decoding=\"async\"   src=\"https:\/\/mlgucbjxeu1m.i.optimole.com\/cb:B7VA.3e989\/w:1024\/h:683\/q:eco\/ig:avif\/f:best\/https:\/\/dev.flydesk.com\/wp-content\/uploads\/2019\/10\/brooke-cagle-g1Kr4Ozfoac-unsplash.jpg\"   alt=\"brooke-cagle-g1Kr4Ozfoac-unsplash\"   itemprop=\"image\"   height=\"683\"   width=\"1024\"   title=\"brooke-cagle-g1Kr4Ozfoac-unsplash\"   onerror=\"this.style.display='none'\"  \/>\n<h2>\n\t\tHybride Arbeitsvorteile f\u00fcr Ihr Unternehmen\n\t<\/h2>\n\t<p>B\u00fcrofl\u00e4chen &amp; Kosteneinsparungen<\/p>\n\t<p>Reduzierte Kosten in Bezug auf B\u00fcroraummiete, Ausr\u00fcstung, Einstellungskosten, Reisekosten und Optimierung Ihres Mitarbeitergehalts.<\/p>\n\t<p>Mitarbeiterzufriedenheit und Leistung<\/p>\n\t<p>Weniger Zeit beim Transport und die Freiheit, von \u00fcberall aus zu arbeiten, f\u00fchren zu Loyalit\u00e4t, Leistung, Zufriedenheit und besserer Gesundheit der Mitarbeiter durch ein geringeres Stressniveau.<\/p>\n\t<p>Bessere CO2-Bilanz<\/p>\n\t<p>Kleinere B\u00fcros erm\u00f6glichen Energieeinsparungen (Licht, Klimaanlage, Heizung\u2026) und weniger Pendeln w\u00e4hrend der Hauptverkehrszeiten reduziert insbesondere die CO2-Belastung erheblich.<\/p>\n\t\t\t<a href=\"\"   target=\"_self\"   role=\"button\"   rel=\"noopener\">\n\t\t\t\t\t\t\tTeilen Sie Ihr Projekt\n\t\t\t\t\t<\/a>\n                <h5>Gesch\u00e4ftsanfrage<\/h5>\n                <button type=\"button\"   data-dismiss=\"modal\" aria-label=\"Close\">\n                    \u00d7\n                <\/button>\n<form enctype=\"multipart\/form-data\"   method=\"post\"   id=\"form_makeyourbusinessflexible\"  action=\"\">\n<fieldset>\n<legend>Anfrage f\u00fcr Gesch\u00e4ftsl\u00f6sungen<\/legend>\n<input type=\"hidden\"   name=\"frm_action\"   value=\"create\" \/>\n<input type=\"hidden\"   name=\"form_id\"   value=\"24\" \/>\n<input type=\"hidden\"   name=\"frm_hide_fields_24\"   id=\"frm_hide_fields_24\" value=\"\" \/>\n<input type=\"hidden\"   name=\"form_key\"   value=\"makeyourbusinessflexible\" \/>\n<input type=\"hidden\"   name=\"item_meta[0]\" value=\"\" \/>\n<input type=\"hidden\"   id=\"frm_submit_entry_24\"   name=\"frm_submit_entry_24\" value=\"64783d57cc\" \/><input type=\"hidden\"   name=\"_wp_http_referer\"   value=\"\/?page_id=1596&amp;fl_builder\" \/>\n    <label for=\"field_6hlvbb1da2d1657c651f0076ef0edf2d076f351b55388\"   id=\"field_6hlvbb1da2d1657c651f0076ef0edf2d076f351b55388_label\">Gesch\u00e4ftliche E-Mail *\n    <\/label>\n    <input type=\"email\"   id=\"field_6hlvbb1da2d1657c651f0076ef0edf2d076f351b55388\"   name=\"item_meta[379]\"   value=\"\"    data-reqmsg=\"This field cannot be blank.\"   aria-required=\"true\"   data-invmsg=\"Email is invalid\"   aria-invalid=\"false\"  \/>\n    <label for=\"field_utllq3fdaf87b3e91cc394c60f5c5ff4b41845144c19a\"   id=\"field_utllq3fdaf87b3e91cc394c60f5c5ff4b41845144c19a_label\">Vorname *\n    <\/label>\n    <input type=\"text\"   id=\"field_utllq3fdaf87b3e91cc394c60f5c5ff4b41845144c19a\"   name=\"item_meta[380]\"   value=\"\"    data-reqmsg=\"This field cannot be blank.\"   aria-required=\"true\"   data-invmsg=\"Text is invalid\"   aria-invalid=\"false\"  \/>\n    <label for=\"field_d4kjwb3d7675f1ea9f169e4cda5295ec6961b10cc92ac\"   id=\"field_d4kjwb3d7675f1ea9f169e4cda5295ec6961b10cc92ac_label\">Nachname *\n    <\/label>\n    <input type=\"text\"   id=\"field_d4kjwb3d7675f1ea9f169e4cda5295ec6961b10cc92ac\"   name=\"item_meta[381]\"   value=\"\"    data-reqmsg=\"This field cannot be blank.\"   aria-required=\"true\"   data-invmsg=\"Text is invalid\"   aria-invalid=\"false\"  \/>\n    <label for=\"field_gm0a71afd94e18a7bb5d7dcd8a32998bab1237ca18709\"   id=\"field_gm0a71afd94e18a7bb5d7dcd8a32998bab1237ca18709_label\">Name der Firma *\n    <\/label>\n    <input type=\"text\"   id=\"field_gm0a71afd94e18a7bb5d7dcd8a32998bab1237ca18709\"   name=\"item_meta[382]\"   value=\"\"    data-reqmsg=\"This field cannot be blank.\"   aria-required=\"true\"   data-invmsg=\"Text is invalid\"   aria-invalid=\"false\"  \/>\n    <label for=\"field_sosg0\"   id=\"field_sosg0_label\">Teamgr\u00f6\u00dfe *\n    <\/label>\n    <input type=\"number\"   id=\"field_sosg0\"   name=\"item_meta[393]\"   value=\"\"    data-reqmsg=\"This field cannot be blank.\"   aria-required=\"true\"   data-invmsg=\"Number is invalid\"   aria-invalid=\"false\"     min=\"0\"   max=\"9999999\" step=\"any\"\/>\n    Wonach suchst du *\n    \t\t<label for=\"field_3ms5f557b13564b-3\"><input type=\"checkbox\"   name=\"item_meta[384][]\"   id=\"field_3ms5f557b13564b-3\"   value=\"Hybrid work app\"    data-reqmsg=\"This field cannot be blank.\"   data-invmsg=\"What are you looking for is invalid\"  aria-invalid=\"false\"   \/> Hybride Arbeits-App<\/label>\n\t\t<label for=\"field_3ms5f557b13564b-1\"><input type=\"checkbox\"   name=\"item_meta[384][]\"   id=\"field_3ms5f557b13564b-1\"   value=\"Office search\"    data-reqmsg=\"This field cannot be blank.\"   data-invmsg=\"What are you looking for is invalid\"   aria-invalid=\"false\"   \/> B\u00fcrosuche<\/label>\n\t\t<label for=\"field_3ms5f557b13564b-0\"><input type=\"checkbox\"   name=\"item_meta[384][]\"   id=\"field_3ms5f557b13564b-0\"   value=\"Consulting service\"    data-reqmsg=\"This field cannot be blank.\"   data-invmsg=\"What are you looking for is invalid\"   aria-invalid=\"false\"   \/> Beratungsservice<\/label>\n\t\t<label for=\"field_3ms5f557b13564b-other_5\"><input type=\"checkbox\"   name=\"item_meta[384][other_5]\"   id=\"field_3ms5f557b13564b-other_5\"   value=\"Other\"    data-reqmsg=\"This field cannot be blank.\"   data-invmsg=\"What are you looking for is invalid\"   aria-invalid=\"false\"   \/> Andere<\/label><label for=\"field_3ms5f557b13564b-other_5-otext\" >Andere<\/label><input type=\"text\"   id=\"field_3ms5f557b13564b-other_5-otext\"    name=\"item_meta[other][384][other_5]\"   value=\"\" \/>\n    <label for=\"field_98v8d1575218a43ce6ecc0e4b339b8e746eec725471c\"   id=\"field_98v8d1575218a43ce6ecc0e4b339b8e746eec725471c_label\">Ihre Nachricht\n    <\/label>\n    <textarea name=\"item_meta[387]\"   id=\"field_98v8d1575218a43ce6ecc0e4b339b8e746eec725471c\"   rows=\"5\"    data-invmsg=\"Your message is invalid\"   aria-invalid=\"false\"     aria-describedby=\"frm_desc_field_98v8d1575218a43ce6ecc0e4b339b8e746eec725471c\"><\/textarea>\n    Sagen Sie uns, wie wir Ihnen helfen k\u00f6nnen\n<input type=\"hidden\"   name=\"item_meta[388]\"   id=\"field_mfrojca5b92cd1e6966cf473fe6c6540a4953a6aa54e8\"   value=\"Prospect\"    data-frmval=\"Prospect\"  data-invmsg=\"Hidden FLYDESK Contact Type is invalid\"   \/>\n<input type=\"hidden\"   name=\"item_meta[389]\"   id=\"field_hakknac637572c45cfb55a081df10e3e24bc5d47665a2\"   value=\"Team\"    data-frmval=\"Team\"  data-invmsg=\"Hidden FLYDESK Interest is invalid\"   \/>\n<input type=\"hidden\"   name=\"item_meta[390]\"   id=\"field_k7h1j1b59578da2\"   value=\"Prospect - Consideration\"    data-frmval=\"Prospect - Consideration\" data-invmsg=\"Hidden FLYDESK Lifecycle is invalid\"   \/>\n    <label for=\"g-recaptcha-response\" id=\"field_gcpq9c7d46a689c45b3abe088d5d529e1c6f36242846b_label\">reCaptcha\n    <\/label>\n\t<input type=\"hidden\"   name=\"item_key\"   value=\"\" \/>\n\t\t\t\t<label for=\"frm_email_24\">\n\t\t\t\t\tWenn Sie ein Mensch sind, lassen Sie dieses Feld leer.\t\t\t\t<\/label>\n\t\t\t\t<input type=\"text\"   id=\"frm_email_24\"   name=\"frm_verify\"   value=\"\"  \/>\n<button type=\"submit\"    formnovalidate=\"formnovalidate\">einreichen<\/button>\n<\/fieldset>\n<input type=\"hidden\"  name=\"trp-form-language\"  value=\"de\"\/><\/form>","protected":false},"excerpt":{"rendered":"<p>Hybride B\u00fcrol\u00f6sungen f\u00fcr Unternehmen Wir helfen Unternehmen, die besten Arbeitspl\u00e4tze und Tools f\u00fcr die Verwaltung ihrer gemeinsamen B\u00fcros und Remote-Teams zu finden. Wir verbessern ihr hybrides B\u00fcromodell, um Einsparungen und Leistung zu maximieren. Legen Sie los Vertrauen Sie Ihrem Team, um von \u00fcberall aus zu arbeiten Wir machen Ihr Unternehmen flexibel FLYDESK entwirft flexible Arbeitsl\u00f6sungen f\u00fcr mehr Kontrolle\u2026<\/p>","protected":false},"author":1,"featured_media":1,"parent":0,"menu_order":0,"comment_status":"closed","ping_status":"closed","template":"","meta":{"footnotes":""},"class_list":["post-1596","page","type-page","status-publish","has-post-thumbnail","hentry"],"acf":[],"yoast_head":"<!-- This site is optimized with the Yoast SEO plugin v16.8 - https:\/\/yoast.com\/wordpress\/plugins\/seo\/ -->\n<title>Hybrid work solutions for business &mdash; FLYDESK<\/title>\n<meta name=\"robots\"  content=\"index, follow, max-snippet:-1, max-image-preview:large, max-video-preview:-1\" \/>\n<link rel=\"canonical\"  href=\"https:\/\/dev.flydesk.com\/de\/business-solutions\/\" \/>\n<meta property=\"og:locale\"  content=\"de_DE\" \/>\n<meta property=\"og:type\"  content=\"article\" \/>\n<meta property=\"og:title\"  content=\"Hybrid work solutions for business &mdash; FLYDESK\" \/>\n<meta property=\"og:description\"  content=\"Hybrid office solutions for business We help companies find the best workspaces and tools to manage their shared office &amp; remote teams. We improve their hybrid office model to maximize savings &amp; performance. Get started Trust your team to work from anywhere We make your business flexible FLYDESK designs flexible work solutions giving greater control&hellip;\" \/>\n<meta property=\"og:url\"  content=\"https:\/\/dev.flydesk.com\/de\/business-solutions\/\" \/>\n<meta property=\"og:site_name\" content=\"FLYDESK\" \/>\n<meta property=\"article:modified_time\"  content=\"2025-03-21T02:41:05+00:00\" \/>\n<meta name=\"twitter:card\"  content=\"summary_large_image\" \/>\n<meta name=\"twitter:label1\"  content=\"Gesch\u00e4tzte Lesezeit\" \/>\n\t<meta name=\"twitter:data1\" content=\"2\u00a0Minuten\" \/>\n<!-- \/ Yoast SEO plugin. -->","yoast_head_json":{"title":"Hybrid work solutions for business &mdash; FLYDESK","robots":{"index":"index","follow":"follow","max-snippet":"max-snippet:-1","max-image-preview":"max-image-preview:large","max-video-preview":"max-video-preview:-1"},"canonical":"https:\/\/dev.flydesk.com\/de\/business-solutions\/","og_locale":"de_DE","og_type":"article","og_title":"Hybrid work solutions for business &mdash; FLYDESK","og_description":"Hybrid office solutions for business We help companies find the best workspaces and tools to manage their shared office &amp; remote teams. We improve their hybrid office model to maximize savings &amp; performance. Get started Trust your team to work from anywhere We make your business flexible FLYDESK designs flexible work solutions giving greater control&hellip;","og_url":"https:\/\/dev.flydesk.com\/de\/business-solutions\/","og_site_name":"FLYDESK","article_modified_time":"2025-03-21T02:41:05+00:00","twitter_card":"summary_large_image","twitter_misc":{"Gesch\u00e4tzte Lesezeit":"2\u00a0Minuten"},"schema":{"@context":"https:\/\/schema.org","@graph":[{"@type":"Organization","@id":"https:\/\/dev.flydesk.com\/#organization","name":"FLYDESK","url":"https:\/\/dev.flydesk.com\/","sameAs":[],"logo":{"@type":"ImageObject","@id":"https:\/\/dev.flydesk.com\/#logo","inLanguage":"de","url":"","contentUrl":"","caption":"FLYDESK"},"image":{"@id":"https:\/\/dev.flydesk.com\/#logo"}},{"@type":"WebSite","@id":"https:\/\/dev.flydesk.com\/#website","url":"https:\/\/dev.flydesk.com\/","name":"FLYDESK","description":"Fly your work with style","publisher":{"@id":"https:\/\/dev.flydesk.com\/#organization"},"potentialAction":[{"@type":"SearchAction","target":{"@type":"EntryPoint","urlTemplate":"https:\/\/dev.flydesk.com\/?s={search_term_string}"},"query-input":"required name=search_term_string"}],"inLanguage":"de"},{"@type":"ImageObject","@id":"https:\/\/dev.flydesk.com\/business-solutions\/#primaryimage","inLanguage":"de","url":"","contentUrl":""},{"@type":"WebPage","@id":"https:\/\/dev.flydesk.com\/business-solutions\/#webpage","url":"https:\/\/dev.flydesk.com\/business-solutions\/","name":"Hybrid work solutions for business &mdash; FLYDESK","isPartOf":{"@id":"https:\/\/dev.flydesk.com\/#website"},"primaryImageOfPage":{"@id":"https:\/\/dev.flydesk.com\/business-solutions\/#primaryimage"},"datePublished":"2019-10-24T14:38:37+00:00","dateModified":"2025-03-21T02:41:05+00:00","breadcrumb":{"@id":"https:\/\/dev.flydesk.com\/business-solutions\/#breadcrumb"},"inLanguage":"de","potentialAction":[{"@type":"ReadAction","target":["https:\/\/dev.flydesk.com\/business-solutions\/"]}]},{"@type":"BreadcrumbList","@id":"https:\/\/dev.flydesk.com\/business-solutions\/#breadcrumb","itemListElement":[{"@type":"ListItem","position":1,"name":"Home","item":"https:\/\/dev.flydesk.com\/"},{"@type":"ListItem","position":2,"name":"Hybrid work solutions for business"}]}]}},"_links":{"self":[{"href":"https:\/\/dev.flydesk.com\/de\/wp-json\/wp\/v2\/pages\/1596","targetHints":{"allow":["GET"]}}],"collection":[{"href":"https:\/\/dev.flydesk.com\/de\/wp-json\/wp\/v2\/pages"}],"about":[{"href":"https:\/\/dev.flydesk.com\/de\/wp-json\/wp\/v2\/types\/page"}],"author":[{"embeddable":true,"href":"https:\/\/dev.flydesk.com\/de\/wp-json\/wp\/v2\/users\/1"}],"replies":[{"embeddable":true,"href":"https:\/\/dev.flydesk.com\/de\/wp-json\/wp\/v2\/comments?post=1596"}],"version-history":[{"count":1,"href":"https:\/\/dev.flydesk.com\/de\/wp-json\/wp\/v2\/pages\/1596\/revisions"}],"predecessor-version":[{"id":95433,"href":"https:\/\/dev.flydesk.com\/de\/wp-json\/wp\/v2\/pages\/1596\/revisions\/95433"}],"wp:featuredmedia":[{"embeddable":true,"href":"https:\/\/dev.flydesk.com\/de\/wp-json\/wp\/v2\/posts\/1"}],"wp:attachment":[{"href":"https:\/\/dev.flydesk.com\/de\/wp-json\/wp\/v2\/media?parent=1596"}],"curies":[{"name":"wp","href":"https:\/\/api.w.org\/{rel}","templated":true}]}}