{"id":23932,"date":"2020-10-28T22:03:44","date_gmt":"2020-10-28T14:03:44","guid":{"rendered":"https:\/\/dev.flydesk.com\/?page_id=23932"},"modified":"2021-06-02T09:58:44","modified_gmt":"2021-06-02T01:58:44","slug":"design-shared-office","status":"publish","type":"page","link":"https:\/\/dev.flydesk.com\/de\/design-shared-office\/","title":{"rendered":"Entwerfen Sie ein flexibles und gemeinsam genutztes B\u00fcro"},"content":{"rendered":"<h1>\n\t\tGestalten Sie Ihren flexiblen und gemeinsamen B\u00fcroraum\n\t<\/h1>\n\t<p>Wir helfen Ihnen, Ihre flexiblen und geteilten B\u00fcrofl\u00e4chen f\u00fcr Ihre zuk\u00fcnftigen Mieter oder Ihr eigenes Team zu finden, zu gestalten und auszustatten.<\/p>\n\t\t\t<a href=\"#start\"   target=\"_self\"   role=\"button\"   rel=\"noopener noreferrer\">\n\t\t\t\t\t\t\tStarten Sie Ihr Projekt\n\t\t\t\t\t<\/a>\n\t<p>Schaffen Sie einen B\u00fcroraum, der an den modernen Arbeitsstil angepasst ist<\/p>\n\t\t<h2>Wir verwandeln Ihre B\u00fcror\u00e4ume in einen flexiblen Arbeitsplatz<\/h2>\t\t\n\t\t\t<p>FLYDESK unterst\u00fctzt die gesamte B\u00fcrotransformation f\u00fcr Unternehmen, die daran interessiert sind, mehr Flexibilit\u00e4t und Modernit\u00e4t in ihren Arbeitsbereich zu bringen, indem sie eine inspirierende Arbeitsumgebung schaffen.<\/p>\n\t\t<h3>Suche<\/h3>\t\t\n\t\t\t\t<img decoding=\"async\"   src=\"https:\/\/mlgucbjxeu1m.i.optimole.com\/cb:B7VA.3e989\/w:200\/h:201\/q:mauto\/ig:avif\/f:best\/https:\/\/dev.flydesk.com\/wp-content\/uploads\/2019\/10\/Transform-PNG.png\"   alt=\"PNG umwandeln\"   itemprop=\"image\"   height=\"201\"   width=\"200\"   title=\"PNG umwandeln\"   onerror=\"this.style.display='none'\"  \/>\n\t\t<h3><\/h3>\t\t\n\t\t\t<p>Wir finden den perfekten Raum, um Ihre flexiblen B\u00fcror\u00e4ume zu schaffen<\/p>\n\t\t<h3>Design<\/h3>\t\t\n\t\t\t\t<img decoding=\"async\"   src=\"https:\/\/mlgucbjxeu1m.i.optimole.com\/cb:B7VA.3e989\/w:200\/h:199\/q:mauto\/ig:avif\/f:best\/https:\/\/dev.flydesk.com\/wp-content\/uploads\/2019\/10\/comfort-workspace-PNG.png\"   alt=\"Komfort - Arbeitsbereich PNG\"   itemprop=\"image\"   height=\"199\"   width=\"200\"   title=\"Komfort - Arbeitsbereich PNG\"   onerror=\"this.style.display='none'\"  \/>\n\t\t<h3><\/h3>\t\t\n\t\t\t<p>Wir konzipieren, gestalten und statten Ihre flexiblen B\u00fcror\u00e4ume aus<\/p>\n\t\t<h3>Technik<\/h3>\t\t\n\t\t\t\t<img decoding=\"async\"   src=\"https:\/\/mlgucbjxeu1m.i.optimole.com\/cb:B7VA.3e989\/w:200\/h:200\/q:mauto\/ig:avif\/f:best\/https:\/\/dev.flydesk.com\/wp-content\/uploads\/2019\/10\/Networking-Management-PNG.png\"   alt=\"Netzwerk - Verwaltung PNG\"   itemprop=\"image\"   height=\"200\"   width=\"200\"   title=\"Netzwerk - Verwaltung PNG\"   onerror=\"this.style.display='none'\"  \/>\n\t\t<h3><\/h3>\t\t\n\t\t\t<p>Wir richten die Technologie ein, um Ihre gemeinsamen B\u00fcror\u00e4ume zu verwalten<\/p>\n<h2>\n\t\tFinden Sie den perfekten Raum f\u00fcr den Bau Ihres flexiblen B\u00fcros\n\t<\/h2>\n<h3>\n\t\tErkunden Sie das FLYDESK Workspace-Netzwerk\n\t<\/h3>\n\t\t\t\t<img data-opt-src=\"https:\/\/mlgucbjxeu1m.i.optimole.com\/cb:B7VA.3e989\/w:auto\/h:auto\/q:mauto\/ig:avif\/f:best\/https:\/\/dev.flydesk.com\/wp-content\/uploads\/2020\/10\/Flydesk-Workspace.png\"   decoding=\"async\"   src=\"https:\/\/mlgucbjxeu1m.i.optimole.com\/cb:B7VA.3e989\/w:auto\/h:auto\/q:eco\/ig:avif\/f:best\/https:\/\/dev.flydesk.com\/wp-content\/uploads\/2020\/10\/Flydesk-Workspace.png\"   alt=\"Flydesk-Arbeitsbereich\"   itemprop=\"image\"   height=\"763\"   width=\"1292\"   title=\"Flydesk-Arbeitsbereich\"   onerror=\"this.style.display='none'\"  \/>\n\t\t<h3><\/h3>\t\t\n\t\t\t<p>Wir haben eine AirBnB-\u00e4hnliche Anwendung entwickelt, um einen perfekten Arbeitsplatz zu finden, der von unseren Partnerbetreibern verwaltet wird. Mit FLYDESK erhalten wir Zugriff auf ein globales Netzwerk von betreuten B\u00fcros, Schreibtischen oder Besprechungsr\u00e4umen, die auf Abruf verf\u00fcgbar sind.<\/p>\n\t\t\t<a href=\"https:\/\/dev.flydesk.com\/de\/workspace\/\"   target=\"_self\"   role=\"button\"   rel=\"noopener noreferrer\">\n\t\t\t\t\t\t\tSuchen Sie sich einen Arbeitsplatz\n\t\t\t\t\t<\/a>\n\t\t<h3><\/h3>\t\t\n\t\t\t<p>Oder<\/p>\n<h3>\n\t\tFinden Sie einen neuen Raum, um Ihr B\u00fcro individuell zu gestalten\n\t<\/h3>\n\t\t\t\t<img data-opt-src=\"https:\/\/mlgucbjxeu1m.i.optimole.com\/cb:B7VA.3e989\/w:1024\/h:706\/q:mauto\/ig:avif\/f:best\/https:\/\/dev.flydesk.com\/wp-content\/uploads\/2020\/10\/Office-search-design.png\"   decoding=\"async\"   src=\"https:\/\/mlgucbjxeu1m.i.optimole.com\/cb:B7VA.3e989\/w:1024\/h:706\/q:eco\/ig:avif\/f:best\/https:\/\/dev.flydesk.com\/wp-content\/uploads\/2020\/10\/Office-search-design.png\"   alt=\"B\u00fcrosuche &amp; Design\"   itemprop=\"image\"   height=\"706\"   width=\"1024\"   title=\"B\u00fcrosuche &amp; Design\"   onerror=\"this.style.display='none'\"  \/>\n\t\t<h3><\/h3>\t\t\n\t\t\t<p>Unsere Experten, von Immobilienmaklern bis hin zu Designern, finden die besten auf dem Markt verf\u00fcgbaren R\u00e4umlichkeiten, die Ihrem Budget und Ihren Anforderungen entsprechen. Unser Team ist daf\u00fcr bekannt, dass es zu den besten Coworking Spaces der Welt geh\u00f6rt.<\/p>\n\t\t\t<a href=\"#start\"   target=\"_self\"   role=\"button\"   rel=\"noopener noreferrer\">\n\t\t\t\t\t\t\tSuchen Sie nach einem neuen Raum\n\t\t\t\t\t<\/a>\n<h2>\n\t\tUnsere Designexperten unterst\u00fctzen Ihre gesamte B\u00fcrotransformation\n\t<\/h2>\n\t\t\t\t<img data-opt-src=\"https:\/\/mlgucbjxeu1m.i.optimole.com\/cb:B7VA.3e989\/w:auto\/h:auto\/q:mauto\/ig:avif\/f:best\/https:\/\/dev.flydesk.com\/wp-content\/uploads\/2020\/10\/From-design-to-delivery.png\"   decoding=\"async\"   src=\"https:\/\/mlgucbjxeu1m.i.optimole.com\/cb:B7VA.3e989\/w:auto\/h:auto\/q:eco\/ig:avif\/f:best\/https:\/\/dev.flydesk.com\/wp-content\/uploads\/2020\/10\/From-design-to-delivery.png\"   alt=\"Vom Entwurf bis zur Lieferung\"   itemprop=\"image\"   height=\"619\"   width=\"3432\"   title=\"Vom Entwurf bis zur Lieferung\"   onerror=\"this.style.display='none'\"  \/>\n\t\t<h3>1 Starten<\/h3>\t\t\n\t\t\t<ul>\n<li>Kundenbriefing<\/li>\n<li>Engagement der Berater<\/li>\n<li>Site-Umfrage &amp; Audit<\/li>\n<li>Planung &amp; Programmierung<\/li>\n<\/ul>\n\t\t<h3>2 Gestaltung<\/h3>\t\t\n\t\t\t<ul>\n<li>Endg\u00fcltige Raumaufteilung<\/li>\n<li>Schema der Innenarchitektur<\/li>\n<li>Dienstleistungsdesign<\/li>\n<li>Kostensch\u00e4tzung<\/li>\n<\/ul>\n\t\t<h3>3 Vertrag<\/h3>\t\t\n\t\t\t<ul>\n<li>Vertragsformalisierung<\/li>\n<li>\u00dcberwachung &amp; Qualit\u00e4tskontrolle<\/li>\n<li>Inspektion &amp; Nachbesserung<\/li>\n<li>Standort\u00fcbergabe<\/li>\n<\/ul>\n\t\t<h3>4 Schlie\u00dfung<\/h3>\t\t\n\t\t\t<ul>\n<li>Endg\u00fcltige Vertragszahlung<\/li>\n<li>Projektbewertung<\/li>\n<li>Kundenfeedback<\/li>\n<li>Erfolgsgeschichte des Kunden<\/li>\n<\/ul>\n\t\t\t<a href=\"#start\"   target=\"_self\"   role=\"button\"   rel=\"noopener noreferrer\">\n\t\t\t\t\t\t\tTeilen Sie Ihre Designanforderungen mit \n\t\t\t\t\t<\/a>\n\t\t\t\t<img data-opt-src=\"https:\/\/mlgucbjxeu1m.i.optimole.com\/cb:B7VA.3e989\/w:892\/h:1080\/q:mauto\/ig:avif\/f:best\/https:\/\/dev.flydesk.com\/wp-content\/uploads\/2021\/06\/FLYDESK-App-Overview-3-black.png\"   decoding=\"async\"   src=\"https:\/\/mlgucbjxeu1m.i.optimole.com\/cb:B7VA.3e989\/w:892\/h:1080\/q:eco\/ig:avif\/f:best\/https:\/\/dev.flydesk.com\/wp-content\/uploads\/2021\/06\/FLYDESK-App-Overview-3-black.png\"   alt=\"FLYDESK App - \u00dcbersicht 3 schwarz\"   itemprop=\"image\"   height=\"2048\"   width=\"1692\"   title=\"FLYDESK App - \u00dcbersicht 3 schwarz\"   onerror=\"this.style.display='none'\"  \/>\n<h2>\n\t\tVerwalten Sie Ihre B\u00fcror\u00e4ume mit der FLYDESK App\n\t<\/h2>\n\t<p>Eine Buchungsl\u00f6sung f\u00fcr Ihr gemeinsames B\u00fcro<\/p>\n\t<p>Ein gemeinsamer B\u00fcroraum bedeutet, dass nicht jeder jederzeit Zugang zu einem Schreibtisch hat. Die FLYDESK-App stellt sicher, dass Ihr Team bei Bedarf immer auf einen Schreibtisch zugreifen kann.<\/p>\n\t<p>Team-Check-in f\u00fcr mehr Sichtbarkeit<\/p>\n\t<p>Neben der Optimierung Ihrer B\u00fcror\u00e4ume erm\u00f6glicht unsere Check-in-Funktion Ihren Teammitgliedern, ihre Arbeitszeiten zu \u00fcberwachen, wo immer sie arbeiten.<\/p>\n\t<p>Eine Erweiterung Ihres B\u00fcros in unserem Netzwerk<\/p>\n\t<p>Wenn Sie die volle Kapazit\u00e4t Ihrer B\u00fcrofl\u00e4che erreicht haben oder einen einmaligen Zugang zu einem Schreibtisch oder Besprechungsraum irgendwo auf der Welt ben\u00f6tigen, buchen Sie einfach einen Platz \u00fcber unsere App.<\/p>\n\t\t\t\t<img data-opt-src=\"https:\/\/mlgucbjxeu1m.i.optimole.com\/cb:B7VA.3e989\/w:auto\/h:auto\/q:mauto\/ig:avif\/f:best\/https:\/\/dev.flydesk.com\/wp-content\/uploads\/2021\/06\/FLYDESK-App-Overview-4.png\"   decoding=\"async\"   src=\"https:\/\/mlgucbjxeu1m.i.optimole.com\/cb:B7VA.3e989\/w:auto\/h:auto\/q:eco\/ig:avif\/f:best\/https:\/\/dev.flydesk.com\/wp-content\/uploads\/2021\/06\/FLYDESK-App-Overview-4.png\"   alt=\"FLYDESK-App - \u00dcbersicht 4\"   itemprop=\"image\"   height=\"2212\"   width=\"2958\"   title=\"FLYDESK-App - \u00dcbersicht 4\"   onerror=\"this.style.display='none'\"  \/>\n\t\t\t<a href=\"#start\"   target=\"_self\"   role=\"button\"   rel=\"noopener noreferrer\">\n\t\t\t\t\t\t\tFordern Sie eine Demo an\n\t\t\t\t\t<\/a>\n<h2>\n\t\tEine vollst\u00e4ndige Palette von Dienstleistungen, die von den FLYDESK-Experten bereitgestellt werden\n\t<\/h2>\n\t\t\t\t<img data-opt-src=\"https:\/\/mlgucbjxeu1m.i.optimole.com\/cb:B7VA.3e989\/w:auto\/h:auto\/q:mauto\/ig:avif\/f:best\/https:\/\/dev.flydesk.com\/wp-content\/uploads\/2020\/10\/FLYDESK-Experts.png\"   decoding=\"async\"   src=\"https:\/\/mlgucbjxeu1m.i.optimole.com\/cb:B7VA.3e989\/w:auto\/h:auto\/q:eco\/ig:avif\/f:best\/https:\/\/dev.flydesk.com\/wp-content\/uploads\/2020\/10\/FLYDESK-Experts.png\"   alt=\"FLYDESK-Experten\"   itemprop=\"image\"   height=\"544\"   width=\"1372\"   title=\"FLYDESK-Experten\"   onerror=\"this.style.display='none'\"  \/>\n\t\t<h3>Beratung<\/h3>\t\t\n\t\t\t<p>Planen Sie Ihre flexible Arbeitstransformation<\/p>\n\t\t<h3>B\u00fcro<\/h3>\t\t\n\t\t\t<p>Finden Sie den besten flexiblen Arbeitsplatz f\u00fcr Ihr Team<\/p>\n\t\t<h3>Technologie<\/h3>\t\t\n\t\t\t<p>Implementieren Sie die Technologie, um Ihren flexiblen Raum und Ihr Team zu betreiben<\/p>\n\t\t\t<a href=\"#start\"   target=\"_self\"   role=\"button\"   rel=\"noopener noreferrer\">\n\t\t\t\t\t\t\tErz\u00e4hlen Sie uns von Ihrem Projekt\n\t\t\t\t\t<\/a>\n\tZu verwaltende Check-in-Tags<br \/>\nShared Office &amp; Remote-Teams\n<h2>\n\t\tTeilen Sie uns Ihre gesch\u00e4ftlichen Anforderungen mit\n\t<\/h2>","protected":false},"excerpt":{"rendered":"<p>Gestalten Sie Ihre flexiblen und geteilten B\u00fcrofl\u00e4chen Wir helfen Ihnen, Ihre flexiblen und geteilten B\u00fcrofl\u00e4chen f\u00fcr Ihre zuk\u00fcnftigen Mieter oder Ihr eigenes Team zu finden, zu gestalten und auszustatten. Starten Sie Ihr Projekt Erstellen Sie einen B\u00fcroraum, der an den modernen Arbeitsstil angepasst ist Wir verwandeln Ihren B\u00fcroraum in einen flexiblen Arbeitsplatz FLYDESK unterst\u00fctzt den gesamten B\u00fcrobereich\u2026<\/p>","protected":false},"author":4,"featured_media":23935,"parent":0,"menu_order":0,"comment_status":"closed","ping_status":"closed","template":"","meta":{"footnotes":""},"class_list":["post-23932","page","type-page","status-publish","has-post-thumbnail","hentry"],"acf":[],"yoast_head":"<!-- This site is optimized with the Yoast SEO plugin v16.8 - https:\/\/yoast.com\/wordpress\/plugins\/seo\/ -->\n<title>Design a flexible and shared office &mdash; FLYDESK<\/title>\n<meta name=\"description\"  content=\"Design a flexbile &amp; shared workspace for your team or tenants. FLYDESK supports the search, design and technology setup of your workspace.\"  \/>\n<meta name=\"robots\"  content=\"index, follow, max-snippet:-1, max-image-preview:large, max-video-preview:-1\" \/>\n<link rel=\"canonical\"  href=\"https:\/\/dev.flydesk.com\/de\/design-shared-office\/\" \/>\n<meta property=\"og:locale\"  content=\"de_DE\" \/>\n<meta property=\"og:type\"  content=\"article\" \/>\n<meta property=\"og:title\"  content=\"Design a flexible and shared office &mdash; FLYDESK\" \/>\n<meta property=\"og:description\"  content=\"Design a flexbile &amp; shared workspace for your team or tenants. FLYDESK supports the search, design and technology setup of your workspace.\" \/>\n<meta property=\"og:url\"  content=\"https:\/\/dev.flydesk.com\/de\/design-shared-office\/\" \/>\n<meta property=\"og:site_name\" content=\"FLYDESK\" \/>\n<meta property=\"article:modified_time\"  content=\"2021-06-02T01:58:44+00:00\" \/>\n<meta property=\"og:image\"  content=\"https:\/\/mlgucbjxeu1m.i.optimole.com\/cb:B7VA.3e989\/w:auto\/h:auto\/q:mauto\/ig:avif\/f:best\/https:\/\/dev.flydesk.com\/wp-content\/uploads\/2020\/10\/daniel-mccullough-HtBlQdxfG9k-unsplash-scaled.jpg\" \/>\n\t<meta property=\"og:image:width\" content=\"2560\" \/>\n\t<meta property=\"og:image:height\" content=\"1440\" \/>\n<meta name=\"twitter:card\" content=\"summary_large_image\" \/>\n<meta name=\"twitter:label1\" content=\"Gesch\u00e4tzte Lesezeit\" \/>\n\t<meta name=\"twitter:data1\" content=\"2\u00a0Minuten\" \/>\n<!-- \/ Yoast SEO plugin. -->","yoast_head_json":{"title":"Design a flexible and shared office &mdash; FLYDESK","description":"Design a flexbile & shared workspace for your team or tenants. FLYDESK supports the search, design and technology setup of your workspace.","robots":{"index":"index","follow":"follow","max-snippet":"max-snippet:-1","max-image-preview":"max-image-preview:large","max-video-preview":"max-video-preview:-1"},"canonical":"https:\/\/dev.flydesk.com\/de\/design-shared-office\/","og_locale":"de_DE","og_type":"article","og_title":"Design a flexible and shared office &mdash; FLYDESK","og_description":"Design a flexbile & shared workspace for your team or tenants. FLYDESK supports the search, design and technology setup of your workspace.","og_url":"https:\/\/dev.flydesk.com\/de\/design-shared-office\/","og_site_name":"FLYDESK","article_modified_time":"2021-06-02T01:58:44+00:00","og_image":[{"width":2560,"height":1440,"url":"https:\/\/mlgucbjxeu1m.i.optimole.com\/cb:B7VA.3e989\/w:auto\/h:auto\/q:mauto\/ig:avif\/f:best\/https:\/\/dev.flydesk.com\/wp-content\/uploads\/2020\/10\/daniel-mccullough-HtBlQdxfG9k-unsplash-scaled.jpg","path":"\/sites\/flydesk.com\/files\/wp-content\/uploads\/2020\/10\/daniel-mccullough-HtBlQdxfG9k-unsplash-scaled.jpg","size":"full","id":23935,"alt":"","pixels":3686400,"type":"image\/jpeg"}],"twitter_card":"summary_large_image","twitter_misc":{"Gesch\u00e4tzte Lesezeit":"2\u00a0Minuten"},"schema":{"@context":"https:\/\/schema.org","@graph":[{"@type":"Organization","@id":"https:\/\/dev.flydesk.com\/#organization","name":"FLYDESK","url":"https:\/\/dev.flydesk.com\/","sameAs":[],"logo":{"@type":"ImageObject","@id":"https:\/\/dev.flydesk.com\/#logo","inLanguage":"de","url":"","contentUrl":"","caption":"FLYDESK"},"image":{"@id":"https:\/\/dev.flydesk.com\/#logo"}},{"@type":"WebSite","@id":"https:\/\/dev.flydesk.com\/#website","url":"https:\/\/dev.flydesk.com\/","name":"FLYDESK","description":"Fly your work with style","publisher":{"@id":"https:\/\/dev.flydesk.com\/#organization"},"potentialAction":[{"@type":"SearchAction","target":{"@type":"EntryPoint","urlTemplate":"https:\/\/dev.flydesk.com\/?s={search_term_string}"},"query-input":"required name=search_term_string"}],"inLanguage":"de"},{"@type":"ImageObject","@id":"https:\/\/dev.flydesk.com\/ru\/design-shared-office\/#primaryimage","inLanguage":"de","url":"https:\/\/mlgucbjxeu1m.i.optimole.com\/cb:B7VA.3e989\/w:auto\/h:auto\/q:mauto\/ig:avif\/f:best\/https:\/\/dev.flydesk.com\/wp-content\/uploads\/2020\/10\/daniel-mccullough-HtBlQdxfG9k-unsplash-scaled.jpg","contentUrl":"https:\/\/mlgucbjxeu1m.i.optimole.com\/cb:B7VA.3e989\/w:auto\/h:auto\/q:mauto\/ig:avif\/f:best\/https:\/\/dev.flydesk.com\/wp-content\/uploads\/2020\/10\/daniel-mccullough-HtBlQdxfG9k-unsplash-scaled.jpg","width":2560,"height":1440,"caption":"Design a flexible and shared office"},{"@type":"WebPage","@id":"https:\/\/dev.flydesk.com\/ru\/design-shared-office\/#webpage","url":"https:\/\/dev.flydesk.com\/ru\/design-shared-office\/","name":"Design a flexible and shared office &mdash; FLYDESK","isPartOf":{"@id":"https:\/\/dev.flydesk.com\/#website"},"primaryImageOfPage":{"@id":"https:\/\/dev.flydesk.com\/ru\/design-shared-office\/#primaryimage"},"datePublished":"2020-10-28T14:03:44+00:00","dateModified":"2021-06-02T01:58:44+00:00","description":"Design a flexbile & shared workspace for your team or tenants. FLYDESK supports the search, design and technology setup of your workspace.","breadcrumb":{"@id":"https:\/\/dev.flydesk.com\/ru\/design-shared-office\/#breadcrumb"},"inLanguage":"de","potentialAction":[{"@type":"ReadAction","target":["https:\/\/dev.flydesk.com\/ru\/design-shared-office\/"]}]},{"@type":"BreadcrumbList","@id":"https:\/\/dev.flydesk.com\/ru\/design-shared-office\/#breadcrumb","itemListElement":[{"@type":"ListItem","position":1,"name":"Home","item":"https:\/\/dev.flydesk.com\/"},{"@type":"ListItem","position":2,"name":"Design a flexible and shared office"}]}]}},"_links":{"self":[{"href":"https:\/\/dev.flydesk.com\/de\/wp-json\/wp\/v2\/pages\/23932","targetHints":{"allow":["GET"]}}],"collection":[{"href":"https:\/\/dev.flydesk.com\/de\/wp-json\/wp\/v2\/pages"}],"about":[{"href":"https:\/\/dev.flydesk.com\/de\/wp-json\/wp\/v2\/types\/page"}],"author":[{"embeddable":true,"href":"https:\/\/dev.flydesk.com\/de\/wp-json\/wp\/v2\/users\/4"}],"replies":[{"embeddable":true,"href":"https:\/\/dev.flydesk.com\/de\/wp-json\/wp\/v2\/comments?post=23932"}],"version-history":[{"count":0,"href":"https:\/\/dev.flydesk.com\/de\/wp-json\/wp\/v2\/pages\/23932\/revisions"}],"wp:featuredmedia":[{"embeddable":true,"href":"https:\/\/dev.flydesk.com\/de\/wp-json\/wp\/v2\/media\/23935"}],"wp:attachment":[{"href":"https:\/\/dev.flydesk.com\/de\/wp-json\/wp\/v2\/media?parent=23932"}],"curies":[{"name":"wp","href":"https:\/\/api.w.org\/{rel}","templated":true}]}}