{"id":1596,"date":"2019-10-24T22:38:37","date_gmt":"2019-10-24T14:38:37","guid":{"rendered":"https:\/\/dev.flydesk.com\/?page_id=1596"},"modified":"2025-03-21T10:41:05","modified_gmt":"2025-03-21T02:41:05","slug":"business-solutions","status":"publish","type":"page","link":"https:\/\/dev.flydesk.com\/es\/business-solutions\/","title":{"rendered":"Soluciones de trabajo h\u00edbridas para empresas"},"content":{"rendered":"<h1>\n\t\tSoluciones de oficina h\u00edbrida para empresas\n\t<\/h1>\n\t<p>Ayudamos a las empresas a encontrar los mejores espacios de trabajo y herramientas para administrar sus oficinas compartidas y equipos remotos. Mejoramos su modelo de oficina h\u00edbrida para maximizar el ahorro y el rendimiento.<\/p>\n\t\t\t<a href=\"\"   target=\"_self\"   role=\"button\"   rel=\"noopener\">\n\t\t\t\t\t\t\tEmpezar\n\t\t\t\t\t<\/a>\n\t<p>Conf\u00ede en su equipo cuando trabaja desde cualquier lugar<\/p>\n\t\t<h2>Hacemos su negocio mas flexible<\/h2>\t\t\n\t\t\t<p>FLYDESK dise\u00f1a soluciones de trabajo flexibles que brindan un mayor control a las organizaciones que operan de manera remota o en espacios de oficina compartidos. Conf\u00ede en nuestros expertos y aprenda a confiar en sus equipos flexibles y remotos.<\/p>\n\t\t<h3>Consultoria<\/h3>\t\t\n\t\t\t\t<img decoding=\"async\"   src=\"https:\/\/mlgucbjxeu1m.i.optimole.com\/cb:B7VA.3e989\/w:200\/h:201\/q:mauto\/ig:avif\/f:best\/https:\/\/dev.flydesk.com\/wp-content\/uploads\/2019\/10\/Transform-PNG.png\"   alt=\"Transformar PNG\"   itemprop=\"image\"   height=\"201\"   width=\"200\"   title=\"Transformar PNG\"   onerror=\"this.style.display='none'\"  \/>\n\t\t<h3><\/h3>\t\t\n\t\t\t<p>Transformaci\u00f3n hacia un modelo de trabajo m\u00e1s  flexible<\/p>\n\t\t<h3>Espacios de trabajo<\/h3>\t\t\n\t\t\t\t<img decoding=\"async\"   src=\"https:\/\/mlgucbjxeu1m.i.optimole.com\/cb:B7VA.3e989\/w:200\/h:199\/q:mauto\/ig:avif\/f:best\/https:\/\/dev.flydesk.com\/wp-content\/uploads\/2019\/10\/comfort-workspace-PNG.png\"   alt=\"comodidad - espacio de trabajo PNG\"   itemprop=\"image\"   height=\"199\"   width=\"200\"   title=\"comodidad - espacio de trabajo PNG\"   onerror=\"this.style.display='none'\"  \/>\n\t\t<h3><\/h3>\t\t\n\t\t\t<p>B\u00fasqueda y dise\u00f1o de oficinas flexibles<\/p>\n\t\t<h3>Tecnolog\u00eda<\/h3>\t\t\n\t\t\t\t<img decoding=\"async\"   src=\"https:\/\/mlgucbjxeu1m.i.optimole.com\/cb:B7VA.3e989\/w:200\/h:200\/q:mauto\/ig:avif\/f:best\/https:\/\/dev.flydesk.com\/wp-content\/uploads\/2019\/10\/Networking-Management-PNG.png\"   alt=\"Redes - Gesti\u00f3n PNG\"   itemprop=\"image\"   height=\"200\"   width=\"200\"   title=\"Redes - Gesti\u00f3n PNG\"   onerror=\"this.style.display='none'\"  \/>\n\t\t<h3><\/h3>\t\t\n\t\t\t<p>Gesti\u00f3n de oficinas y equipos flexibles<\/p>\n\t\t\t\t<img decoding=\"async\"   src=\"https:\/\/mlgucbjxeu1m.i.optimole.com\/cb:B7VA.3e989\/w:auto\/h:auto\/q:mauto\/ig:avif\/f:best\/https:\/\/dev.flydesk.com\/wp-content\/uploads\/2022\/12\/FLYDESK-App-Home-Mobile-V1.png\"   alt=\"FLYDESK Aplicaci\u00f3n Inicio M\u00f3vil V1\"   itemprop=\"image\"   title=\"FLYDESK Aplicaci\u00f3n Inicio M\u00f3vil V1\"   onerror=\"this.style.display='none'\"  \/>\n<h2>\n\t\tHabilite el trabajo h\u00edbrido para su negocio\n\t<\/h2>\n\t<p>Aportamos nuestra experiencia para ayudarle a construir un modelo de trabajo m\u00e1s flexible<\/p>\n\t<p>FLYDESK lo ayuda a crear la cultura de trabajo h\u00edbrida perfecta para su equipo con una pol\u00edtica de trabajo flexible eficaz, mejores pr\u00e1cticas de trabajo h\u00edbrido y tecnolog\u00eda.<\/p>\n\t\t\t<a href=\"https:\/\/dev.flydesk.com\/es\/hybrid-work-diagnosis\/\"   target=\"_self\"   role=\"button\"   rel=\"noopener\">\n\t\t\t\t\t\t\tPide un diagn\u00f3stico gratuito\n\t\t\t\t\t<\/a>\n\t<p>Le ayudamos a encontrar un espacio de oficina flexible adaptado a su negocio<\/p>\n\t<p>FLYDESK encuentra los mejores espacios de trabajo flexibles para su equipo o le ayudamos a dise\u00f1ar su espacio de oficina de manera personalizada.<\/p>\n\t\t\t<a href=\"https:\/\/dev.flydesk.com\/es\/workspace\/\"   target=\"_self\"   role=\"button\"   rel=\"noopener\">\n\t\t\t\t\t\t\tEncuentre un espacio de oficina flexible\n\t\t\t\t\t<\/a>\n\t<p>Permita que su equipo trabaje desde cualquier lugar<\/p>\n\t<p>FLYDESK permite a los equipos h\u00edbridos administrar su horario de trabajo con transparencia y facilitar la reserva de su espacio de oficina compartido.<\/p>\n\t\t\t\t<img decoding=\"async\"   src=\"https:\/\/mlgucbjxeu1m.i.optimole.com\/cb:B7VA.3e989\/w:auto\/h:auto\/q:mauto\/ig:avif\/f:best\/https:\/\/dev.flydesk.com\/wp-content\/uploads\/2022\/12\/FLYDESK-App-More-V1.png\"   alt=\"Aplicaci\u00f3n FLYDESK M\u00e1s V1\"   itemprop=\"image\"   title=\"Aplicaci\u00f3n FLYDESK M\u00e1s V1\"   onerror=\"this.style.display='none'\"  \/>\n\t\t\t<a href=\"https:\/\/dev.flydesk.com\/es\/app\/\"   target=\"_self\"   role=\"button\" rel=\"noopener\">\n\t\t\t\t\t\t\tPrueba nuestra aplicaci\u00f3n de trabajo h\u00edbrido\n\t\t\t\t\t<\/a>\n\t\t\t\t<img data-opt-src=\"https:\/\/mlgucbjxeu1m.i.optimole.com\/cb:B7VA.3e989\/w:1024\/h:683\/q:mauto\/ig:avif\/f:best\/https:\/\/dev.flydesk.com\/wp-content\/uploads\/2019\/10\/brooke-cagle-g1Kr4Ozfoac-unsplash.jpg\"   decoding=\"async\"   src=\"https:\/\/mlgucbjxeu1m.i.optimole.com\/cb:B7VA.3e989\/w:1024\/h:683\/q:eco\/ig:avif\/f:best\/https:\/\/dev.flydesk.com\/wp-content\/uploads\/2019\/10\/brooke-cagle-g1Kr4Ozfoac-unsplash.jpg\"   alt=\"brooke-cagle-g1Kr4Ozfoac-unsplash\"   itemprop=\"image\"   height=\"683\"   width=\"1024\"   title=\"brooke-cagle-g1Kr4Ozfoac-unsplash\"   onerror=\"this.style.display='none'\"  \/>\n<h2>\n\t\tBeneficios del trabajo h\u00edbrido para su negocio\n\t<\/h2>\n\t<p>Espacio de oficina y ahorro de costos<\/p>\n\t<p>Reducci\u00f3n de costos relacionados con el alquiler de espacio de oficina, equipos, cargos de contrataci\u00f3n, gastos de viaje y optimizaci\u00f3n del salario de sus empleados.<\/p>\n\t<p>Satisfacci\u00f3n y rendimiento de las personas<\/p>\n\t<p>Menos tiempo en el transporte y libertad para trabajar desde cualquier lugar dan como resultado la lealtad, el rendimiento, la felicidad y una mejor salud de los empleados a partir de niveles m\u00e1s bajos de estr\u00e9s.<\/p>\n\t<p>Mejor huella de carbono<\/p>\n\t<p>Las oficinas m\u00e1s peque\u00f1as permiten ahorrar energ\u00eda (luz, aire acondicionado, calefacci\u00f3n...) y menos desplazamientos durante las horas pico, en particular, reducen significativamente el impacto del CO2.<\/p>\n\t\t\t<a href=\"\"   target=\"_self\"   role=\"button\"   rel=\"noopener\">\n\t\t\t\t\t\t\tComparta su proyecto\n\t\t\t\t\t<\/a>\n                <h5>Consulta comercial<\/h5>\n                <button type=\"button\"   data-dismiss=\"modal\"  aria-label=\"Close\">\n                    \u00d7\n                <\/button>\n<form enctype=\"multipart\/form-data\"   method=\"post\"   id=\"form_makeyourbusinessflexible\"  action=\"\">\n<fieldset>\n<legend>Consulta de soluci\u00f3n empresarial<\/legend>\n<input type=\"hidden\"   name=\"frm_action\"   value=\"create\" \/>\n<input type=\"hidden\"   name=\"form_id\"   value=\"24\" \/>\n<input type=\"hidden\"   name=\"frm_hide_fields_24\"   id=\"frm_hide_fields_24\"  value=\"\" \/>\n<input type=\"hidden\"   name=\"form_key\"   value=\"makeyourbusinessflexible\" \/>\n<input type=\"hidden\"   name=\"item_meta[0]\" value=\"\" \/>\n<input type=\"hidden\"   id=\"frm_submit_entry_24\"   name=\"frm_submit_entry_24\" value=\"64783d57cc\" \/><input type=\"hidden\"   name=\"_wp_http_referer\"   value=\"\/?page_id=1596&amp;fl_builder\" \/>\n    <label for=\"field_6hlvbb1da2d1657c651f0076ef0edf2d076f351b55388\"   id=\"field_6hlvbb1da2d1657c651f0076ef0edf2d076f351b55388_label\">Email de negocios *\n    <\/label>\n    <input type=\"email\"   id=\"field_6hlvbb1da2d1657c651f0076ef0edf2d076f351b55388\"   name=\"item_meta[379]\"   value=\"\"    data-reqmsg=\"This field cannot be blank.\"   aria-required=\"true\"   data-invmsg=\"Email is invalid\"   aria-invalid=\"false\"  \/>\n    <label for=\"field_utllq3fdaf87b3e91cc394c60f5c5ff4b41845144c19a\"   id=\"field_utllq3fdaf87b3e91cc394c60f5c5ff4b41845144c19a_label\">Nombre de pila *\n    <\/label>\n    <input type=\"text\"   id=\"field_utllq3fdaf87b3e91cc394c60f5c5ff4b41845144c19a\"   name=\"item_meta[380]\"   value=\"\"    data-reqmsg=\"This field cannot be blank.\"   aria-required=\"true\"   data-invmsg=\"Text is invalid\"   aria-invalid=\"false\"  \/>\n    <label for=\"field_d4kjwb3d7675f1ea9f169e4cda5295ec6961b10cc92ac\"   id=\"field_d4kjwb3d7675f1ea9f169e4cda5295ec6961b10cc92ac_label\">Apellido *\n    <\/label>\n    <input type=\"text\"   id=\"field_d4kjwb3d7675f1ea9f169e4cda5295ec6961b10cc92ac\"   name=\"item_meta[381]\"   value=\"\"    data-reqmsg=\"This field cannot be blank.\"   aria-required=\"true\"   data-invmsg=\"Text is invalid\"   aria-invalid=\"false\"  \/>\n    <label for=\"field_gm0a71afd94e18a7bb5d7dcd8a32998bab1237ca18709\"   id=\"field_gm0a71afd94e18a7bb5d7dcd8a32998bab1237ca18709_label\">Nombre de empresa *\n    <\/label>\n    <input type=\"text\"   id=\"field_gm0a71afd94e18a7bb5d7dcd8a32998bab1237ca18709\"   name=\"item_meta[382]\"   value=\"\"    data-reqmsg=\"This field cannot be blank.\"   aria-required=\"true\"   data-invmsg=\"Text is invalid\"   aria-invalid=\"false\"  \/>\n    <label for=\"field_sosg0\"   id=\"field_sosg0_label\">Tama\u00f1o del equipo *\n    <\/label>\n    <input type=\"number\"   id=\"field_sosg0\"   name=\"item_meta[393]\"   value=\"\"    data-reqmsg=\"This field cannot be blank.\"   aria-required=\"true\"   data-invmsg=\"Number is invalid\"   aria-invalid=\"false\"     min=\"0\"   max=\"9999999\" step=\"any\"\/>\n    Qu\u00e9 est\u00e1s buscando *\n    \t\t<label for=\"field_3ms5f557b13564b-3\"><input type=\"checkbox\"   name=\"item_meta[384][]\"   id=\"field_3ms5f557b13564b-3\"   value=\"Hybrid work app\"    data-reqmsg=\"This field cannot be blank.\"   data-invmsg=\"What are you looking for is invalid\" aria-invalid=\"false\"   \/> Aplicaci\u00f3n de trabajo h\u00edbrida<\/label>\n\t\t<label for=\"field_3ms5f557b13564b-1\"><input type=\"checkbox\"   name=\"item_meta[384][]\"   id=\"field_3ms5f557b13564b-1\"   value=\"Office search\"    data-reqmsg=\"This field cannot be blank.\"   data-invmsg=\"What are you looking for is invalid\"   aria-invalid=\"false\"   \/> B\u00fasqueda de oficinas<\/label>\n\t\t<label for=\"field_3ms5f557b13564b-0\"><input type=\"checkbox\"   name=\"item_meta[384][]\"   id=\"field_3ms5f557b13564b-0\"   value=\"Consulting service\"    data-reqmsg=\"This field cannot be blank.\"   data-invmsg=\"What are you looking for is invalid\"   aria-invalid=\"false\"   \/> Servicio de consultor\u00eda<\/label>\n\t\t<label for=\"field_3ms5f557b13564b-other_5\"><input type=\"checkbox\"   name=\"item_meta[384][other_5]\"   id=\"field_3ms5f557b13564b-other_5\"   value=\"Other\"    data-reqmsg=\"This field cannot be blank.\"   data-invmsg=\"What are you looking for is invalid\"   aria-invalid=\"false\"   \/> Otro<\/label><label for=\"field_3ms5f557b13564b-other_5-otext\"  >Otro<\/label><input type=\"text\"   id=\"field_3ms5f557b13564b-other_5-otext\"    name=\"item_meta[other][384][other_5]\"   value=\"\" \/>\n    <label for=\"field_98v8d1575218a43ce6ecc0e4b339b8e746eec725471c\"   id=\"field_98v8d1575218a43ce6ecc0e4b339b8e746eec725471c_label\">Su mensaje\n    <\/label>\n    <textarea name=\"item_meta[387]\"   id=\"field_98v8d1575218a43ce6ecc0e4b339b8e746eec725471c\"   rows=\"5\"    data-invmsg=\"Your message is invalid\"   aria-invalid=\"false\"     aria-describedby=\"frm_desc_field_98v8d1575218a43ce6ecc0e4b339b8e746eec725471c\"><\/textarea>\n    D\u00edganos c\u00f3mo podemos ayudarle\n<input type=\"hidden\"   name=\"item_meta[388]\"   id=\"field_mfrojca5b92cd1e6966cf473fe6c6540a4953a6aa54e8\"   value=\"Prospect\"    data-frmval=\"Prospect\"   data-invmsg=\"Hidden FLYDESK Contact Type is invalid\"   \/>\n<input type=\"hidden\"   name=\"item_meta[389]\"   id=\"field_hakknac637572c45cfb55a081df10e3e24bc5d47665a2\"   value=\"Team\"    data-frmval=\"Team\"  data-invmsg=\"Hidden FLYDESK Interest is invalid\"   \/>\n<input type=\"hidden\"   name=\"item_meta[390]\"   id=\"field_k7h1j1b59578da2\"   value=\"Prospect - Consideration\"    data-frmval=\"Prospect - Consideration\" data-invmsg=\"Hidden FLYDESK Lifecycle is invalid\"   \/>\n    <label for=\"g-recaptcha-response\" id=\"field_gcpq9c7d46a689c45b3abe088d5d529e1c6f36242846b_label\">reCAPTCHA\n    <\/label>\n\t<input type=\"hidden\"   name=\"item_key\"   value=\"\" \/>\n\t\t\t\t<label for=\"frm_email_24\">\n\t\t\t\t\tSi eres humano, deja este campo en blanco.\t\t\t\t<\/label>\n\t\t\t\t<input type=\"text\"   id=\"frm_email_24\"   name=\"frm_verify\"   value=\"\"  \/>\n<button type=\"submit\"    formnovalidate=\"formnovalidate\">Enviar<\/button>\n<\/fieldset>\n<input type=\"hidden\"  name=\"trp-form-language\"  value=\"es\"\/><\/form>","protected":false},"excerpt":{"rendered":"<p>Soluciones de oficina h\u00edbridas para empresas Ayudamos a las empresas a encontrar los mejores espacios de trabajo y herramientas para gestionar sus oficinas compartidas y equipos remotos. Mejoramos su modelo de oficina h\u00edbrida para maximizar el ahorro y el rendimiento. Comience Conf\u00ede en su equipo para trabajar desde cualquier lugar Hacemos que su negocio sea flexible FLYDESK dise\u00f1a soluciones de trabajo flexibles que brindan un mayor control...<\/p>","protected":false},"author":1,"featured_media":1,"parent":0,"menu_order":0,"comment_status":"closed","ping_status":"closed","template":"","meta":{"footnotes":""},"class_list":["post-1596","page","type-page","status-publish","has-post-thumbnail","hentry"],"acf":[],"yoast_head":"<!-- This site is optimized with the Yoast SEO plugin v16.8 - https:\/\/yoast.com\/wordpress\/plugins\/seo\/ -->\n<title>Hybrid work solutions for business &mdash; FLYDESK<\/title>\n<meta name=\"robots\"  content=\"index, follow, max-snippet:-1, max-image-preview:large, max-video-preview:-1\" \/>\n<link rel=\"canonical\"  href=\"https:\/\/dev.flydesk.com\/es\/business-solutions\/\" \/>\n<meta property=\"og:locale\"  content=\"es_ES\" \/>\n<meta property=\"og:type\"  content=\"article\" \/>\n<meta property=\"og:title\"  content=\"Hybrid work solutions for business &mdash; FLYDESK\" \/>\n<meta property=\"og:description\"  content=\"Hybrid office solutions for business We help companies find the best workspaces and tools to manage their shared office &amp; remote teams. We improve their hybrid office model to maximize savings &amp; performance. Get started Trust your team to work from anywhere We make your business flexible FLYDESK designs flexible work solutions giving greater control&hellip;\" \/>\n<meta property=\"og:url\"  content=\"https:\/\/dev.flydesk.com\/es\/business-solutions\/\" \/>\n<meta property=\"og:site_name\" content=\"FLYDESK\" \/>\n<meta property=\"article:modified_time\"  content=\"2025-03-21T02:41:05+00:00\" \/>\n<meta name=\"twitter:card\"  content=\"summary_large_image\" \/>\n<meta name=\"twitter:label1\"  content=\"Tiempo de lectura\" \/>\n\t<meta name=\"twitter:data1\" content=\"2 minutos\" \/>\n<!-- \/ Yoast SEO plugin. -->","yoast_head_json":{"title":"Hybrid work solutions for business &mdash; FLYDESK","robots":{"index":"index","follow":"follow","max-snippet":"max-snippet:-1","max-image-preview":"max-image-preview:large","max-video-preview":"max-video-preview:-1"},"canonical":"https:\/\/dev.flydesk.com\/es\/business-solutions\/","og_locale":"es_ES","og_type":"article","og_title":"Hybrid work solutions for business &mdash; FLYDESK","og_description":"Hybrid office solutions for business We help companies find the best workspaces and tools to manage their shared office &amp; remote teams. We improve their hybrid office model to maximize savings &amp; performance. Get started Trust your team to work from anywhere We make your business flexible FLYDESK designs flexible work solutions giving greater control&hellip;","og_url":"https:\/\/dev.flydesk.com\/es\/business-solutions\/","og_site_name":"FLYDESK","article_modified_time":"2025-03-21T02:41:05+00:00","twitter_card":"summary_large_image","twitter_misc":{"Tiempo de lectura":"2 minutos"},"schema":{"@context":"https:\/\/schema.org","@graph":[{"@type":"Organization","@id":"https:\/\/dev.flydesk.com\/#organization","name":"FLYDESK","url":"https:\/\/dev.flydesk.com\/","sameAs":[],"logo":{"@type":"ImageObject","@id":"https:\/\/dev.flydesk.com\/#logo","inLanguage":"es","url":"","contentUrl":"","caption":"FLYDESK"},"image":{"@id":"https:\/\/dev.flydesk.com\/#logo"}},{"@type":"WebSite","@id":"https:\/\/dev.flydesk.com\/#website","url":"https:\/\/dev.flydesk.com\/","name":"FLYDESK","description":"Fly your work with style","publisher":{"@id":"https:\/\/dev.flydesk.com\/#organization"},"potentialAction":[{"@type":"SearchAction","target":{"@type":"EntryPoint","urlTemplate":"https:\/\/dev.flydesk.com\/?s={search_term_string}"},"query-input":"required name=search_term_string"}],"inLanguage":"es"},{"@type":"ImageObject","@id":"https:\/\/dev.flydesk.com\/business-solutions\/#primaryimage","inLanguage":"es","url":"","contentUrl":""},{"@type":"WebPage","@id":"https:\/\/dev.flydesk.com\/business-solutions\/#webpage","url":"https:\/\/dev.flydesk.com\/business-solutions\/","name":"Hybrid work solutions for business &mdash; FLYDESK","isPartOf":{"@id":"https:\/\/dev.flydesk.com\/#website"},"primaryImageOfPage":{"@id":"https:\/\/dev.flydesk.com\/business-solutions\/#primaryimage"},"datePublished":"2019-10-24T14:38:37+00:00","dateModified":"2025-03-21T02:41:05+00:00","breadcrumb":{"@id":"https:\/\/dev.flydesk.com\/business-solutions\/#breadcrumb"},"inLanguage":"es","potentialAction":[{"@type":"ReadAction","target":["https:\/\/dev.flydesk.com\/business-solutions\/"]}]},{"@type":"BreadcrumbList","@id":"https:\/\/dev.flydesk.com\/business-solutions\/#breadcrumb","itemListElement":[{"@type":"ListItem","position":1,"name":"Home","item":"https:\/\/dev.flydesk.com\/"},{"@type":"ListItem","position":2,"name":"Hybrid work solutions for business"}]}]}},"_links":{"self":[{"href":"https:\/\/dev.flydesk.com\/es\/wp-json\/wp\/v2\/pages\/1596","targetHints":{"allow":["GET"]}}],"collection":[{"href":"https:\/\/dev.flydesk.com\/es\/wp-json\/wp\/v2\/pages"}],"about":[{"href":"https:\/\/dev.flydesk.com\/es\/wp-json\/wp\/v2\/types\/page"}],"author":[{"embeddable":true,"href":"https:\/\/dev.flydesk.com\/es\/wp-json\/wp\/v2\/users\/1"}],"replies":[{"embeddable":true,"href":"https:\/\/dev.flydesk.com\/es\/wp-json\/wp\/v2\/comments?post=1596"}],"version-history":[{"count":1,"href":"https:\/\/dev.flydesk.com\/es\/wp-json\/wp\/v2\/pages\/1596\/revisions"}],"predecessor-version":[{"id":95433,"href":"https:\/\/dev.flydesk.com\/es\/wp-json\/wp\/v2\/pages\/1596\/revisions\/95433"}],"wp:featuredmedia":[{"embeddable":true,"href":"https:\/\/dev.flydesk.com\/es\/wp-json\/wp\/v2\/posts\/1"}],"wp:attachment":[{"href":"https:\/\/dev.flydesk.com\/es\/wp-json\/wp\/v2\/media?parent=1596"}],"curies":[{"name":"wp","href":"https:\/\/api.w.org\/{rel}","templated":true}]}}