{"id":23225,"date":"2020-10-13T23:33:51","date_gmt":"2020-10-13T15:33:51","guid":{"rendered":"https:\/\/dev.flydesk.com\/?page_id=23225"},"modified":"2022-05-30T11:34:33","modified_gmt":"2022-05-30T03:34:33","slug":"office-space-calculator","status":"publish","type":"page","link":"https:\/\/dev.flydesk.com\/es\/office-space-calculator\/","title":{"rendered":"Calculadora de espacio de oficina y presupuesto"},"content":{"rendered":"<h1>Ponerse en contacto<\/h1>\n\t\t<p>Cu\u00e9ntenos m\u00e1s sobre los requisitos de espacio de su oficina y compartiremos un informe personalizado completo con estimaciones de tama\u00f1o y presupuesto con solo unos pocos clics.<\/p>\n<p>Brindamos informaci\u00f3n sobre la configuraci\u00f3n ideal para su oficina, desde escritorios, oficinas privadas, salas de reuniones hasta \u00e1reas de descanso y m\u00e1s. Tambi\u00e9n integramos principios de uso compartido de escritorio para optimizar su presupuesto.<\/p>\n\t\t\t<a href=\"#start\"   target=\"_self\"   role=\"button\"   rel=\"noopener\">\n\t\t\t\t\t\t\t<\/a>\n\t<div class=\"frm_forms  with_frm_style frm_style_formidable-style\"   id=\"frm_form_47_container\" >\n<form enctype=\"multipart\/form-data\"   method=\"post\"   class=\"frm-show-form  frm_js_validate  frm_pro_form  frm_ajax_submit\"   id=\"form_officespacecalculator\"  action=\"\"  >\n<div class=\"frm_form_fields\">\n<fieldset>\n<legend class=\"frm_screen_reader\">Calculadora de espacio de oficina<\/legend>\r\n\r\n<div class=\"frm_fields_container\">\n<input type=\"hidden\"   name=\"frm_action\"   value=\"create\" \/>\n<input type=\"hidden\"   name=\"form_id\"  value=\"47\" \/>\n<input type=\"hidden\"   name=\"frm_hide_fields_47\"   id=\"frm_hide_fields_47\" value=\"\" \/>\n<input type=\"hidden\"   name=\"form_key\"   value=\"officespacecalculator\" \/>\n<input type=\"hidden\"   name=\"item_meta[0]\" value=\"\" \/>\n<input type=\"hidden\"   id=\"frm_submit_entry_47\"   name=\"frm_submit_entry_47\" value=\"a02004f7b5\" \/><input type=\"hidden\"   name=\"_wp_http_referer\"   value=\"\/es\/wp-json\/wp\/v2\/pages\/23225\" \/><div id=\"frm_field_780_container\"   class=\"frm_form_field form-field  frm_required_field frm_top_container\">\r\n    <label for=\"field_u94jh\"   id=\"field_u94jh_label\" class=\"frm_primary_label\">Ubicaci\u00f3n\r\n        <span class=\"frm_required\"   aria-hidden=\"true\">*<\/span>\r\n    <\/label>\r\n    <input type=\"text\"   id=\"field_u94jh\"   name=\"item_meta[780]\"   value=\"\"    data-reqmsg=\"This field cannot be blank.\"   aria-required=\"true\"   data-invmsg=\"Text is invalid\"   aria-invalid=\"false\"     aria-describedby=\"frm_desc_field_u94jh\"\/>\r\n    <div class=\"frm_description\"   id=\"frm_desc_field_u94jh\">Pa\u00eds, ciudad, barrio<\/div>\r\n    \r\n<\/div>\n<div id=\"frm_field_781_container\"   class=\"frm_form_field form-field  frm_required_field frm_top_container\">\r\n    <label for=\"field_coyb\"   id=\"field_coyb_label\"   class=\"frm_primary_label\">Empleados\r\n        <span class=\"frm_required\" aria-hidden=\"true\">*<\/span>\r\n    <\/label>\r\n    <input type=\"text\"   id=\"field_coyb\"   name=\"item_meta[781]\"   value=\"\"    data-reqmsg=\"This field cannot be blank.\"   aria-required=\"true\"   data-invmsg=\"Text is invalid\"   aria-invalid=\"false\"     aria-describedby=\"frm_desc_field_coyb\"\/>\r\n    <div class=\"frm_description\"  id=\"frm_desc_field_coyb\">Personas que acceden a su oficina <\/div>\r\n    \r\n<\/div>\n<div id=\"frm_field_782_container\"   class=\"frm_form_field form-field  frm_required_field frm_top_container\">\r\n    <div  id=\"field_rpgs7_label\"   class=\"frm_primary_label\">Nombre\r\n        <span class=\"frm_required\" aria-hidden=\"true\">*<\/span>\r\n    <\/div>\r\n    <fieldset aria-labelledby=\"field_rpgs7_label\">\n\t<legend class=\"frm_screen_reader frm_hidden\">\n\t\tNombre\t<\/legend>\n\n\t<div class=\"frm_combo_inputs_container\"   id=\"frm_combo_inputs_container_782\"   data-name-layout=\"first_last\">\n\t\t\t\t\t<div\n\t\t\t\tid=\"frm_field_782-first_container\"  \n\t\t\t\tclass=\"frm_form_field form-field frm_form_subfield-first  frm6\"  \n\t\t\t\tdata-sub-field-name=\"first\"\n\t\t\t>\n\t\t\t\t<label for=\"field_rpgs7_first\"   class=\"frm_screen_reader frm_hidden\">\n\t\t\t\t\tNombre\t\t\t\t<\/label>\n\n\t\t\t\t\t\t\t\t\t\t<input\n\t\t\t\t\t\t\ttype=\"text\"  \n\t\t\t\t\t\t\tid=\"field_rpgs7_first\"  \n\t\t\t\t\t\t\tvalue=\"\"  \n\t\t\t\t\t\t\tname=\"item_meta[782][first]\"   placeholder=\"Nombre de pila\"\t\t\t\t\t\t\/>\n\t\t\t\t\t\t\t\t\t<\/div>\n\t\t\t\t\t<div\n\t\t\t\tid=\"frm_field_782-last_container\"  \n\t\t\t\tclass=\"frm_form_field form-field frm_form_subfield-last  frm6\"  \n\t\t\t\tdata-sub-field-name=\"last\"\n\t\t\t>\n\t\t\t\t<label for=\"field_rpgs7_last\"   class=\"frm_screen_reader frm_hidden\">\n\t\t\t\t\tNombre\t\t\t\t<\/label>\n\n\t\t\t\t\t\t\t\t\t\t<input\n\t\t\t\t\t\t\ttype=\"text\"  \n\t\t\t\t\t\t\tid=\"field_rpgs7_last\"  \n\t\t\t\t\t\t\tvalue=\"\"  \n\t\t\t\t\t\t\tname=\"item_meta[782][last]\"   placeholder=\"Apellido\"\t\t\t\t\t\t\/>\n\t\t\t\t\t\t\t\t\t<\/div>\n\t\t\t<\/div>\n<\/fieldset>\n\r\n    \r\n    \r\n<\/div>\n<div id=\"frm_field_783_container\"   class=\"frm_form_field form-field  frm_required_field frm_top_container\">\r\n    <label for=\"field_9cxf2\"   id=\"field_9cxf2_label\"   class=\"frm_primary_label\">Correo electr\u00f3nico\r\n        <span class=\"frm_required\"  aria-hidden=\"true\">*<\/span>\r\n    <\/label>\r\n    <input type=\"email\"   id=\"field_9cxf2\"   name=\"item_meta[783]\"   value=\"\"    data-reqmsg=\"This field cannot be blank.\"   aria-required=\"true\"   data-invmsg=\"Email is invalid\"   aria-invalid=\"false\"  \/>\r\n    \r\n    \r\n<\/div>\n<div id=\"frm_field_784_container\"   class=\"frm_form_field form-field  frm_required_field frm_top_container\">\r\n    <label for=\"field_euc0y\"   id=\"field_euc0y_label\"   class=\"frm_primary_label\">Nombre de la empresa\r\n        <span class=\"frm_required\" aria-hidden=\"true\">*<\/span>\r\n    <\/label>\r\n    <input type=\"text\"   id=\"field_euc0y\"   name=\"item_meta[784]\"   value=\"\"    data-reqmsg=\"This field cannot be blank.\"   aria-required=\"true\"   data-invmsg=\"Text is invalid\"   aria-invalid=\"false\"  \/>\r\n    \r\n    \r\n<\/div>\n<div id=\"frm_field_785_container\"   class=\"frm_form_field form-field  frm_required_field frm_top_container\">\r\n    <label for=\"field_vbr1g\"   id=\"field_vbr1g_label\"   class=\"frm_primary_label\">Tel\u00e9fono\r\n        <span class=\"frm_required\" aria-hidden=\"true\">*<\/span>\r\n    <\/label>\r\n    <input type=\"tel\"   id=\"field_vbr1g\"   name=\"item_meta[785]\"   value=\"\"    data-reqmsg=\"This field cannot be blank.\"   aria-required=\"true\"   data-invmsg=\"Phone is invalid\"   aria-invalid=\"false\"   pattern=\"((\\+\\d{1,3}(-|.| )?\\(?\\d\\)?(-| |.)?\\d{1,5})|(\\(?\\d{2,6}\\)?))(-|.| )?(\\d{3,4})(-|.| )?(\\d{4})(( x| ext)\\d{1,5}){0,1}$\"  \/>\r\n    \r\n    \r\n<\/div>\n<div id=\"frm_field_786_container\"   class=\"frm_form_field form-field  frm_none_container vertical_radio\">\r\n    <div  id=\"field_bqf9c_label\"   class=\"frm_primary_label\">Casillas de verificaci\u00f3n\r\n        <span class=\"frm_required\"  aria-hidden=\"true\"><\/span>\r\n    <\/div>\r\n    <div class=\"frm_opt_container\"   aria-labelledby=\"field_bqf9c_label\"   role=\"group\">\t\t<div class=\"frm_checkbox\"   id=\"frm_checkbox_786-0\"><label for=\"field_bqf9c-0\"><input type=\"checkbox\"   name=\"item_meta[786][]\"   id=\"field_bqf9c-0\"   value=\"Advanced fields (more accurate report)\"    data-invmsg=\"Checkboxes no es v\u00e1lido\"   aria-invalid=\"false\"   \/> Campos avanzados (informe m\u00e1s preciso)<\/label><\/div>\n<\/div>\r\n    \r\n    \r\n<\/div>\n<div id=\"frm_field_787_container\"   class=\"frm_form_field form-field  frm_top_container\">\r\n    <label for=\"field_kncdh\"   id=\"field_kncdh_label\"   class=\"frm_primary_label\">Escritorios dedicados\r\n        <span class=\"frm_required\" aria-hidden=\"true\"><\/span>\r\n    <\/label>\r\n    <input type=\"text\"   id=\"field_kncdh\"   name=\"item_meta[787]\"   value=\"\"    data-invmsg=\"Text is invalid\"   aria-invalid=\"false\"     aria-describedby=\"frm_desc_field_kncdh\"\/>\r\n    <div class=\"frm_description\"  id=\"frm_desc_field_kncdh\">Personas que necesitan un escritorio fijo y dedicado <\/div>\r\n    \r\n<\/div>\n<div id=\"frm_field_788_container\"   class=\"frm_form_field form-field  frm_top_container\">\r\n    <label for=\"field_lpu39\"   id=\"field_lpu39_label\"   class=\"frm_primary_label\">Pol\u00edtica de trabajo flexible\r\n        <span class=\"frm_required\"  aria-hidden=\"true\"><\/span>\r\n    <\/label>\r\n    \t\t<select name=\"item_meta[788]\"   id=\"field_lpu39\"    data-frmval=\"Less than 1 day per week from anywhere\"   data-invmsg=\"Flexible work policy no es v\u00e1lido\"   aria-invalid=\"false\"  >\n\t\t\t\t<option value=\"Less than 1 day per week from anywhere\"    selected=\"selected\" class=\"\">\n\t\t\tMenos de 1 d\u00eda a la semana desde cualquier lugar\t\t<\/option>\n\t\t\t<option value=\"1 day per week from anywhere\"   class=\"\">\n\t\t\t1 d\u00eda a la semana desde cualquier lugar\t\t<\/option>\n\t\t\t<option value=\"2 days per week from anywhere\"    class=\"\">\n\t\t\t2 d\u00edas a la semana desde cualquier lugar\t\t<\/option>\n\t\t\t<option value=\"3 days per week from anywhere\"   class=\"\">\n\t\t\t3 d\u00edas a la semana desde cualquier lugar\t\t<\/option>\n\t\t\t<option value=\"4 days per week from anywhere\"    class=\"\">\n\t\t\t4 d\u00edas a la semana desde cualquier lugar\t\t<\/option>\n\t\t\t<option value=\"Work from anywhere all the time\"  class=\"\">\n\t\t\tTrabaja desde cualquier lugar todo el tiempo\t\t<\/option>\n\t\t<\/select>\n\t\r\n    \r\n    \r\n<\/div>\n<div id=\"frm_field_789_container\"   class=\"frm_form_field form-field  frm_top_container\">\r\n    <label for=\"field_msuel\"   id=\"field_msuel_label\"   class=\"frm_primary_label\">Esfuerzo para compartir escritorio\r\n        <span class=\"frm_required\"  aria-hidden=\"true\"><\/span>\r\n    <\/label>\r\n    \t\t<select name=\"item_meta[789]\"   id=\"field_msuel\"    data-frmval=\"No sharing (100% people sited)\"   data-invmsg=\"Desk sharing effort no es v\u00e1lido\"   aria-invalid=\"false\"  >\n\t\t\t\t<option value=\"No sharing (100% people sited)\"    selected=\"selected\" class=\"\">\n\t\t\tSin compartir (100% personas ubicadas)\t\t<\/option>\n\t\t\t<option value=\"Light sharing (fits most people)\"    class=\"\">\n\t\t\tCompartir luz (se adapta a la mayor\u00eda de las personas)\t\t<\/option>\n\t\t\t<option value=\"Average sharing (optimized space)\"   class=\"\">\n\t\t\tUso compartido promedio (espacio optimizado)\t\t<\/option>\n\t\t\t<option value=\"High sharing (requires booking app)\"   class=\"\">\n\t\t\tAlto uso compartido (requiere aplicaci\u00f3n de reserva)\t\t<\/option>\n\t\t<\/select>\n\t\r\n    \r\n    \r\n<\/div>\n<div id=\"frm_field_790_container\"   class=\"frm_form_field form-field  frm_top_container\">\r\n    <label for=\"field_u3v5m\"   id=\"field_u3v5m_label\"   class=\"frm_primary_label\">Frecuencia de reuniones f\u00edsicas\r\n        <span class=\"frm_required\"   aria-hidden=\"true\"><\/span>\r\n    <\/label>\r\n    \t\t<select name=\"item_meta[790]\"   id=\"field_u3v5m\"    data-frmval=\"Rare (&lt;1h \/ week)\"   data-invmsg=\"Physical meeting frequency no es v\u00e1lido\"   aria-invalid=\"false\"  >\n\t\t\t\t<option value=\"Rare (&lt;1h \/ week)\"    selected=\"selected\" class=\"\">\n\t\t\tRaras (&lt;1h \/ semana)\t\t<\/option>\n\t\t\t<option value=\"Low (&lt;3h \/ week)\"    class=\"\">\n\t\t\tBaja (&lt;3h \/ semana)\t\t<\/option>\n\t\t\t<option value=\"Average (&lt;6h \/ week)\"    class=\"\">\n\t\t\tPromedio (&lt;6h \/ semana)\t\t<\/option>\n\t\t\t<option value=\"High (&gt;6h \/ week)\"    class=\"\">\n\t\t\tAlto (&gt; 6h \/ semana)\t\t<\/option>\n\t\t<\/select>\n\t\r\n    \r\n    \r\n<\/div>\n<div id=\"frm_field_791_container\"   class=\"frm_form_field form-field  frm_top_container\">\r\n    <label for=\"field_wlzgu\"   id=\"field_wlzgu_label\"   class=\"frm_primary_label\">Espaciado\r\n        <span class=\"frm_required\" aria-hidden=\"true\"><\/span>\r\n    <\/label>\r\n    \t\t<select name=\"item_meta[791]\"   id=\"field_wlzgu\"    data-frmval=\"Dense\"   data-invmsg=\"Spacing no es v\u00e1lido\"   aria-invalid=\"false\"  >\n\t\t\t\t<option value=\"Dense\"    selected=\"selected\" class=\"\">\n\t\t\tDenso\t\t<\/option>\n\t\t\t<option value=\"Standard\"    class=\"\">\n\t\t\tEst\u00e1ndar\t\t<\/option>\n\t\t\t<option value=\"Spacious\"   class=\"\">\n\t\t\tEspacioso\t\t<\/option>\n\t\t<\/select>\n\t\r\n    \r\n    \r\n<\/div>\n<div id=\"frm_field_792_container\"   class=\"frm_form_field form-field  frm_top_container\">\r\n    <label for=\"field_7va8l\"   id=\"field_7va8l_label\"   class=\"frm_primary_label\">Estilo\r\n        <span class=\"frm_required\" aria-hidden=\"true\"><\/span>\r\n    <\/label>\r\n    \t\t<select name=\"item_meta[792]\"   id=\"field_7va8l\"    data-frmval=\"Entry\"   data-invmsg=\"Style no es v\u00e1lido\"   aria-invalid=\"false\"  >\n\t\t\t\t<option value=\"Entry\"    selected=\"selected\" class=\"\">\n\t\t\tEntrada\t\t<\/option>\n\t\t\t<option value=\"Standard\"    class=\"\">\n\t\t\tEst\u00e1ndar\t\t<\/option>\n\t\t\t<option value=\"Premium\"   class=\"\">\n\t\t\tPrima\t\t<\/option>\n\t\t<\/select>\n\t\r\n    \r\n    \r\n<\/div>\n<div id=\"frm_field_793_container\"   class=\"frm_form_field form-field  frm_top_container\">\r\n    <label for=\"field_4198p\"   id=\"field_4198p_label\"   class=\"frm_primary_label\">Adecuado\r\n        <span class=\"frm_required\" aria-hidden=\"true\"><\/span>\r\n    <\/label>\r\n    \t\t<select name=\"item_meta[793]\"   id=\"field_4198p\"    data-frmval=\"Bare shell\"   data-invmsg=\"Fitting no es v\u00e1lido\"   aria-invalid=\"false\"  >\n\t\t\t\t<option value=\"Bare shell\"    selected=\"selected\" class=\"\">\n\t\t\tC\u00e1scara desnuda\t\t<\/option>\n\t\t\t<option value=\"Partially fitted\"    class=\"\">\n\t\t\tParcialmente equipado\t\t<\/option>\n\t\t\t<option value=\"Fully fitted\"    class=\"\">\n\t\t\tTotalmente equipada\t\t<\/option>\n\t\t\t<option value=\"Furnished\"    class=\"\">\n\t\t\tAmueblado\t\t<\/option>\n\t\t<\/select>\n\t\r\n    \r\n    \r\n<\/div>\n<div id=\"frm_field_794_container\"   class=\"frm_form_field form-field  frm_top_container\">\r\n    <label for=\"field_5anf1\"   id=\"field_5anf1_label\"   class=\"frm_primary_label\">M\u00e1s informaci\u00f3n\r\n        <span class=\"frm_required\"  aria-hidden=\"true\"><\/span>\r\n    <\/label>\r\n    <textarea name=\"item_meta[794]\"   id=\"field_5anf1\"    data-invmsg=\"Text is invalid\"   aria-invalid=\"false\"     aria-describedby=\"frm_desc_field_5anf1\"><\/textarea>\r\n    <div class=\"frm_description\"   id=\"frm_desc_field_5anf1\">Cu\u00e9ntenos algo m\u00e1s sobre sus requisitos<\/div>\r\n    \r\n<\/div>\n<input type=\"hidden\"   name=\"item_meta[796]\"   id=\"field_4xu4c\"   value=\"Prospect\"    data-frmval=\"Prospect\"   data-invmsg=\"Hidden FLYDESK Contact Type no es v\u00e1lido\"   \/>\n<input type=\"hidden\"   name=\"item_meta[795]\"   id=\"field_dwxe9\"   value=\"Prospect - Awareness\"    data-frmval=\"Prospect - Awareness\"   data-invmsg=\"Hidden FLYDESK Lifecycle no es v\u00e1lido\"   \/>\n<input type=\"hidden\"   name=\"item_meta[797]\"   id=\"field_u9wrc\"   value=\"Workspace\"    data-frmval=\"Workspace\"   data-invmsg=\"Hidden FLYDESK Interest no es v\u00e1lido\"   \/>\n<div id=\"frm_field_798_container\"   class=\"frm_form_field form-field  frm_none_container\">\r\n    <label for=\"g-recaptcha-response\"   id=\"field_um9if_label\" class=\"frm_primary_label\">reCAPTCHA\r\n        <span class=\"frm_required\"   aria-hidden=\"true\"><\/span>\r\n    <\/label>\r\n    <div id=\"field_um9if\"   class=\"frm-g-recaptcha\"   data-sitekey=\"6LfMp4kaAAAAAL5zpYjYMIue8impdsZZbAyUxi5m\"   data-size=\"invisible\"   data-theme=\"light\"><\/div>\r\n    \r\n    \r\n<\/div>\n\t<input type=\"hidden\"   name=\"item_key\"   value=\"\" \/>\n\t\t\t\t<div class=\"frm_verify\"   aria-hidden=\"true\">\n\t\t\t\t<label for=\"frm_email_47\">\n\t\t\t\t\tSi eres humano, deja este campo en blanco.\t\t\t\t<\/label>\n\t\t\t\t<input type=\"text\"   class=\"frm_verify\"   id=\"frm_email_47\"   name=\"frm_verify\"   value=\"\"  \/>\n\t\t\t<\/div>\n\t\t<div class=\"frm_submit\">\r\n\r\n<button class=\"frm_button_submit frm_final_submit\"   type=\"submit\"     formnovalidate=\"formnovalidate\">Calcular ahora<\/button>\r\n\r\n<\/div><\/div>\n<\/fieldset>\n<\/div>\n<p style=\"display: none !important;\"   class=\"akismet-fields-container\"   data-prefix=\"ak_\"><label>&#916;<textarea name=\"ak_hp_textarea\"   cols=\"45\"   rows=\"8\"   maxlength=\"100\"><\/textarea><\/label><input type=\"hidden\"  id=\"ak_js_1\"  name=\"ak_js\"  value=\"7\"\/><script>document.getElementById( \"ak_js_1\" ).setAttribute( \"value\", ( new Date() ).getTime() );<\/script><\/p><input type=\"hidden\"  name=\"trp-form-language\"  value=\"es\" \/><\/form>\n<\/div>","protected":false},"excerpt":{"rendered":"<p>P\u00f3ngase en contacto Cu\u00e9ntenos m\u00e1s sobre los requisitos de espacio de su oficina y compartiremos un informe personalizado completo con estimaciones de tama\u00f1o y presupuesto con solo unos pocos clics. Brindamos informaci\u00f3n sobre la configuraci\u00f3n ideal para su oficina, desde escritorios, oficinas privadas, salas de reuniones hasta \u00e1reas de descanso y m\u00e1s. Tambi\u00e9n integramos el uso compartido de escritorio ...<\/p>","protected":false},"author":4,"featured_media":1217,"parent":0,"menu_order":0,"comment_status":"closed","ping_status":"closed","template":"","meta":{"footnotes":""},"class_list":["post-23225","page","type-page","status-publish","has-post-thumbnail","hentry"],"acf":[],"yoast_head":"<!-- This site is optimized with the Yoast SEO plugin v16.8 - https:\/\/yoast.com\/wordpress\/plugins\/seo\/ -->\n<title>Office space and budget calculator &mdash; FLYDESK<\/title>\n<meta name=\"description\"  content=\"How to calculate the office size you need? Our office space calculator estimates the ideal size and budget from your inputs in a few clicks.\" \/>\n<meta name=\"robots\"  content=\"index, follow, max-snippet:-1, max-image-preview:large, max-video-preview:-1\" \/>\n<link rel=\"canonical\"  href=\"https:\/\/dev.flydesk.com\/es\/office-space-calculator\/\" \/>\n<meta property=\"og:locale\"  content=\"es_ES\" \/>\n<meta property=\"og:type\"  content=\"article\" \/>\n<meta property=\"og:title\"  content=\"Office space and budget calculator &mdash; FLYDESK\" \/>\n<meta property=\"og:description\"  content=\"How to calculate the office size you need? Our office space calculator estimates the ideal size and budget from your inputs in a few clicks.\" \/>\n<meta property=\"og:url\"  content=\"https:\/\/dev.flydesk.com\/es\/office-space-calculator\/\" \/>\n<meta property=\"og:site_name\" content=\"FLYDESK\" \/>\n<meta property=\"article:modified_time\"  content=\"2022-05-30T03:34:33+00:00\" \/>\n<meta property=\"og:image\"  content=\"https:\/\/mlgucbjxeu1m.i.optimole.com\/cb:B7VA.3e989\/w:1024\/h:683\/q:mauto\/ig:avif\/f:best\/https:\/\/dev.flydesk.com\/wp-content\/uploads\/2019\/10\/helena-lopes-Pd8tLVGx2O4-unsplash.jpg\" \/>\n\t<meta property=\"og:image:width\" content=\"1024\" \/>\n\t<meta property=\"og:image:height\" content=\"683\" \/>\n<meta name=\"twitter:card\" content=\"summary_large_image\" \/>\n<!-- \/ Yoast SEO plugin. -->","yoast_head_json":{"title":"Office space and budget calculator &mdash; FLYDESK","description":"How to calculate the office size you need? Our office space calculator estimates the ideal size and budget from your inputs in a few clicks.","robots":{"index":"index","follow":"follow","max-snippet":"max-snippet:-1","max-image-preview":"max-image-preview:large","max-video-preview":"max-video-preview:-1"},"canonical":"https:\/\/dev.flydesk.com\/es\/office-space-calculator\/","og_locale":"es_ES","og_type":"article","og_title":"Office space and budget calculator &mdash; FLYDESK","og_description":"How to calculate the office size you need? Our office space calculator estimates the ideal size and budget from your inputs in a few clicks.","og_url":"https:\/\/dev.flydesk.com\/es\/office-space-calculator\/","og_site_name":"FLYDESK","article_modified_time":"2022-05-30T03:34:33+00:00","og_image":[{"width":1024,"height":683,"path":"2019\/10\/helena-lopes-Pd8tLVGx2O4-unsplash-1024x683.jpg","url":"https:\/\/mlgucbjxeu1m.i.optimole.com\/cb:B7VA.3e989\/w:1024\/h:683\/q:mauto\/ig:avif\/f:best\/https:\/\/dev.flydesk.com\/wp-content\/uploads\/2019\/10\/helena-lopes-Pd8tLVGx2O4-unsplash.jpg","size":"large","id":1217,"alt":"","pixels":699392,"type":"image\/jpeg"}],"twitter_card":"summary_large_image","schema":{"@context":"https:\/\/schema.org","@graph":[{"@type":"Organization","@id":"https:\/\/dev.flydesk.com\/#organization","name":"FLYDESK","url":"https:\/\/dev.flydesk.com\/","sameAs":[],"logo":{"@type":"ImageObject","@id":"https:\/\/dev.flydesk.com\/#logo","inLanguage":"es","url":"","contentUrl":"","caption":"FLYDESK"},"image":{"@id":"https:\/\/dev.flydesk.com\/#logo"}},{"@type":"WebSite","@id":"https:\/\/dev.flydesk.com\/#website","url":"https:\/\/dev.flydesk.com\/","name":"FLYDESK","description":"Fly your work with style","publisher":{"@id":"https:\/\/dev.flydesk.com\/#organization"},"potentialAction":[{"@type":"SearchAction","target":{"@type":"EntryPoint","urlTemplate":"https:\/\/dev.flydesk.com\/?s={search_term_string}"},"query-input":"required name=search_term_string"}],"inLanguage":"es"},{"@type":"ImageObject","@id":"https:\/\/dev.flydesk.com\/fr\/office-space-calculator\/#primaryimage","inLanguage":"es","url":"https:\/\/mlgucbjxeu1m.i.optimole.com\/cb:B7VA.3e989\/w:auto\/h:auto\/q:mauto\/ig:avif\/f:best\/https:\/\/dev.flydesk.com\/wp-content\/uploads\/2019\/10\/helena-lopes-Pd8tLVGx2O4-unsplash.jpg","contentUrl":"https:\/\/mlgucbjxeu1m.i.optimole.com\/cb:B7VA.3e989\/w:auto\/h:auto\/q:mauto\/ig:avif\/f:best\/https:\/\/dev.flydesk.com\/wp-content\/uploads\/2019\/10\/helena-lopes-Pd8tLVGx2O4-unsplash.jpg","width":5374,"height":3583,"caption":"helena-lopes-pd8tlvgx2o4-unsplash"},{"@type":"WebPage","@id":"https:\/\/dev.flydesk.com\/fr\/office-space-calculator\/#webpage","url":"https:\/\/dev.flydesk.com\/fr\/office-space-calculator\/","name":"Office space and budget calculator &mdash; FLYDESK","isPartOf":{"@id":"https:\/\/dev.flydesk.com\/#website"},"primaryImageOfPage":{"@id":"https:\/\/dev.flydesk.com\/fr\/office-space-calculator\/#primaryimage"},"datePublished":"2020-10-13T15:33:51+00:00","dateModified":"2022-05-30T03:34:33+00:00","description":"How to calculate the office size you need? Our office space calculator estimates the ideal size and budget from your inputs in a few clicks.","breadcrumb":{"@id":"https:\/\/dev.flydesk.com\/fr\/office-space-calculator\/#breadcrumb"},"inLanguage":"es","potentialAction":[{"@type":"ReadAction","target":["https:\/\/dev.flydesk.com\/fr\/office-space-calculator\/"]}]},{"@type":"BreadcrumbList","@id":"https:\/\/dev.flydesk.com\/fr\/office-space-calculator\/#breadcrumb","itemListElement":[{"@type":"ListItem","position":1,"name":"Home","item":"https:\/\/dev.flydesk.com\/"},{"@type":"ListItem","position":2,"name":"Office space and budget calculator"}]}]}},"_links":{"self":[{"href":"https:\/\/dev.flydesk.com\/es\/wp-json\/wp\/v2\/pages\/23225","targetHints":{"allow":["GET"]}}],"collection":[{"href":"https:\/\/dev.flydesk.com\/es\/wp-json\/wp\/v2\/pages"}],"about":[{"href":"https:\/\/dev.flydesk.com\/es\/wp-json\/wp\/v2\/types\/page"}],"author":[{"embeddable":true,"href":"https:\/\/dev.flydesk.com\/es\/wp-json\/wp\/v2\/users\/4"}],"replies":[{"embeddable":true,"href":"https:\/\/dev.flydesk.com\/es\/wp-json\/wp\/v2\/comments?post=23225"}],"version-history":[{"count":0,"href":"https:\/\/dev.flydesk.com\/es\/wp-json\/wp\/v2\/pages\/23225\/revisions"}],"wp:featuredmedia":[{"embeddable":true,"href":"https:\/\/dev.flydesk.com\/es\/wp-json\/wp\/v2\/media\/1217"}],"wp:attachment":[{"href":"https:\/\/dev.flydesk.com\/es\/wp-json\/wp\/v2\/media?parent=23225"}],"curies":[{"name":"wp","href":"https:\/\/api.w.org\/{rel}","templated":true}]}}