{"id":2463,"date":"2019-12-04T15:04:05","date_gmt":"2019-12-04T07:04:05","guid":{"rendered":"https:\/\/dev.flydesk.com\/?page_id=2463"},"modified":"2021-06-02T15:43:48","modified_gmt":"2021-06-02T07:43:48","slug":"club","status":"publish","type":"page","link":"https:\/\/dev.flydesk.com\/es\/club\/","title":{"rendered":"\u00danete al FLYDESK CLUB"},"content":{"rendered":"<h1>\n\t\tVuela tu trabajo\n\t<\/h1>\n\t<p>Encuentre los mejores espacios y herramientas de coworking para ser m\u00e1s productivo y poder trabajar desde cualquier lugar.<\/p>\n\t\t\t<a href=\"?popup=signup\"   target=\"_self\"   role=\"button\"   rel=\"noopener noreferrer\">\n\t\t\t\t\t\t\tEmpezar\n\t\t\t\t\t<\/a>\n\t<p>\u00danase a FLYDESK CLUB gratis<\/p>\n\t\t\t\t<a href=\"#intro\"   target=\"_self\"   itemprop=\"url\"   rel=\"noopener noreferrer\">\n\t\t\t\t<img decoding=\"async\"   src=\"https:\/\/mlgucbjxeu1m.i.optimole.com\/cb:B7VA.3e989\/w:auto\/h:auto\/q:mauto\/ig:avif\/f:best\/https:\/\/dev.flydesk.com\/wp-content\/uploads\/2020\/11\/Down-arrow.png\"   alt=\"Flecha hacia abajo\"   itemprop=\"image\"   height=\"176\"   width=\"176\"   title=\"Flecha hacia abajo\"   onerror=\"this.style.display='none'\"  \/>\n\t\t\t\t<\/a>\n\t\t\t\t<img decoding=\"async\"   src=\"https:\/\/mlgucbjxeu1m.i.optimole.com\/cb:B7VA.3e989\/w:1024\/h:847\/q:mauto\/ig:avif\/f:best\/https:\/\/dev.flydesk.com\/wp-content\/uploads\/2020\/01\/Workspace-Details-with-fade.png\"   alt=\"Detalles del espacio de trabajo con fundido\"   itemprop=\"image\"   height=\"847\"   width=\"1024\"   title=\"Detalles del espacio de trabajo con fundido\"   onerror=\"this.style.display='none'\"  \/>\n<h2>\n\t\tEncuentre un espacio de coworking en cualquier momento y en cualquier lugar\n\t<\/h2>\n<h2>\n\t\tReserva instant\u00e1nea\n\t<\/h2>\n\t<p>Reserve un escritorio o una sala de reuniones en un solo clic en uno de nuestros espacios de trabajo certificados.<\/p>\n<h2>\n\t\tConsulta sobre el espacio de trabajo\n\t<\/h2>\n\t<p>Organice una visita, pregunte por su pr\u00f3xima oficina privada, encuentre un espacio para organizar su proximo evento, o descruba la oficina virtual.<\/p>\n<h2>\n\t\tMejores espacios de trabajo\n\t<\/h2>\n\t<p>Descubra los mejores espacios de coworking y espacios de trabajo compartidos a su alrededor y los m\u00e1s utilizados por nuestra comunidad.<\/p>\n\t\t\t<a href=\"?popup=signup\"   target=\"_self\"   role=\"button\"   rel=\"noopener noreferrer\">\n\t\t\t\t\t\t\tReg\u00edstrese ahora\n\t\t\t\t\t<\/a>\n\t\t\t\t<img decoding=\"async\"   src=\"https:\/\/mlgucbjxeu1m.i.optimole.com\/cb:B7VA.3e989\/w:846\/h:1024\/q:mauto\/ig:avif\/f:best\/https:\/\/dev.flydesk.com\/wp-content\/uploads\/2021\/06\/FLYDESK-App-Overview-3-black.png\"   alt=\"Aplicaci\u00f3n FLYDESK - Descripci\u00f3n general 3 negro\"   itemprop=\"image\"   height=\"1024\"   width=\"846\"   title=\"Aplicaci\u00f3n FLYDESK - Descripci\u00f3n general 3 negro\"   onerror=\"this.style.display='none'\"  \/>\n<h2>\n\t\tRealice un seguimiento de las horas de trabajo y las ubicaciones para permitir la confianza\n\t<\/h2>\n<h2>\n\t\tCheck-in y an\u00e1lisis\n\t<\/h2>\n\t<p>Reg\u00edstrese para realizar un seguimiento de sus horas de trabajo y ubicaciones. Descubra qui\u00e9n trabaja a su alrededor para construir su red de compa\u00f1eros de trabajo.<\/p>\n<h2>\n\t\tColaboraci\u00f3n y seguridad en equipo\n\t<\/h2>\n\t<p>Simplifique la comunicaci\u00f3n con su equipo y contactos al brindar m\u00e1s visibilidad sobre el estado y la ubicaci\u00f3n de su trabajo. La transparencia del trabajo puede aumentar el rendimiento y mejorar la seguridad a efectos de seguros.<\/p>\n\t\t\t\t<img data-opt-src=\"https:\/\/mlgucbjxeu1m.i.optimole.com\/cb:B7VA.3e989\/w:1024\/h:766\/q:mauto\/ig:avif\/f:best\/https:\/\/dev.flydesk.com\/wp-content\/uploads\/2021\/06\/FLYDESK-App-Overview-4.png\"   decoding=\"async\"   src=\"https:\/\/mlgucbjxeu1m.i.optimole.com\/cb:B7VA.3e989\/w:1024\/h:766\/q:eco\/ig:avif\/f:best\/https:\/\/dev.flydesk.com\/wp-content\/uploads\/2021\/06\/FLYDESK-App-Overview-4.png\"   alt=\"Aplicaci\u00f3n FLYDESK - Descripci\u00f3n general 4\"   itemprop=\"image\"   height=\"766\"   width=\"1024\"   title=\"Aplicaci\u00f3n FLYDESK - Descripci\u00f3n general 4\"   onerror=\"this.style.display='none'\"  \/>\n\t\t\t<a href=\"https:\/\/dev.flydesk.com\/es\/membership\/\"   target=\"_self\"   role=\"button\"  rel=\"noopener noreferrer\">\n\t\t\t\t\t\t\tDescubra la membres\u00eda del CLUB\n\t\t\t\t\t<\/a>\n\t<h2>\u00danete al FLYDESK CLUB<\/h2>\n\t\t\t<a href=\"?popup=signup\"   target=\"_self\"   role=\"button\"   rel=\"noopener noreferrer\">\n\t\t\t\t\t\t\tEmpezar ahora\n\t\t\t\t\t<\/a>\n\t\t\t\t<a href=\"https:\/\/dev.flydesk.com\/es\/app\/\"   target=\"_self\"   itemprop=\"url\"   rel=\"noopener noreferrer\">\n\t\t\t\t<img data-opt-src=\"https:\/\/mlgucbjxeu1m.i.optimole.com\/cb:B7VA.3e989\/w:200\/h:56\/q:mauto\/ig:avif\/f:best\/https:\/\/dev.flydesk.com\/wp-content\/uploads\/2019\/12\/flydeskapp-playstore.png\"   decoding=\"async\"   src=\"https:\/\/mlgucbjxeu1m.i.optimole.com\/cb:B7VA.3e989\/w:200\/h:56\/q:eco\/ig:avif\/f:best\/https:\/\/dev.flydesk.com\/wp-content\/uploads\/2019\/12\/flydeskapp-playstore.png\"   alt=\"flydeskapp-playstore\"   itemprop=\"image\"   height=\"56\"   width=\"200\"   title=\"flydeskapp-playstore\"   onerror=\"this.style.display='none'\"  \/>\n\t\t\t\t<\/a>\n\t\t\t\t<a href=\"https:\/\/dev.flydesk.com\/es\/app\/\"   target=\"_self\"   itemprop=\"url\"   rel=\"noopener noreferrer\">\n\t\t\t\t<img data-opt-src=\"https:\/\/mlgucbjxeu1m.i.optimole.com\/cb:B7VA.3e989\/w:200\/h:56\/q:mauto\/ig:avif\/f:best\/https:\/\/dev.flydesk.com\/wp-content\/uploads\/2019\/12\/flydeskapp-appstore.png\"   decoding=\"async\"   src=\"https:\/\/mlgucbjxeu1m.i.optimole.com\/cb:B7VA.3e989\/w:200\/h:56\/q:eco\/ig:avif\/f:best\/https:\/\/dev.flydesk.com\/wp-content\/uploads\/2019\/12\/flydeskapp-appstore.png\"   alt=\"flydeskapp-appstore\"   itemprop=\"image\"   height=\"56\"   width=\"200\"   title=\"flydeskapp-appstore\"   onerror=\"this.style.display='none'\"  \/>\n\t\t\t\t<\/a>","protected":false},"excerpt":{"rendered":"<p>Haz volar tu trabajo Encuentra los mejores espacios y herramientas de coworking para ser m\u00e1s productivo para trabajar desde cualquier lugar. Comience \u00danase al FLYDESK CLUB gratis Encuentre un espacio de coworking en cualquier momento y en cualquier lugar Reserva instant\u00e1nea Reserve un escritorio o una sala de reuniones con un clic en una de nuestras ubicaciones de espacios de trabajo certificados. Consulta sobre el espacio de trabajo\u2026<\/p>","protected":false},"author":8,"featured_media":661,"parent":0,"menu_order":0,"comment_status":"closed","ping_status":"closed","template":"","meta":{"footnotes":""},"class_list":["post-2463","page","type-page","status-publish","has-post-thumbnail","hentry"],"acf":[],"yoast_head":"<!-- This site is optimized with the Yoast SEO plugin v16.8 - https:\/\/yoast.com\/wordpress\/plugins\/seo\/ -->\n<title>Join the FLYDESK CLUB &mdash; FLYDESK<\/title>\n<meta name=\"description\"  content=\"Access flexible workspaces and tools for remote professionals to be productive from anywhere and at anytime. Join our the FLYDESK CLUB!\" \/>\n<meta name=\"robots\"  content=\"index, follow, max-snippet:-1, max-image-preview:large, max-video-preview:-1\" \/>\n<link rel=\"canonical\"  href=\"https:\/\/dev.flydesk.com\/es\/club\/\" \/>\n<meta property=\"og:locale\"  content=\"es_ES\" \/>\n<meta property=\"og:type\"  content=\"article\" \/>\n<meta property=\"og:title\"  content=\"Join the FLYDESK CLUB &mdash; FLYDESK\" \/>\n<meta property=\"og:description\"  content=\"Access flexible workspaces and tools for remote professionals to be productive from anywhere and at anytime. Join our the FLYDESK CLUB!\" \/>\n<meta property=\"og:url\"  content=\"https:\/\/dev.flydesk.com\/es\/club\/\" \/>\n<meta property=\"og:site_name\" content=\"FLYDESK\" \/>\n<meta property=\"article:modified_time\"  content=\"2021-06-02T07:43:48+00:00\" \/>\n<meta property=\"og:image\"  content=\"https:\/\/mlgucbjxeu1m.i.optimole.com\/cb:B7VA.3e989\/w:auto\/h:auto\/q:mauto\/ig:avif\/f:best\/https:\/\/dev.flydesk.com\/wp-content\/uploads\/2019\/09\/flydesk-icon-white.png\" \/>\n\t<meta property=\"og:image:width\" content=\"512\" \/>\n\t<meta property=\"og:image:height\" content=\"512\" \/>\n<meta name=\"twitter:card\" content=\"summary_large_image\" \/>\n<meta name=\"twitter:label1\" content=\"Tiempo de lectura\" \/>\n\t<meta name=\"twitter:data1\" content=\"1 minuto\" \/>\n<!-- \/ Yoast SEO plugin. -->","yoast_head_json":{"title":"Join the FLYDESK CLUB &mdash; FLYDESK","description":"Access flexible workspaces and tools for remote professionals to be productive from anywhere and at anytime. Join our the FLYDESK CLUB!","robots":{"index":"index","follow":"follow","max-snippet":"max-snippet:-1","max-image-preview":"max-image-preview:large","max-video-preview":"max-video-preview:-1"},"canonical":"https:\/\/dev.flydesk.com\/es\/club\/","og_locale":"es_ES","og_type":"article","og_title":"Join the FLYDESK CLUB &mdash; FLYDESK","og_description":"Access flexible workspaces and tools for remote professionals to be productive from anywhere and at anytime. Join our the FLYDESK CLUB!","og_url":"https:\/\/dev.flydesk.com\/es\/club\/","og_site_name":"FLYDESK","article_modified_time":"2021-06-02T07:43:48+00:00","og_image":[{"width":512,"height":512,"url":"https:\/\/mlgucbjxeu1m.i.optimole.com\/cb:B7VA.3e989\/w:auto\/h:auto\/q:mauto\/ig:avif\/f:best\/https:\/\/dev.flydesk.com\/wp-content\/uploads\/2019\/09\/flydesk-icon-white.png","path":"\/sites\/flydesk.com\/files\/wp-content\/uploads\/2019\/09\/flydesk-icon-white.png","size":"full","id":"661","alt":"","pixels":262144,"type":"image\/png"}],"twitter_card":"summary_large_image","twitter_misc":{"Tiempo de lectura":"1 minuto"},"schema":{"@context":"https:\/\/schema.org","@graph":[{"@type":"Organization","@id":"https:\/\/dev.flydesk.com\/#organization","name":"FLYDESK","url":"https:\/\/dev.flydesk.com\/","sameAs":[],"logo":{"@type":"ImageObject","@id":"https:\/\/dev.flydesk.com\/#logo","inLanguage":"es","url":"","contentUrl":"","caption":"FLYDESK"},"image":{"@id":"https:\/\/dev.flydesk.com\/#logo"}},{"@type":"WebSite","@id":"https:\/\/dev.flydesk.com\/#website","url":"https:\/\/dev.flydesk.com\/","name":"FLYDESK","description":"Fly your work with style","publisher":{"@id":"https:\/\/dev.flydesk.com\/#organization"},"potentialAction":[{"@type":"SearchAction","target":{"@type":"EntryPoint","urlTemplate":"https:\/\/dev.flydesk.com\/?s={search_term_string}"},"query-input":"required name=search_term_string"}],"inLanguage":"es"},{"@type":"ImageObject","@id":"https:\/\/dev.flydesk.com\/club\/#primaryimage","inLanguage":"es","url":"https:\/\/mlgucbjxeu1m.i.optimole.com\/cb:B7VA.3e989\/w:auto\/h:auto\/q:mauto\/ig:avif\/f:best\/https:\/\/dev.flydesk.com\/wp-content\/uploads\/2019\/09\/flydesk-icon-white.png","contentUrl":"https:\/\/mlgucbjxeu1m.i.optimole.com\/cb:B7VA.3e989\/w:auto\/h:auto\/q:mauto\/ig:avif\/f:best\/https:\/\/dev.flydesk.com\/wp-content\/uploads\/2019\/09\/flydesk-icon-white.png","width":512,"height":512,"caption":"flydesk-icon-white"},{"@type":"WebPage","@id":"https:\/\/dev.flydesk.com\/club\/#webpage","url":"https:\/\/dev.flydesk.com\/club\/","name":"Join the FLYDESK CLUB &mdash; FLYDESK","isPartOf":{"@id":"https:\/\/dev.flydesk.com\/#website"},"primaryImageOfPage":{"@id":"https:\/\/dev.flydesk.com\/club\/#primaryimage"},"datePublished":"2019-12-04T07:04:05+00:00","dateModified":"2021-06-02T07:43:48+00:00","description":"Access flexible workspaces and tools for remote professionals to be productive from anywhere and at anytime. Join our the FLYDESK CLUB!","breadcrumb":{"@id":"https:\/\/dev.flydesk.com\/club\/#breadcrumb"},"inLanguage":"es","potentialAction":[{"@type":"ReadAction","target":["https:\/\/dev.flydesk.com\/club\/"]}]},{"@type":"BreadcrumbList","@id":"https:\/\/dev.flydesk.com\/club\/#breadcrumb","itemListElement":[{"@type":"ListItem","position":1,"name":"Home","item":"https:\/\/dev.flydesk.com\/"},{"@type":"ListItem","position":2,"name":"Join the FLYDESK CLUB"}]}]}},"_links":{"self":[{"href":"https:\/\/dev.flydesk.com\/es\/wp-json\/wp\/v2\/pages\/2463","targetHints":{"allow":["GET"]}}],"collection":[{"href":"https:\/\/dev.flydesk.com\/es\/wp-json\/wp\/v2\/pages"}],"about":[{"href":"https:\/\/dev.flydesk.com\/es\/wp-json\/wp\/v2\/types\/page"}],"author":[{"embeddable":true,"href":"https:\/\/dev.flydesk.com\/es\/wp-json\/wp\/v2\/users\/8"}],"replies":[{"embeddable":true,"href":"https:\/\/dev.flydesk.com\/es\/wp-json\/wp\/v2\/comments?post=2463"}],"version-history":[{"count":0,"href":"https:\/\/dev.flydesk.com\/es\/wp-json\/wp\/v2\/pages\/2463\/revisions"}],"wp:featuredmedia":[{"embeddable":true,"href":"https:\/\/dev.flydesk.com\/es\/wp-json\/wp\/v2\/media\/661"}],"wp:attachment":[{"href":"https:\/\/dev.flydesk.com\/es\/wp-json\/wp\/v2\/media?parent=2463"}],"curies":[{"name":"wp","href":"https:\/\/api.w.org\/{rel}","templated":true}]}}