{"id":1590,"date":"2019-10-24T22:36:42","date_gmt":"2019-10-24T14:36:42","guid":{"rendered":"https:\/\/dev.flydesk.com\/?page_id=1590"},"modified":"2023-01-10T11:11:06","modified_gmt":"2023-01-10T03:11:06","slug":"about-flydesk","status":"publish","type":"page","link":"https:\/\/dev.flydesk.com\/fr\/about-flydesk\/","title":{"rendered":"Sur"},"content":{"rendered":"<h1>Qui sommes-nous<\/h1>\r\n<h1>Notre mission<\/h1>\r\n<p>FLYDESK propose une s\u00e9lection d'espaces de travail et de services haut de gamme pour une communaut\u00e9 de professionnels modernes et flexibles qui ont besoin de confort, d'inspiration et d'outils pour \u00eatre productifs de n'importe o\u00f9.<\/p>\r\n<p><img decoding=\"async\"   title=\"confort - espace de travail PNG\"   src=\"https:\/\/mlgucbjxeu1m.i.optimole.com\/cb:B7VA.3e989\/w:200\/h:199\/q:mauto\/ig:avif\/f:best\/https:\/\/dev.flydesk.com\/wp-content\/uploads\/2019\/10\/comfort-workspace-PNG.png\"   alt=\"confort - espace de travail PNG\"   width=\"200\"   height=\"199\" \/><\/p>\r\n<h3>Confort<\/h3>\r\n<p>d'un espace de travail optimis\u00e9<\/p>\r\n<p><img decoding=\"async\"   title=\"R\u00e9seau - Gestion PNG\"   src=\"https:\/\/mlgucbjxeu1m.i.optimole.com\/cb:B7VA.3e989\/w:200\/h:200\/q:mauto\/ig:avif\/f:best\/https:\/\/dev.flydesk.com\/wp-content\/uploads\/2019\/10\/Networking-Management-PNG.png\"   alt=\"R\u00e9seau - Gestion PNG\"   width=\"200\"   height=\"200\" \/><\/p>\r\n<h3>R\u00c9SEAU<\/h3>\r\n<p>pour se connecter aux autres<\/p>\r\n<p><img decoding=\"async\"   title=\"Performances PNG\"   src=\"https:\/\/mlgucbjxeu1m.i.optimole.com\/cb:B7VA.3e989\/w:200\/h:199\/q:mauto\/ig:avif\/f:best\/https:\/\/dev.flydesk.com\/wp-content\/uploads\/2019\/10\/Perfromance-PNG.png\"   alt=\"Performances PNG\"   width=\"200\"   height=\"199\" \/><\/p>\r\n<h3>Performance<\/h3>\r\n<p>du travail effectu\u00e9 de n'import o\u00f9<\/p>\r\n<p><a role=\"button\"   href=\"https:\/\/dev.flydesk.com\/fr\/get-in-touch\/\"   target=\"_self\"   rel=\"noopener\"> Contactez nous <\/a> <img data-opt-src=\"https:\/\/mlgucbjxeu1m.i.optimole.com\/cb:B7VA.3e989\/w:1024\/h:683\/q:mauto\/ig:avif\/f:best\/https:\/\/dev.flydesk.com\/wp-content\/uploads\/2019\/11\/Team-chat.jpg\"   decoding=\"async\"   title=\"Chat d&#039;\u00e9quipe\"   src=\"https:\/\/mlgucbjxeu1m.i.optimole.com\/cb:B7VA.3e989\/w:1024\/h:683\/q:eco\/ig:avif\/f:best\/https:\/\/dev.flydesk.com\/wp-content\/uploads\/2019\/11\/Team-chat.jpg\"   alt=\"Chat d&#039;\u00e9quipe\"   width=\"1024\"   height=\"683\" \/><\/p>\r\n<h2>Rencontrez l&#39;\u00e9quipe FLYDESK<\/h2>\r\n<p>FLYDESK croit en la flexibilit\u00e9 du travail et en l'\u00e9quilibre travail-vie comme moyen de g\u00e9n\u00e9rer plus de motivation, de performance et de fid\u00e9lit\u00e9 au sein d'une organisation.<\/p>\r\n<p>Chez FLYDESK, nous pratiquons ce que nous pr\u00eachons, en appliquant \u00e0 nos propres \u00e9quipes les m\u00eames valeurs et principes d'organisation que ceux que nous proposons \u00e0 notre communaut\u00e9 de FLYDESKERS et de partenaires.<\/p>\r\n<p>FLYDESK dispose d'une \u00e9quipe multiculturelle bas\u00e9e \u00e0 Hong Kong, Singapour et aux Philippines, mais nous pensons que le travail peut \u00eatre effectu\u00e9 de n'importe o\u00f9 et \u00e0 tout moment, \u00e0 condition de maintenir une bonne communication, de nous faire confiance et d'adopter une culture digitale et moderne.<\/p>\r\n<p><a role=\"button\"   href=\"https:\/\/dev.flydesk.com\/fr\/join-team\/\"   target=\"_self\"   rel=\"noopener\"> Rejoignez nos \u00e9quipes <\/a><\/p>\r\n<h2>Partenaires FLYDESK<\/h2>\r\n<p>FLYDESK rassemble un \u00e9cosyst\u00e8me de partenaires facilitant le travail flexible et permettant un \u00e9quilibre entre vie professionnelle et vie priv\u00e9e pour une communaut\u00e9 haut de gamme.<br \/>Pour assurer un service haut de gamme et sur mesure \u00e0 nos clients, nous travaillons uniquement avec des marques qui mettent l&#39;accent sur le style, la qualit\u00e9 et le confort. <img data-opt-src=\"https:\/\/mlgucbjxeu1m.i.optimole.com\/cb:B7VA.3e989\/w:300\/h:300\/q:mauto\/rt:fill\/g:ce\/ig:avif\/f:best\/https:\/\/dev.flydesk.com\/wp-content\/uploads\/2020\/01\/Native-Union-White.png\"   decoding=\"async\"   title=\"Native Union Blanc\"  src=\"https:\/\/mlgucbjxeu1m.i.optimole.com\/cb:B7VA.3e989\/w:300\/h:300\/q:eco\/ig:avif\/f:best\/https:\/\/dev.flydesk.com\/wp-content\/uploads\/2020\/01\/Native-Union-White.png\" alt=\"Native Union Blanc\" width=\"300\" height=\"300\" \/> <img data-opt-src=\"https:\/\/mlgucbjxeu1m.i.optimole.com\/cb:B7VA.3e989\/w:300\/h:300\/q:mauto\/rt:fill\/g:ce\/ig:avif\/f:best\/https:\/\/dev.flydesk.com\/wp-content\/uploads\/2020\/06\/The-Executive-Centre-White.png\"   decoding=\"async\"   title=\"Le centre ex\u00e9cutif blanc\"   src=\"https:\/\/mlgucbjxeu1m.i.optimole.com\/cb:B7VA.3e989\/w:300\/h:300\/q:eco\/ig:avif\/f:best\/https:\/\/dev.flydesk.com\/wp-content\/uploads\/2020\/06\/The-Executive-Centre-White.png\" alt=\"Le centre ex\u00e9cutif blanc\" width=\"300\" height=\"300\" \/> <img data-opt-src=\"https:\/\/mlgucbjxeu1m.i.optimole.com\/cb:B7VA.3e989\/w:300\/h:300\/q:mauto\/rt:fill\/g:ce\/ig:avif\/f:best\/https:\/\/dev.flydesk.com\/wp-content\/uploads\/2020\/01\/WeWork-White.png\"   decoding=\"async\"   title=\"WeWork Blanc\"  src=\"https:\/\/mlgucbjxeu1m.i.optimole.com\/cb:B7VA.3e989\/w:300\/h:300\/q:eco\/ig:avif\/f:best\/https:\/\/dev.flydesk.com\/wp-content\/uploads\/2020\/01\/WeWork-White.png\" alt=\"WeWork Blanc\" width=\"300\" height=\"300\" \/> <img data-opt-src=\"https:\/\/mlgucbjxeu1m.i.optimole.com\/cb:B7VA.3e989\/w:300\/h:300\/q:mauto\/rt:fill\/g:ce\/ig:avif\/f:best\/https:\/\/dev.flydesk.com\/wp-content\/uploads\/2020\/01\/TheHive-White.png\"   decoding=\"async\"   title=\"TheHive Blanc\"  src=\"https:\/\/mlgucbjxeu1m.i.optimole.com\/cb:B7VA.3e989\/w:300\/h:300\/q:eco\/ig:avif\/f:best\/https:\/\/dev.flydesk.com\/wp-content\/uploads\/2020\/01\/TheHive-White.png\" alt=\"TheHive Blanc\" width=\"300\" height=\"300\" \/> <img data-opt-src=\"https:\/\/mlgucbjxeu1m.i.optimole.com\/cb:B7VA.3e989\/w:300\/h:300\/q:mauto\/rt:fill\/g:ce\/ig:avif\/f:best\/https:\/\/dev.flydesk.com\/wp-content\/uploads\/2020\/01\/TheWorkProject-White.png\"   decoding=\"async\"   title=\"TheWorkProject Blanc\"  src=\"https:\/\/mlgucbjxeu1m.i.optimole.com\/cb:B7VA.3e989\/w:300\/h:300\/q:eco\/ig:avif\/f:best\/https:\/\/dev.flydesk.com\/wp-content\/uploads\/2020\/01\/TheWorkProject-White.png\" alt=\"TheWorkProject Blanc\" width=\"300\" height=\"300\" \/> <img data-opt-src=\"https:\/\/mlgucbjxeu1m.i.optimole.com\/cb:B7VA.3e989\/w:300\/h:300\/q:mauto\/rt:fill\/g:ce\/ig:avif\/f:best\/https:\/\/dev.flydesk.com\/wp-content\/uploads\/2020\/01\/TheDesk-White.png\"   decoding=\"async\"  title=\"TheDesk Blanc\"  src=\"https:\/\/mlgucbjxeu1m.i.optimole.com\/cb:B7VA.3e989\/w:300\/h:300\/q:eco\/ig:avif\/f:best\/https:\/\/dev.flydesk.com\/wp-content\/uploads\/2020\/01\/TheDesk-White.png\" alt=\"TheDesk Blanc\" width=\"300\" height=\"300\" \/> <img data-opt-src=\"https:\/\/mlgucbjxeu1m.i.optimole.com\/cb:B7VA.3e989\/w:300\/h:300\/q:mauto\/rt:fill\/g:ce\/ig:avif\/f:best\/https:\/\/dev.flydesk.com\/wp-content\/uploads\/2020\/05\/VCo-black.png\"   decoding=\"async\"  title=\"VCo - noir\"  src=\"https:\/\/mlgucbjxeu1m.i.optimole.com\/cb:B7VA.3e989\/w:300\/h:300\/q:eco\/ig:avif\/f:best\/https:\/\/dev.flydesk.com\/wp-content\/uploads\/2020\/05\/VCo-black.png\" alt=\"VCo - noir\" width=\"300\" height=\"300\" \/> <a role=\"button\"  href=\"https:\/\/dev.flydesk.com\/fr\/partner-program\/\" target=\"_self\" rel=\"noopener\"> Devenir partenaire <\/a> <img data-opt-src=\"https:\/\/mlgucbjxeu1m.i.optimole.com\/cb:B7VA.3e989\/w:1024\/h:339\/q:mauto\/ig:avif\/f:best\/https:\/\/dev.flydesk.com\/wp-content\/uploads\/2019\/10\/FLYDESK-Certified-1.png\"   decoding=\"async\"   title=\"Certifi\u00e9 FLYDESK\"   src=\"https:\/\/mlgucbjxeu1m.i.optimole.com\/cb:B7VA.3e989\/w:1024\/h:339\/q:eco\/ig:avif\/f:best\/https:\/\/dev.flydesk.com\/wp-content\/uploads\/2019\/10\/FLYDESK-Certified-1.png\"   alt=\"Certifi\u00e9 FLYDESK\"   width=\"1024\"   height=\"339\" \/><\/p>\r\n<h2>Label de certification FLYDESK<\/h2>\r\n<p>FLYDESK est un label de certification qui garantit la qualit\u00e9 des espaces de travail flexibles et sans engagement. Nous sommes une forme de AirBnB premium pour les espaces de travail.<\/p>\r\n<p>FLYDESK d\u00e9veloppe \u00e9galement des applications favorisant le travail des professionnels \u00e0 distance ou de ceux op\u00e9rant de mani\u00e8res flexibles.<\/p>\r\n<p><a role=\"button\"   href=\"https:\/\/dev.flydesk.com\/fr\/workspace-certification\/\"   target=\"_self\"   rel=\"noopener\"> En savoir plus sur la certification FLYDESK <\/a><\/p>","protected":false},"excerpt":{"rendered":"<p>\u00c0 propos de nous Notre mission FLYDESK fournit une s\u00e9lection d&#39;espaces de travail et de services haut de gamme pour une communaut\u00e9 de professionnels modernes et flexibles qui ont besoin de style, de confort et d&#39;outils pour \u00eatre productifs o\u00f9 qu&#39;ils travaillent. Confort d&#39;un environnement de travail parfait R\u00c9SEAUTAGE pour se connecter avec la communaut\u00e9 flex Performance du travail effectu\u00e9 \u00e0 la vol\u00e9e Contact\u2026<\/p>","protected":false},"author":1,"featured_media":661,"parent":0,"menu_order":0,"comment_status":"closed","ping_status":"closed","template":"","meta":{"footnotes":""},"class_list":["post-1590","page","type-page","status-publish","has-post-thumbnail","hentry"],"acf":[],"yoast_head":"<!-- This site is optimized with the Yoast SEO plugin v16.8 - https:\/\/yoast.com\/wordpress\/plugins\/seo\/ -->\n<title>About us &mdash; FLYDESK<\/title>\n<meta name=\"description\"  content=\"FLYDESK is a certification label that guarantees the quality of workspace locations and the performance of tools empowering the flexible work community.\" \/>\n<meta name=\"robots\"  content=\"index, follow, max-snippet:-1, max-image-preview:large, max-video-preview:-1\" \/>\n<link rel=\"canonical\"  href=\"https:\/\/dev.flydesk.com\/fr\/about-flydesk\/\" \/>\n<meta property=\"og:locale\"  content=\"fr_FR\" \/>\n<meta property=\"og:type\"  content=\"article\" \/>\n<meta property=\"og:title\"  content=\"About us &mdash; FLYDESK\" \/>\n<meta property=\"og:description\"  content=\"FLYDESK is a certification label that guarantees the quality of workspace locations and the performance of tools empowering the flexible work community.\" \/>\n<meta property=\"og:url\"  content=\"https:\/\/dev.flydesk.com\/fr\/about-flydesk\/\" \/>\n<meta property=\"og:site_name\" content=\"FLYDESK\" \/>\n<meta property=\"article:modified_time\"  content=\"2023-01-10T03:11:06+00:00\" \/>\n<meta property=\"og:image\"  content=\"https:\/\/mlgucbjxeu1m.i.optimole.com\/cb:B7VA.3e989\/w:auto\/h:auto\/q:mauto\/ig:avif\/f:best\/https:\/\/dev.flydesk.com\/wp-content\/uploads\/2019\/09\/flydesk-icon-white.png\" \/>\n\t<meta property=\"og:image:width\" content=\"512\" \/>\n\t<meta property=\"og:image:height\" content=\"512\" \/>\n<meta name=\"twitter:card\" content=\"summary_large_image\" \/>\n<meta name=\"twitter:label1\" content=\"Dur\u00e9e de lecture est.\" \/>\n\t<meta name=\"twitter:data1\" content=\"1 minute\" \/>\n<!-- \/ Yoast SEO plugin. -->","yoast_head_json":{"title":"About us &mdash; FLYDESK","description":"FLYDESK is a certification label that guarantees the quality of workspace locations and the performance of tools empowering the flexible work community.","robots":{"index":"index","follow":"follow","max-snippet":"max-snippet:-1","max-image-preview":"max-image-preview:large","max-video-preview":"max-video-preview:-1"},"canonical":"https:\/\/dev.flydesk.com\/fr\/about-flydesk\/","og_locale":"fr_FR","og_type":"article","og_title":"About us &mdash; FLYDESK","og_description":"FLYDESK is a certification label that guarantees the quality of workspace locations and the performance of tools empowering the flexible work community.","og_url":"https:\/\/dev.flydesk.com\/fr\/about-flydesk\/","og_site_name":"FLYDESK","article_modified_time":"2023-01-10T03:11:06+00:00","og_image":[{"width":512,"height":512,"url":"https:\/\/mlgucbjxeu1m.i.optimole.com\/cb:B7VA.3e989\/w:auto\/h:auto\/q:mauto\/ig:avif\/f:best\/https:\/\/dev.flydesk.com\/wp-content\/uploads\/2019\/09\/flydesk-icon-white.png","path":"\/sites\/flydesk.com\/files\/wp-content\/uploads\/2019\/09\/flydesk-icon-white.png","size":"full","id":661,"alt":"","pixels":262144,"type":"image\/png"}],"twitter_card":"summary_large_image","twitter_misc":{"Dur\u00e9e de lecture est.":"1 minute"},"schema":{"@context":"https:\/\/schema.org","@graph":[{"@type":"Organization","@id":"https:\/\/dev.flydesk.com\/#organization","name":"FLYDESK","url":"https:\/\/dev.flydesk.com\/","sameAs":[],"logo":{"@type":"ImageObject","@id":"https:\/\/dev.flydesk.com\/#logo","inLanguage":"fr-FR","url":"","contentUrl":"","caption":"FLYDESK"},"image":{"@id":"https:\/\/dev.flydesk.com\/#logo"}},{"@type":"WebSite","@id":"https:\/\/dev.flydesk.com\/#website","url":"https:\/\/dev.flydesk.com\/","name":"FLYDESK","description":"Fly your work with style","publisher":{"@id":"https:\/\/dev.flydesk.com\/#organization"},"potentialAction":[{"@type":"SearchAction","target":{"@type":"EntryPoint","urlTemplate":"https:\/\/dev.flydesk.com\/?s={search_term_string}"},"query-input":"required name=search_term_string"}],"inLanguage":"fr-FR"},{"@type":"ImageObject","@id":"https:\/\/dev.flydesk.com\/fr\/about-flydesk\/#primaryimage","inLanguage":"fr-FR","url":"https:\/\/mlgucbjxeu1m.i.optimole.com\/cb:B7VA.3e989\/w:auto\/h:auto\/q:mauto\/ig:avif\/f:best\/https:\/\/dev.flydesk.com\/wp-content\/uploads\/2019\/09\/flydesk-icon-white.png","contentUrl":"https:\/\/mlgucbjxeu1m.i.optimole.com\/cb:B7VA.3e989\/w:auto\/h:auto\/q:mauto\/ig:avif\/f:best\/https:\/\/dev.flydesk.com\/wp-content\/uploads\/2019\/09\/flydesk-icon-white.png","width":512,"height":512,"caption":"flydesk-icon-white"},{"@type":"WebPage","@id":"https:\/\/dev.flydesk.com\/fr\/about-flydesk\/#webpage","url":"https:\/\/dev.flydesk.com\/fr\/about-flydesk\/","name":"About us &mdash; FLYDESK","isPartOf":{"@id":"https:\/\/dev.flydesk.com\/#website"},"primaryImageOfPage":{"@id":"https:\/\/dev.flydesk.com\/fr\/about-flydesk\/#primaryimage"},"datePublished":"2019-10-24T14:36:42+00:00","dateModified":"2023-01-10T03:11:06+00:00","description":"FLYDESK is a certification label that guarantees the quality of workspace locations and the performance of tools empowering the flexible work community.","breadcrumb":{"@id":"https:\/\/dev.flydesk.com\/fr\/about-flydesk\/#breadcrumb"},"inLanguage":"fr-FR","potentialAction":[{"@type":"ReadAction","target":["https:\/\/dev.flydesk.com\/fr\/about-flydesk\/"]}]},{"@type":"BreadcrumbList","@id":"https:\/\/dev.flydesk.com\/fr\/about-flydesk\/#breadcrumb","itemListElement":[{"@type":"ListItem","position":1,"name":"Home","item":"https:\/\/dev.flydesk.com\/"},{"@type":"ListItem","position":2,"name":"About"}]}]}},"_links":{"self":[{"href":"https:\/\/dev.flydesk.com\/fr\/wp-json\/wp\/v2\/pages\/1590","targetHints":{"allow":["GET"]}}],"collection":[{"href":"https:\/\/dev.flydesk.com\/fr\/wp-json\/wp\/v2\/pages"}],"about":[{"href":"https:\/\/dev.flydesk.com\/fr\/wp-json\/wp\/v2\/types\/page"}],"author":[{"embeddable":true,"href":"https:\/\/dev.flydesk.com\/fr\/wp-json\/wp\/v2\/users\/1"}],"replies":[{"embeddable":true,"href":"https:\/\/dev.flydesk.com\/fr\/wp-json\/wp\/v2\/comments?post=1590"}],"version-history":[{"count":0,"href":"https:\/\/dev.flydesk.com\/fr\/wp-json\/wp\/v2\/pages\/1590\/revisions"}],"wp:featuredmedia":[{"embeddable":true,"href":"https:\/\/dev.flydesk.com\/fr\/wp-json\/wp\/v2\/media\/661"}],"wp:attachment":[{"href":"https:\/\/dev.flydesk.com\/fr\/wp-json\/wp\/v2\/media?parent=1590"}],"curies":[{"name":"wp","href":"https:\/\/api.w.org\/{rel}","templated":true}]}}