{"id":2463,"date":"2019-12-04T15:04:05","date_gmt":"2019-12-04T07:04:05","guid":{"rendered":"https:\/\/dev.flydesk.com\/?page_id=2463"},"modified":"2021-06-02T15:43:48","modified_gmt":"2021-06-02T07:43:48","slug":"club","status":"publish","type":"page","link":"https:\/\/dev.flydesk.com\/fr\/club\/","title":{"rendered":"Rejoignez le FLYDESK CLUB"},"content":{"rendered":"<h1>\n\t\tMieux travailler de n'importe o\u00f9\n\t<\/h1>\n\t<p>Trouvez les meilleurs espaces de coworking et outils pour devenir plus productif en travaillant de n'importe o\u00f9.<\/p>\n\t\t\t<a href=\"?popup=signup\"   target=\"_self\"   role=\"button\"   rel=\"noopener noreferrer\">\n\t\t\t\t\t\t\tLancez-vous\n\t\t\t\t\t<\/a>\n\t<p>Rejoignez le FLYDESK CLUB gratuitement<\/p>\n\t\t\t\t<a href=\"#intro\"   target=\"_self\"   itemprop=\"url\"   rel=\"noopener noreferrer\">\n\t\t\t\t<img decoding=\"async\"   src=\"https:\/\/mlgucbjxeu1m.i.optimole.com\/cb:B7VA.3e989\/w:auto\/h:auto\/q:mauto\/ig:avif\/f:best\/https:\/\/dev.flydesk.com\/wp-content\/uploads\/2020\/11\/Down-arrow.png\"   alt=\"Fl\u00e8che vers le bas\"   itemprop=\"image\"   height=\"176\"   width=\"176\"   title=\"Fl\u00e8che vers le bas\"   onerror=\"this.style.display='none'\"  \/>\n\t\t\t\t<\/a>\n\t\t\t\t<img decoding=\"async\"   src=\"https:\/\/mlgucbjxeu1m.i.optimole.com\/cb:B7VA.3e989\/w:1024\/h:847\/q:mauto\/ig:avif\/f:best\/https:\/\/dev.flydesk.com\/wp-content\/uploads\/2020\/01\/Workspace-Details-with-fade.png\"   alt=\"D\u00e9tails de l&#039;espace de travail avec fondu\"   itemprop=\"image\"   height=\"847\"   width=\"1024\"   title=\"D\u00e9tails de l&#039;espace de travail avec fondu\"   onerror=\"this.style.display='none'\"  \/>\n<h2>\n\t\tTrouvez un espace de coworking \u00e0 tout moment et n&#39;importe o\u00f9\n\t<\/h2>\n<h2>\n\t\tR\u00e9servation instantan\u00e9e\n\t<\/h2>\n\t<p>R\u00e9servez un bureau ou une salle de r\u00e9union en un clic dans l&#39;un de nos espaces de travail certifi\u00e9s.<\/p>\n<h2>\n\t\tDemande d&#39;espace de travail\n\t<\/h2>\n\t<p>Organisez une visite ou demandez votre prochain d\u00e9m\u00e9nagement de bureau priv\u00e9, espace \u00e9v\u00e9nementiel ou besoin de bureau virtuel.<\/p>\n<h2>\n\t\tMeilleurs espaces de travail\n\t<\/h2>\n\t<p>D\u00e9couvrez les meilleurs espaces de coworking et les espaces de travail partag\u00e9s autour de vous et utilis\u00e9s par notre communaut\u00e9.<\/p>\n\t\t\t<a href=\"?popup=signup\"   target=\"_self\"   role=\"button\"   rel=\"noopener noreferrer\">\n\t\t\t\t\t\t\tS&#39;inscrire maintenant\n\t\t\t\t\t<\/a>\n\t\t\t\t<img decoding=\"async\"   src=\"https:\/\/mlgucbjxeu1m.i.optimole.com\/cb:B7VA.3e989\/w:846\/h:1024\/q:mauto\/ig:avif\/f:best\/https:\/\/dev.flydesk.com\/wp-content\/uploads\/2021\/06\/FLYDESK-App-Overview-3-black.png\"   alt=\"FLYDESK App - Aper\u00e7u 3 noir\"   itemprop=\"image\"   height=\"1024\"   width=\"846\"   title=\"FLYDESK App - Aper\u00e7u 3 noir\"   onerror=\"this.style.display='none'\"  \/>\n<h2>\n\t\tSuivez les heures de travail et les lieux pour favoriser la confiance\n\t<\/h2>\n<h2>\n\t\tEnregistrement et analyse\n\t<\/h2>\n\t<p>Le Check-in permet de suivre vos heures et vos lieux de travail afin de mieux identifier les meilleures conditions de performance. D\u00e9couvrez qui travaille autour de vous pour construire votre r\u00e9seau de coll\u00e8gues de travail.<\/p>\n<h2>\n\t\tCollaboration d&#39;\u00e9quipe et s\u00e9curit\u00e9\n\t<\/h2>\n\t<p>Simplifiez la communication avec votre \u00e9quipe en donnant plus de visibilit\u00e9 sur votre status et lieu de travail. La transparence peut augmenter les performances ainsi que votre suret\u00e9 pour des raisons d'assurance.<\/p>\n\t\t\t\t<img data-opt-src=\"https:\/\/mlgucbjxeu1m.i.optimole.com\/cb:B7VA.3e989\/w:1024\/h:766\/q:mauto\/ig:avif\/f:best\/https:\/\/dev.flydesk.com\/wp-content\/uploads\/2021\/06\/FLYDESK-App-Overview-4.png\"   decoding=\"async\"   src=\"https:\/\/mlgucbjxeu1m.i.optimole.com\/cb:B7VA.3e989\/w:1024\/h:766\/q:eco\/ig:avif\/f:best\/https:\/\/dev.flydesk.com\/wp-content\/uploads\/2021\/06\/FLYDESK-App-Overview-4.png\"   alt=\"Application FLYDESK - Pr\u00e9sentation 4\"   itemprop=\"image\"   height=\"766\"   width=\"1024\"   title=\"Application FLYDESK - Pr\u00e9sentation 4\"   onerror=\"this.style.display='none'\"  \/>\n\t\t\t<a href=\"https:\/\/dev.flydesk.com\/fr\/membership\/\"   target=\"_self\"   role=\"button\"   rel=\"noopener noreferrer\">\n\t\t\t\t\t\t\tD\u00e9couvrez CLUB\n\t\t\t\t\t<\/a>\n\t<h2>Rejoignez le FLYDESK CLUB<\/h2>\n\t\t\t<a href=\"?popup=signup\"   target=\"_self\"   role=\"button\"   rel=\"noopener noreferrer\">\n\t\t\t\t\t\t\tD\u00e9marrer maintenant\n\t\t\t\t\t<\/a>\n\t\t\t\t<a href=\"https:\/\/dev.flydesk.com\/fr\/app\/\"   target=\"_self\"   itemprop=\"url\"   rel=\"noopener noreferrer\">\n\t\t\t\t<img data-opt-src=\"https:\/\/mlgucbjxeu1m.i.optimole.com\/cb:B7VA.3e989\/w:200\/h:56\/q:mauto\/ig:avif\/f:best\/https:\/\/dev.flydesk.com\/wp-content\/uploads\/2019\/12\/flydeskapp-playstore.png\"   decoding=\"async\"   src=\"https:\/\/mlgucbjxeu1m.i.optimole.com\/cb:B7VA.3e989\/w:200\/h:56\/q:eco\/ig:avif\/f:best\/https:\/\/dev.flydesk.com\/wp-content\/uploads\/2019\/12\/flydeskapp-playstore.png\"   alt=\"flydeskapp-playstore\"   itemprop=\"image\"   height=\"56\"   width=\"200\"   title=\"flydeskapp-playstore\"   onerror=\"this.style.display='none'\"  \/>\n\t\t\t\t<\/a>\n\t\t\t\t<a href=\"https:\/\/dev.flydesk.com\/fr\/app\/\"   target=\"_self\"   itemprop=\"url\"   rel=\"noopener noreferrer\">\n\t\t\t\t<img data-opt-src=\"https:\/\/mlgucbjxeu1m.i.optimole.com\/cb:B7VA.3e989\/w:200\/h:56\/q:mauto\/ig:avif\/f:best\/https:\/\/dev.flydesk.com\/wp-content\/uploads\/2019\/12\/flydeskapp-appstore.png\"   decoding=\"async\"   src=\"https:\/\/mlgucbjxeu1m.i.optimole.com\/cb:B7VA.3e989\/w:200\/h:56\/q:eco\/ig:avif\/f:best\/https:\/\/dev.flydesk.com\/wp-content\/uploads\/2019\/12\/flydeskapp-appstore.png\"   alt=\"flydeskapp-appstore\"   itemprop=\"image\"   height=\"56\"   width=\"200\"   title=\"flydeskapp-appstore\"   onerror=\"this.style.display='none'\"  \/>\n\t\t\t\t<\/a>","protected":false},"excerpt":{"rendered":"<p>Pilotez votre travail Trouvez les meilleurs espaces et outils de coworking pour devenir plus productif et travailler de n&#39;importe o\u00f9. Commencez Rejoignez le CLUB FLYDESK gratuitement Trouvez un espace de coworking \u00e0 tout moment et n&#39;importe o\u00f9 R\u00e9servation instantan\u00e9e R\u00e9servez un bureau ou une salle de r\u00e9union en un clic dans l&#39;un de nos espaces de travail certifi\u00e9s. Demande d&#39;espace de travail\u2026<\/p>","protected":false},"author":8,"featured_media":661,"parent":0,"menu_order":0,"comment_status":"closed","ping_status":"closed","template":"","meta":{"footnotes":""},"class_list":["post-2463","page","type-page","status-publish","has-post-thumbnail","hentry"],"acf":[],"yoast_head":"<!-- This site is optimized with the Yoast SEO plugin v16.8 - https:\/\/yoast.com\/wordpress\/plugins\/seo\/ -->\n<title>Join the FLYDESK CLUB &mdash; FLYDESK<\/title>\n<meta name=\"description\"  content=\"Access flexible workspaces and tools for remote professionals to be productive from anywhere and at anytime. Join our the FLYDESK CLUB!\" \/>\n<meta name=\"robots\"  content=\"index, follow, max-snippet:-1, max-image-preview:large, max-video-preview:-1\" \/>\n<link rel=\"canonical\"  href=\"https:\/\/dev.flydesk.com\/fr\/club\/\" \/>\n<meta property=\"og:locale\"  content=\"fr_FR\" \/>\n<meta property=\"og:type\"  content=\"article\" \/>\n<meta property=\"og:title\"  content=\"Join the FLYDESK CLUB &mdash; FLYDESK\" \/>\n<meta property=\"og:description\"  content=\"Access flexible workspaces and tools for remote professionals to be productive from anywhere and at anytime. Join our the FLYDESK CLUB!\" \/>\n<meta property=\"og:url\"  content=\"https:\/\/dev.flydesk.com\/fr\/club\/\" \/>\n<meta property=\"og:site_name\" content=\"FLYDESK\" \/>\n<meta property=\"article:modified_time\"  content=\"2021-06-02T07:43:48+00:00\" \/>\n<meta property=\"og:image\"  content=\"https:\/\/mlgucbjxeu1m.i.optimole.com\/cb:B7VA.3e989\/w:auto\/h:auto\/q:mauto\/ig:avif\/f:best\/https:\/\/dev.flydesk.com\/wp-content\/uploads\/2019\/09\/flydesk-icon-white.png\" \/>\n\t<meta property=\"og:image:width\" content=\"512\" \/>\n\t<meta property=\"og:image:height\" content=\"512\" \/>\n<meta name=\"twitter:card\" content=\"summary_large_image\" \/>\n<meta name=\"twitter:label1\" content=\"Dur\u00e9e de lecture est.\" \/>\n\t<meta name=\"twitter:data1\" content=\"1 minute\" \/>\n<!-- \/ Yoast SEO plugin. -->","yoast_head_json":{"title":"Join the FLYDESK CLUB &mdash; FLYDESK","description":"Access flexible workspaces and tools for remote professionals to be productive from anywhere and at anytime. Join our the FLYDESK CLUB!","robots":{"index":"index","follow":"follow","max-snippet":"max-snippet:-1","max-image-preview":"max-image-preview:large","max-video-preview":"max-video-preview:-1"},"canonical":"https:\/\/dev.flydesk.com\/fr\/club\/","og_locale":"fr_FR","og_type":"article","og_title":"Join the FLYDESK CLUB &mdash; FLYDESK","og_description":"Access flexible workspaces and tools for remote professionals to be productive from anywhere and at anytime. Join our the FLYDESK CLUB!","og_url":"https:\/\/dev.flydesk.com\/fr\/club\/","og_site_name":"FLYDESK","article_modified_time":"2021-06-02T07:43:48+00:00","og_image":[{"width":512,"height":512,"url":"https:\/\/mlgucbjxeu1m.i.optimole.com\/cb:B7VA.3e989\/w:auto\/h:auto\/q:mauto\/ig:avif\/f:best\/https:\/\/dev.flydesk.com\/wp-content\/uploads\/2019\/09\/flydesk-icon-white.png","path":"\/sites\/flydesk.com\/files\/wp-content\/uploads\/2019\/09\/flydesk-icon-white.png","size":"full","id":"661","alt":"","pixels":262144,"type":"image\/png"}],"twitter_card":"summary_large_image","twitter_misc":{"Dur\u00e9e de lecture est.":"1 minute"},"schema":{"@context":"https:\/\/schema.org","@graph":[{"@type":"Organization","@id":"https:\/\/dev.flydesk.com\/#organization","name":"FLYDESK","url":"https:\/\/dev.flydesk.com\/","sameAs":[],"logo":{"@type":"ImageObject","@id":"https:\/\/dev.flydesk.com\/#logo","inLanguage":"fr-FR","url":"","contentUrl":"","caption":"FLYDESK"},"image":{"@id":"https:\/\/dev.flydesk.com\/#logo"}},{"@type":"WebSite","@id":"https:\/\/dev.flydesk.com\/#website","url":"https:\/\/dev.flydesk.com\/","name":"FLYDESK","description":"Fly your work with style","publisher":{"@id":"https:\/\/dev.flydesk.com\/#organization"},"potentialAction":[{"@type":"SearchAction","target":{"@type":"EntryPoint","urlTemplate":"https:\/\/dev.flydesk.com\/?s={search_term_string}"},"query-input":"required name=search_term_string"}],"inLanguage":"fr-FR"},{"@type":"ImageObject","@id":"https:\/\/dev.flydesk.com\/club\/#primaryimage","inLanguage":"fr-FR","url":"https:\/\/mlgucbjxeu1m.i.optimole.com\/cb:B7VA.3e989\/w:auto\/h:auto\/q:mauto\/ig:avif\/f:best\/https:\/\/dev.flydesk.com\/wp-content\/uploads\/2019\/09\/flydesk-icon-white.png","contentUrl":"https:\/\/mlgucbjxeu1m.i.optimole.com\/cb:B7VA.3e989\/w:auto\/h:auto\/q:mauto\/ig:avif\/f:best\/https:\/\/dev.flydesk.com\/wp-content\/uploads\/2019\/09\/flydesk-icon-white.png","width":512,"height":512,"caption":"flydesk-icon-white"},{"@type":"WebPage","@id":"https:\/\/dev.flydesk.com\/club\/#webpage","url":"https:\/\/dev.flydesk.com\/club\/","name":"Join the FLYDESK CLUB &mdash; FLYDESK","isPartOf":{"@id":"https:\/\/dev.flydesk.com\/#website"},"primaryImageOfPage":{"@id":"https:\/\/dev.flydesk.com\/club\/#primaryimage"},"datePublished":"2019-12-04T07:04:05+00:00","dateModified":"2021-06-02T07:43:48+00:00","description":"Access flexible workspaces and tools for remote professionals to be productive from anywhere and at anytime. Join our the FLYDESK CLUB!","breadcrumb":{"@id":"https:\/\/dev.flydesk.com\/club\/#breadcrumb"},"inLanguage":"fr-FR","potentialAction":[{"@type":"ReadAction","target":["https:\/\/dev.flydesk.com\/club\/"]}]},{"@type":"BreadcrumbList","@id":"https:\/\/dev.flydesk.com\/club\/#breadcrumb","itemListElement":[{"@type":"ListItem","position":1,"name":"Home","item":"https:\/\/dev.flydesk.com\/"},{"@type":"ListItem","position":2,"name":"Join the FLYDESK CLUB"}]}]}},"_links":{"self":[{"href":"https:\/\/dev.flydesk.com\/fr\/wp-json\/wp\/v2\/pages\/2463","targetHints":{"allow":["GET"]}}],"collection":[{"href":"https:\/\/dev.flydesk.com\/fr\/wp-json\/wp\/v2\/pages"}],"about":[{"href":"https:\/\/dev.flydesk.com\/fr\/wp-json\/wp\/v2\/types\/page"}],"author":[{"embeddable":true,"href":"https:\/\/dev.flydesk.com\/fr\/wp-json\/wp\/v2\/users\/8"}],"replies":[{"embeddable":true,"href":"https:\/\/dev.flydesk.com\/fr\/wp-json\/wp\/v2\/comments?post=2463"}],"version-history":[{"count":0,"href":"https:\/\/dev.flydesk.com\/fr\/wp-json\/wp\/v2\/pages\/2463\/revisions"}],"wp:featuredmedia":[{"embeddable":true,"href":"https:\/\/dev.flydesk.com\/fr\/wp-json\/wp\/v2\/media\/661"}],"wp:attachment":[{"href":"https:\/\/dev.flydesk.com\/fr\/wp-json\/wp\/v2\/media?parent=2463"}],"curies":[{"name":"wp","href":"https:\/\/api.w.org\/{rel}","templated":true}]}}