{"id":2591,"date":"2019-12-10T19:57:10","date_gmt":"2019-12-10T11:57:10","guid":{"rendered":"https:\/\/dev.flydesk.com\/?page_id=2591"},"modified":"2020-11-03T18:15:17","modified_gmt":"2020-11-03T10:15:17","slug":"workspace-certification","status":"publish","type":"page","link":"https:\/\/dev.flydesk.com\/fr\/workspace-certification\/","title":{"rendered":"Certification d'espace"},"content":{"rendered":"<img decoding=\"async\"   src=\"https:\/\/mlgucbjxeu1m.i.optimole.com\/cb:B7VA.3e989\/w:150\/h:150\/q:mauto\/rt:fill\/g:ce\/ig:avif\/f:best\/https:\/\/dev.flydesk.com\/wp-content\/uploads\/2019\/12\/FLYDESK-Certified.png\"   alt=\"Certifi\u00e9 FLYDESK\"   itemprop=\"image\"   height=\"150\"   width=\"150\"   title=\"Certifi\u00e9 FLYDESK\"   onerror=\"this.style.display='none'\"  \/>\n\t\t<h1>Certification d'espace<\/h1>\n\t\t<p>FLYDESK est un label de certification d\u00e9livr\u00e9 aux meilleurs espaces de coworking, bureaux \u00e9quip\u00e9s et tous types d&#39;espaces de travail.<\/p>\n<p>La certification garantit la qualit\u00e9, le style et le confort auxquels peut s&#39;attendre notre communaut\u00e9 de professionnels flexibles.<\/p>\n\t\t\t<a href=\"#start\"   target=\"_self\"   role=\"button\"   rel=\"noopener noreferrer\">\n\t\t\t\t\t\t\tLister un espace\n\t\t\t\t\t<\/a>\n\t\t<h1>Label de certification FLYDESK<\/h1>\t\t\n\t\t\t<p>4 labels de certification pour aider la communaut\u00e9 FLYDESK \u00e0 choisir la meilleure option d&#39;espace de travail flexible disponible.<\/p>\n<p>Ne vous perdez pas en essayant de diff\u00e9rencier les propositions sur ce march\u00e9 croissant et in\u00e9gal des espaces de travail, mais faites confiance \u00e0 notre expertise.<\/p>\n\t\t\t\t<img decoding=\"async\"   src=\"https:\/\/mlgucbjxeu1m.i.optimole.com\/cb:B7VA.3e989\/w:200\/h:200\/q:mauto\/ig:avif\/f:best\/https:\/\/dev.flydesk.com\/wp-content\/uploads\/2019\/12\/Premium.png\"   alt=\"Premium\"   itemprop=\"image\"   height=\"200\"   width=\"200\"   title=\"Premium\"   onerror=\"this.style.display='none'\"  \/>\n\t\t<h3>Label Premium<\/h3>\t\t\n\t\t\t<p>Espace de travail plus prestigieux, design, unique et luxueux<\/p>\n\t\t\t\t<img decoding=\"async\"   src=\"https:\/\/mlgucbjxeu1m.i.optimole.com\/cb:B7VA.3e989\/w:200\/h:201\/q:mauto\/ig:avif\/f:best\/https:\/\/dev.flydesk.com\/wp-content\/uploads\/2019\/12\/Inspiring.png\"   alt=\"Inspiration\"   itemprop=\"image\"   height=\"201\"   width=\"200\"   title=\"Inspiration\"   onerror=\"this.style.display='none'\"  \/>\n\t\t<h3>Label Inspiration<\/h3>\t\t\n\t\t\t<p>Espace de travail plus dynamique, stimulant et cr\u00e9atif<\/p>\n\t\t\t\t<img data-opt-src=\"https:\/\/mlgucbjxeu1m.i.optimole.com\/cb:B7VA.3e989\/w:200\/h:200\/q:mauto\/ig:avif\/f:best\/https:\/\/dev.flydesk.com\/wp-content\/uploads\/2019\/12\/Business.png\"   decoding=\"async\"   src=\"https:\/\/mlgucbjxeu1m.i.optimole.com\/cb:B7VA.3e989\/w:200\/h:200\/q:eco\/ig:avif\/f:best\/https:\/\/dev.flydesk.com\/wp-content\/uploads\/2019\/12\/Business.png\"   alt=\"Business\"   itemprop=\"image\"   height=\"200\"   width=\"200\"   title=\"Business\"   onerror=\"this.style.display='none'\"  \/>\n\t\t<h3>Label business<\/h3>\t\t\n\t\t\t<p>Espace de travail plus professionnel, professionnel et pratique<\/p>\n\t\t\t\t<img data-opt-src=\"https:\/\/mlgucbjxeu1m.i.optimole.com\/cb:B7VA.3e989\/w:200\/h:200\/q:mauto\/ig:avif\/f:best\/https:\/\/dev.flydesk.com\/wp-content\/uploads\/2019\/12\/Niche.png\"   decoding=\"async\"   src=\"https:\/\/mlgucbjxeu1m.i.optimole.com\/cb:B7VA.3e989\/w:200\/h:200\/q:eco\/ig:avif\/f:best\/https:\/\/dev.flydesk.com\/wp-content\/uploads\/2019\/12\/Niche.png\"   alt=\"Niche\"   itemprop=\"image\"   height=\"200\"   width=\"200\"   title=\"Niche\"   onerror=\"this.style.display='none'\"  \/>\n\t\t<h3>Label Th\u00e8me<\/h3>\t\t\n\t\t\t<p>Espace de travail avec une th\u00e9matique, un secteur niche et original<\/p>\n\t\t\t<img data-opt-src=\"https:\/\/mlgucbjxeu1m.i.optimole.com\/cb:B7VA.3e989\/w:1024\/h:683\/q:mauto\/ig:avif\/f:best\/https:\/\/dev.flydesk.com\/wp-content\/uploads\/2019\/10\/BWGroundfloor.jpg\"   decoding=\"async\"   loading='false'   src=\"https:\/\/mlgucbjxeu1m.i.optimole.com\/cb:B7VA.3e989\/w:1024\/h:683\/q:eco\/ig:avif\/f:best\/https:\/\/dev.flydesk.com\/wp-content\/uploads\/2019\/10\/BWGroundfloor.jpg\"  alt=\"\" \/>\t\t\t\n\t\t\t\t<h2>Label Premium @Banyan workspace HK<\/h2>\t\t\t\n\t\t\t<img data-opt-src=\"https:\/\/mlgucbjxeu1m.i.optimole.com\/cb:B7VA.3e989\/w:1024\/h:683\/q:mauto\/ig:avif\/f:best\/https:\/\/dev.flydesk.com\/wp-content\/uploads\/2019\/12\/The-Hive-Carpenter-Lounge.jpg\"   decoding=\"async\"   loading='false'   src=\"https:\/\/mlgucbjxeu1m.i.optimole.com\/cb:B7VA.3e989\/w:1024\/h:683\/q:eco\/ig:avif\/f:best\/https:\/\/dev.flydesk.com\/wp-content\/uploads\/2019\/12\/The-Hive-Carpenter-Lounge.jpg\" alt=\"\" \/>\t\t\t\n\t\t\t\t<h2>Label Inspirationnel @TheHive Sheung Wan HK<\/h2>\t\t\t\n\t\t\t<img data-opt-src=\"https:\/\/mlgucbjxeu1m.i.optimole.com\/cb:B7VA.3e989\/w:1024\/h:733\/q:mauto\/ig:avif\/f:best\/https:\/\/dev.flydesk.com\/wp-content\/uploads\/2019\/12\/Lit_20191018_TheDesk_00028_op.jpg\"   decoding=\"async\"   loading='false'   src=\"https:\/\/mlgucbjxeu1m.i.optimole.com\/cb:B7VA.3e989\/w:1024\/h:733\/q:eco\/ig:avif\/f:best\/https:\/\/dev.flydesk.com\/wp-content\/uploads\/2019\/12\/Lit_20191018_TheDesk_00028_op.jpg\" alt=\"\" \/>\t\t\t\n\t\t\t\t<h2>Label Business @TheDesk Strand 50 HK<\/h2>\t\t\t\n\t\t\t<img data-opt-src=\"https:\/\/mlgucbjxeu1m.i.optimole.com\/cb:B7VA.3e989\/w:1024\/h:683\/q:mauto\/ig:avif\/f:best\/https:\/\/dev.flydesk.com\/wp-content\/uploads\/2019\/12\/The-Hive-Studios-Shoot.jpg\"   decoding=\"async\"   loading='false'   src=\"https:\/\/mlgucbjxeu1m.i.optimole.com\/cb:B7VA.3e989\/w:1024\/h:683\/q:eco\/ig:avif\/f:best\/https:\/\/dev.flydesk.com\/wp-content\/uploads\/2019\/12\/The-Hive-Studios-Shoot.jpg\" alt=\"\" \/>\t\t\t\n\t\t\t\t<h2>Label Th\u00e9matique @TheHive Studio HK<\/h2>\t\t\t\n\t\t\t\t<a href=\"#\"   aria-label=\"previous\"  role=\"button\">\n<\/a>\n\t\t\t\t<a href=\"#\"   aria-label=\"next\"   role=\"button\">\n<\/a>\n\t\t<h1>Partenaires certifi\u00e9s FLYDESK<\/h1>\t\t\n\t\t\t\t<img data-opt-src=\"https:\/\/mlgucbjxeu1m.i.optimole.com\/cb:B7VA.3e989\/w:300\/h:300\/q:mauto\/rt:fill\/g:ce\/ig:avif\/f:best\/https:\/\/dev.flydesk.com\/wp-content\/uploads\/2019\/12\/thehive.png\"   decoding=\"async\"   src=\"https:\/\/mlgucbjxeu1m.i.optimole.com\/cb:B7VA.3e989\/w:300\/h:300\/q:eco\/ig:avif\/f:best\/https:\/\/dev.flydesk.com\/wp-content\/uploads\/2019\/12\/thehive.png\"   alt=\"La ruche\"   itemprop=\"image\"   height=\"300\"   width=\"300\"   title=\"La ruche\"   onerror=\"this.style.display='none'\"  \/>\n\t\t\t\t<img data-opt-src=\"https:\/\/mlgucbjxeu1m.i.optimole.com\/cb:B7VA.3e989\/w:300\/h:300\/q:mauto\/rt:fill\/g:ce\/ig:avif\/f:best\/https:\/\/dev.flydesk.com\/wp-content\/uploads\/2019\/12\/wework.png\"   decoding=\"async\"   src=\"https:\/\/mlgucbjxeu1m.i.optimole.com\/cb:B7VA.3e989\/w:300\/h:300\/q:eco\/ig:avif\/f:best\/https:\/\/dev.flydesk.com\/wp-content\/uploads\/2019\/12\/wework.png\"   alt=\"nous travaillons\"   itemprop=\"image\"   height=\"300\"   width=\"300\"   title=\"nous travaillons\"   onerror=\"this.style.display='none'\"  \/>\n\t\t\t\t<img data-opt-src=\"https:\/\/mlgucbjxeu1m.i.optimole.com\/cb:B7VA.3e989\/w:300\/h:300\/q:mauto\/rt:fill\/g:ce\/ig:avif\/f:best\/https:\/\/dev.flydesk.com\/wp-content\/uploads\/2020\/06\/The-Executive-Centre.png\"   decoding=\"async\"   src=\"https:\/\/mlgucbjxeu1m.i.optimole.com\/cb:B7VA.3e989\/w:300\/h:300\/q:eco\/ig:avif\/f:best\/https:\/\/dev.flydesk.com\/wp-content\/uploads\/2020\/06\/The-Executive-Centre.png\"   alt=\"Le centre ex\u00e9cutif\"   itemprop=\"image\"   height=\"300\"   width=\"300\"   \"300\" title  =Le centre ex\u00e9cutif onerror=this.style.display='none'  \/>\n\t\t\t\t<img data-opt-src=\"https:\/\/mlgucbjxeu1m.i.optimole.com\/cb:B7VA.3e989\/w:300\/h:300\/q:mauto\/rt:fill\/g:ce\/ig:avif\/f:best\/https:\/\/dev.flydesk.com\/wp-content\/uploads\/2019\/12\/thedesk.png\"   decoding=\"async\"   src=\"https:\/\/mlgucbjxeu1m.i.optimole.com\/cb:B7VA.3e989\/w:300\/h:300\/q:eco\/ig:avif\/f:best\/https:\/\/dev.flydesk.com\/wp-content\/uploads\/2019\/12\/thedesk.png\"   alt=\"le pupitre\"   itemprop=\"image\"   height=\"300\"   width=\"300\"  title=\"le pupitre\" onerror=\"this.style.display='none'\"  \/>\n\t\t\t\t<img data-opt-src=\"https:\/\/mlgucbjxeu1m.i.optimole.com\/cb:B7VA.3e989\/w:300\/h:300\/q:mauto\/rt:fill\/g:ce\/ig:avif\/f:best\/https:\/\/dev.flydesk.com\/wp-content\/uploads\/2020\/05\/VCo.png\"   decoding=\"async\"   src=\"https:\/\/mlgucbjxeu1m.i.optimole.com\/cb:B7VA.3e989\/w:300\/h:300\/q:eco\/ig:avif\/f:best\/https:\/\/dev.flydesk.com\/wp-content\/uploads\/2020\/05\/VCo.png\"   alt=\"VCo\"   itemprop=\"image\"  height=\"300\"  width=\"300\"  \"300\"title  =VCo onerror=this.style.display='none'  \/>\n\t\t\t\t<img data-opt-src=\"https:\/\/mlgucbjxeu1m.i.optimole.com\/cb:B7VA.3e989\/w:300\/h:300\/q:mauto\/rt:fill\/g:ce\/ig:avif\/f:best\/https:\/\/dev.flydesk.com\/wp-content\/uploads\/2019\/12\/Eatonhouse.png\"   decoding=\"async\"   src=\"https:\/\/mlgucbjxeu1m.i.optimole.com\/cb:B7VA.3e989\/w:300\/h:300\/q:eco\/ig:avif\/f:best\/https:\/\/dev.flydesk.com\/wp-content\/uploads\/2019\/12\/Eatonhouse.png\"   alt=\"Eatonhouse\"   itemprop=\"image\"  height=\"300\" width=\"300\" title=\"Eatonhouse\" onerror=\"this.style.display='none'\"  \/>\n\t\t\t\t<img data-opt-src=\"https:\/\/mlgucbjxeu1m.i.optimole.com\/cb:B7VA.3e989\/w:300\/h:300\/q:mauto\/rt:fill\/g:ce\/ig:avif\/f:best\/https:\/\/dev.flydesk.com\/wp-content\/uploads\/2019\/12\/theworkproject.png\"   decoding=\"async\"   src=\"https:\/\/mlgucbjxeu1m.i.optimole.com\/cb:B7VA.3e989\/w:300\/h:300\/q:eco\/ig:avif\/f:best\/https:\/\/dev.flydesk.com\/wp-content\/uploads\/2019\/12\/theworkproject.png\"   alt=\"theworkproject\"  itemprop=\"image\"  height=\"300\" width=\"300\" title=\"theworkproject\" onerror=\"this.style.display='none'\"  \/>\n\t<p>Nous ne collaborons qu'avec les meilleurs avec qui nous partageons la mission de rendre un travail plus flexible pour tous.<\/p>\n\t\t\t<a href=\"#start\"   target=\"_self\"   role=\"button\"   rel=\"noopener noreferrer\">\n\t\t\t\t\t\t\tListez votre espace\n\t\t\t\t\t<\/a>\n\t\t\t<a href=\"https:\/\/dev.flydesk.com\/fr\/workspace\/\"   target=\"_self\"   role=\"button\"   rel=\"noopener noreferrer\">\n\t\t\t\t\t\t\tTrouvez un espace\n\t\t\t\t\t<\/a>\n\t\t\t\t<img data-opt-src=\"https:\/\/mlgucbjxeu1m.i.optimole.com\/cb:B7VA.3e989\/w:1024\/h:683\/q:mauto\/ig:avif\/f:best\/https:\/\/dev.flydesk.com\/wp-content\/uploads\/2019\/12\/The-Hive-Lavender-Hotdesk-Area.jpg\"   decoding=\"async\"   src=\"https:\/\/mlgucbjxeu1m.i.optimole.com\/cb:B7VA.3e989\/w:1024\/h:683\/q:eco\/ig:avif\/f:best\/https:\/\/dev.flydesk.com\/wp-content\/uploads\/2019\/12\/The-Hive-Lavender-Hotdesk-Area.jpg\"   alt=\"The Hive Lavender Zone Hotdesk\"   itemprop=\"image\"   height=\"683\"   width=\"1024\"   title=\"The Hive Lavender Zone Hotdesk\"   onerror=\"this.style.display='none'\"  \/>\n<h2>\n\t\tLes options de travail flexible\n\t<\/h2>\n\t<p>Une solution pour chaque besoin de travail flexible<\/p>\n\t<p>R\u00e9server un bureau pour la journ\u00e9e ou une salle de r\u00e9union pendant une heure dans l'un de nos espaces de travail certifi\u00e9s.<\/p>\n<p>Renseignez-vous pour votre prochain d\u00e9m\u00e9nagement de bureau, l&#39;organisation d&#39;un \u00e9v\u00e9nement ou param\u00e9trez votre adresse professionnelle avec un bureau virtuel.<\/p>\n\t<ul>\n<li>Bureau partag\u00e9 ou coworking<\/li>\n<li>Bureau d\u00e9di\u00e9<\/li>\n<li>Bureau ferm\u00e9 ou privatif<\/li>\n<li>Salle de r\u00e9union<\/li>\n<li>Espace \u00e9v\u00e9nement<\/li>\n<li>Bureau virtuel<\/li>\n<\/ul>\n<h6>Espace de travail: the Hive Lavender, SG<\/h6>\n\t\t\t<a href=\"https:\/\/dev.flydesk.com\/fr\/workspace\/\"   target=\"_self\"   role=\"button\"   rel=\"noopener noreferrer\">\n\t\t\t\t\t\t\tTrouvez la meilleure offre\n\t\t\t\t\t<\/a>\n<h2>\n\t\tAjouter un espace\n\t<\/h2>","protected":false},"excerpt":{"rendered":"<p>Certification Workspace FLYDESK est un label de certification d\u00e9livr\u00e9 aux meilleurs espaces de coworking, bureaux \u00e9quip\u00e9s et tous types d&#39;espaces de travail. La certification garantit la qualit\u00e9, le style et le confort auxquels peut s&#39;attendre notre communaut\u00e9 de professionnels flexibles. Listez un espace Labels de certification FLYDESK 4 labels de certification pour aider la communaut\u00e9 FLYDESK \u00e0 choisir\u2026<\/p>","protected":false},"author":4,"featured_media":661,"parent":0,"menu_order":0,"comment_status":"closed","ping_status":"closed","template":"","meta":{"footnotes":""},"class_list":["post-2591","page","type-page","status-publish","has-post-thumbnail","hentry"],"acf":[],"yoast_head":"<!-- This site is optimized with the Yoast SEO plugin v16.8 - https:\/\/yoast.com\/wordpress\/plugins\/seo\/ -->\n<title>Certification label for flexible workspace &mdash; FLYDESK<\/title>\n<meta name=\"description\"  content=\"Certification label that guarantees the quality, style and comfort of workspace locations empowering the community of flexible work professionals.\" \/>\n<meta name=\"robots\"  content=\"index, follow, max-snippet:-1, max-image-preview:large, max-video-preview:-1\" \/>\n<link rel=\"canonical\"  href=\"https:\/\/dev.flydesk.com\/fr\/workspace-certification\/\" \/>\n<meta property=\"og:locale\"  content=\"fr_FR\" \/>\n<meta property=\"og:type\"  content=\"article\" \/>\n<meta property=\"og:title\"  content=\"Certification label for flexible workspace &mdash; FLYDESK\" \/>\n<meta property=\"og:description\"  content=\"Certification label that guarantees the quality, style and comfort of workspace locations empowering the community of flexible work professionals.\" \/>\n<meta property=\"og:url\"  content=\"https:\/\/dev.flydesk.com\/fr\/workspace-certification\/\" \/>\n<meta property=\"og:site_name\" content=\"FLYDESK\" \/>\n<meta property=\"article:modified_time\"  content=\"2020-11-03T10:15:17+00:00\" \/>\n<meta property=\"og:image\"  content=\"https:\/\/mlgucbjxeu1m.i.optimole.com\/cb:B7VA.3e989\/w:auto\/h:auto\/q:mauto\/ig:avif\/f:best\/https:\/\/dev.flydesk.com\/wp-content\/uploads\/2019\/09\/flydesk-icon-white.png\" \/>\n\t<meta property=\"og:image:width\" content=\"512\" \/>\n\t<meta property=\"og:image:height\" content=\"512\" \/>\n<meta name=\"twitter:card\" content=\"summary_large_image\" \/>\n<meta name=\"twitter:label1\" content=\"Dur\u00e9e de lecture est.\" \/>\n\t<meta name=\"twitter:data1\" content=\"1 minute\" \/>\n<!-- \/ Yoast SEO plugin. -->","yoast_head_json":{"title":"Certification label for flexible workspace &mdash; FLYDESK","description":"Certification label that guarantees the quality, style and comfort of workspace locations empowering the community of flexible work professionals.","robots":{"index":"index","follow":"follow","max-snippet":"max-snippet:-1","max-image-preview":"max-image-preview:large","max-video-preview":"max-video-preview:-1"},"canonical":"https:\/\/dev.flydesk.com\/fr\/workspace-certification\/","og_locale":"fr_FR","og_type":"article","og_title":"Certification label for flexible workspace &mdash; FLYDESK","og_description":"Certification label that guarantees the quality, style and comfort of workspace locations empowering the community of flexible work professionals.","og_url":"https:\/\/dev.flydesk.com\/fr\/workspace-certification\/","og_site_name":"FLYDESK","article_modified_time":"2020-11-03T10:15:17+00:00","og_image":[{"width":512,"height":512,"url":"https:\/\/mlgucbjxeu1m.i.optimole.com\/cb:B7VA.3e989\/w:auto\/h:auto\/q:mauto\/ig:avif\/f:best\/https:\/\/dev.flydesk.com\/wp-content\/uploads\/2019\/09\/flydesk-icon-white.png","path":"\/sites\/flydesk.com\/files\/wp-content\/uploads\/2019\/09\/flydesk-icon-white.png","size":"full","id":661,"alt":"","pixels":262144,"type":"image\/png"}],"twitter_card":"summary_large_image","twitter_misc":{"Dur\u00e9e de lecture est.":"1 minute"},"schema":{"@context":"https:\/\/schema.org","@graph":[{"@type":"Organization","@id":"https:\/\/dev.flydesk.com\/#organization","name":"FLYDESK","url":"https:\/\/dev.flydesk.com\/","sameAs":[],"logo":{"@type":"ImageObject","@id":"https:\/\/dev.flydesk.com\/#logo","inLanguage":"fr-FR","url":"","contentUrl":"","caption":"FLYDESK"},"image":{"@id":"https:\/\/dev.flydesk.com\/#logo"}},{"@type":"WebSite","@id":"https:\/\/dev.flydesk.com\/#website","url":"https:\/\/dev.flydesk.com\/","name":"FLYDESK","description":"Fly your work with style","publisher":{"@id":"https:\/\/dev.flydesk.com\/#organization"},"potentialAction":[{"@type":"SearchAction","target":{"@type":"EntryPoint","urlTemplate":"https:\/\/dev.flydesk.com\/?s={search_term_string}"},"query-input":"required name=search_term_string"}],"inLanguage":"fr-FR"},{"@type":"ImageObject","@id":"https:\/\/dev.flydesk.com\/workspace-certification\/#primaryimage","inLanguage":"fr-FR","url":"https:\/\/mlgucbjxeu1m.i.optimole.com\/cb:B7VA.3e989\/w:auto\/h:auto\/q:mauto\/ig:avif\/f:best\/https:\/\/dev.flydesk.com\/wp-content\/uploads\/2019\/09\/flydesk-icon-white.png","contentUrl":"https:\/\/mlgucbjxeu1m.i.optimole.com\/cb:B7VA.3e989\/w:auto\/h:auto\/q:mauto\/ig:avif\/f:best\/https:\/\/dev.flydesk.com\/wp-content\/uploads\/2019\/09\/flydesk-icon-white.png","width":512,"height":512,"caption":"flydesk-icon-white"},{"@type":"WebPage","@id":"https:\/\/dev.flydesk.com\/workspace-certification\/#webpage","url":"https:\/\/dev.flydesk.com\/workspace-certification\/","name":"Certification label for flexible workspace &mdash; FLYDESK","isPartOf":{"@id":"https:\/\/dev.flydesk.com\/#website"},"primaryImageOfPage":{"@id":"https:\/\/dev.flydesk.com\/workspace-certification\/#primaryimage"},"datePublished":"2019-12-10T11:57:10+00:00","dateModified":"2020-11-03T10:15:17+00:00","description":"Certification label that guarantees the quality, style and comfort of workspace locations empowering the community of flexible work professionals.","breadcrumb":{"@id":"https:\/\/dev.flydesk.com\/workspace-certification\/#breadcrumb"},"inLanguage":"fr-FR","potentialAction":[{"@type":"ReadAction","target":["https:\/\/dev.flydesk.com\/workspace-certification\/"]}]},{"@type":"BreadcrumbList","@id":"https:\/\/dev.flydesk.com\/workspace-certification\/#breadcrumb","itemListElement":[{"@type":"ListItem","position":1,"name":"Home","item":"https:\/\/dev.flydesk.com\/"},{"@type":"ListItem","position":2,"name":"Workspace certification"}]}]}},"_links":{"self":[{"href":"https:\/\/dev.flydesk.com\/fr\/wp-json\/wp\/v2\/pages\/2591","targetHints":{"allow":["GET"]}}],"collection":[{"href":"https:\/\/dev.flydesk.com\/fr\/wp-json\/wp\/v2\/pages"}],"about":[{"href":"https:\/\/dev.flydesk.com\/fr\/wp-json\/wp\/v2\/types\/page"}],"author":[{"embeddable":true,"href":"https:\/\/dev.flydesk.com\/fr\/wp-json\/wp\/v2\/users\/4"}],"replies":[{"embeddable":true,"href":"https:\/\/dev.flydesk.com\/fr\/wp-json\/wp\/v2\/comments?post=2591"}],"version-history":[{"count":0,"href":"https:\/\/dev.flydesk.com\/fr\/wp-json\/wp\/v2\/pages\/2591\/revisions"}],"wp:featuredmedia":[{"embeddable":true,"href":"https:\/\/dev.flydesk.com\/fr\/wp-json\/wp\/v2\/media\/661"}],"wp:attachment":[{"href":"https:\/\/dev.flydesk.com\/fr\/wp-json\/wp\/v2\/media?parent=2591"}],"curies":[{"name":"wp","href":"https:\/\/api.w.org\/{rel}","templated":true}]}}