{"id":95453,"date":"2021-10-11T11:24:35","date_gmt":"2021-10-11T03:24:35","guid":{"rendered":"https:\/\/dev.flydesk.com\/?page_id=35054"},"modified":"2025-03-21T13:58:22","modified_gmt":"2025-03-21T05:58:22","slug":"workspace-listing","status":"publish","type":"page","link":"https:\/\/dev.flydesk.com\/fr\/workspace-listing\/","title":{"rendered":"R\u00e9f\u00e9rencez votre espace de travail sur FLYDESK"},"content":{"rendered":"<h1>\n\t\tRejoignez le r\u00e9seau d&#39;espaces de travail FLYDESK\n\t<\/h1>\n\t\t\t\t<img decoding=\"async\"   src=\"https:\/\/mlgucbjxeu1m.i.optimole.com\/cb:B7VA.3e989\/w:auto\/h:auto\/q:mauto\/ig:avif\/f:best\/http:\/\/dev.flydesk.com\/wp-content\/uploads\/2020\/05\/FLYDESK-Workspace-Map.jpg\"   alt=\"Carte des espaces FLYDESK\"   itemprop=\"image\"   title=\"Carte des espaces FLYDESK\"   onerror=\"this.style.display='none'\"  \/>\n\t<p>Enregistrez gratuitement votre espace de travail sur le r\u00e9seau FLYDESK et commencez \u00e0 recevoir des prospects pour des r\u00e9servations \u00e0 la demande ou des demandes \u00e0 long terme. Envoyez ce formulaire pour entrer en contact avec notre \u00e9quipe d&#39;int\u00e9gration.<\/p>\n\t<div class=\"default-offer-duration-setting\"><input type=\"hidden\"   data-min=\"1\"   data-max=\"24\"   value=\"Hour\"\/><input type=\"hidden\"   data-min=\"1\"   data-max=\"12\"   value=\"Half Day\"\/><input type=\"hidden\"   data-min=\"1\"   data-max=\"30\"   value=\"Day\"\/><input type=\"hidden\"   data-min=\"1\"   data-max=\"6\"   value=\"5 Days\"\/><input type=\"hidden\"   data-min=\"1\"   data-max=\"4\" value=\"Week\"\/><input type=\"hidden\"   data-min=\"1\"   data-max=\"3\" value=\"10 Days\"\/><input type=\"hidden\"   data-min=\"1\"   data-max=\"36\" value=\"Month\"\/><input type=\"hidden\"   data-min=\"1\"   data-max=\"4\" value=\"Quarter\"\/><input type=\"hidden\"   data-min=\"1\"   data-max=\"2\" value=\"Semester\"\/><input type=\"hidden\"   data-min=\"1\"   data-max=\"10\" value=\"Year\"\/><input type=\"hidden\"   data-min=\"1\"   data-max=\"10\" value=\"One Time\"\/><input type=\"hidden\"   data-min=\"15\"  data-max=\"60\" value=\"Minutes\"\/><\/div>\n<div class=\"frm_forms  with_frm_style frm_style_formidable-style\"   id=\"frm_form_12_container\" >\n<form enctype=\"multipart\/form-data\"   method=\"post\"   class=\"frm-show-form  frm_pro_form\"   id=\"form_suggestaworkspaceb14481de21\"  action=\"\"  >\n<div class=\"frm_form_fields\">\n<fieldset>\n<legend class=\"frm_screen_reader\">Sugg\u00e9rer un espace<\/legend>\r\n\r\n<div class=\"frm_fields_container\">\n<input type=\"hidden\"   name=\"frm_action\"   value=\"create\" \/>\n<input type=\"hidden\"   name=\"form_id\"  value=\"12\" \/>\n<input type=\"hidden\"   name=\"frm_hide_fields_12\"   id=\"frm_hide_fields_12\" value=\"\" \/>\n<input type=\"hidden\"   name=\"form_key\"   value=\"suggestaworkspaceb14481de21\" \/>\n<input type=\"hidden\"   name=\"item_meta[0]\" value=\"\" \/>\n<input type=\"hidden\"   id=\"frm_submit_entry_12\"   name=\"frm_submit_entry_12\" value=\"2da5e7ae91\" \/><input type=\"hidden\"   name=\"_wp_http_referer\"   value=\"\/fr\/wp-json\/wp\/v2\/pages\/95453\" \/><div id=\"frm_field_169_container\"   class=\"frm_form_field form-field  frm_required_field frm_top_container\">\r\n    <label for=\"field_6hlvbb1da2d1657\"   id=\"field_6hlvbb1da2d1657_label\" class=\"frm_primary_label\">Courriel professionnel\r\n        <span class=\"frm_required\">*<\/span>\r\n    <\/label>\r\n    <input type=\"email\"   id=\"field_6hlvbb1da2d1657\"   name=\"item_meta[169]\"   value=\"\"    data-reqmsg=\"This field cannot be blank.\"   aria-required=\"true\"   data-invmsg=\"Email is invalid\"   aria-invalid=\"false\"  \/>\r\n    \r\n    \r\n<\/div>\n<div id=\"frm_field_170_container\"   class=\"frm_form_field form-field  frm_required_field frm_top_container frm_half\">\r\n    <label for=\"field_utllq3fdaf87b3e\"   id=\"field_utllq3fdaf87b3e_label\"   class=\"frm_primary_label\">Pr\u00e9nom\r\n        <span class=\"frm_required\">*<\/span>\r\n    <\/label>\r\n    <input type=\"text\"   id=\"field_utllq3fdaf87b3e\"   name=\"item_meta[170]\"   value=\"\"    data-reqmsg=\"This field cannot be blank.\"   aria-required=\"true\"   data-invmsg=\"Text is invalid\"   aria-invalid=\"false\"  \/>\r\n    \r\n    \r\n<\/div>\n<div id=\"frm_field_171_container\"   class=\"frm_form_field form-field  frm_required_field frm_top_container frm_half\">\r\n    <label for=\"field_d4kjwb3d7675f1e\"   id=\"field_d4kjwb3d7675f1e_label\"   class=\"frm_primary_label\">Nom de famille\r\n        <span class=\"frm_required\">*<\/span>\r\n    <\/label>\r\n    <input type=\"text\"   id=\"field_d4kjwb3d7675f1e\"   name=\"item_meta[171]\"   value=\"\"    data-reqmsg=\"This field cannot be blank.\"   aria-required=\"true\"   data-invmsg=\"Text is invalid\"   aria-invalid=\"false\"  \/>\r\n    \r\n    \r\n<\/div>\n<div id=\"frm_field_172_container\"   class=\"frm_form_field form-field  frm_required_field frm_top_container\">\r\n    <label for=\"field_gm0a71afd94e18a\"   id=\"field_gm0a71afd94e18a_label\"   class=\"frm_primary_label\">Nom de la compagnie\r\n        <span class=\"frm_required\">*<\/span>\r\n    <\/label>\r\n    <input type=\"text\"   id=\"field_gm0a71afd94e18a\"   name=\"item_meta[172]\"   value=\"\"    data-reqmsg=\"This field cannot be blank.\"   aria-required=\"true\"   data-invmsg=\"Text is invalid\"   aria-invalid=\"false\"     aria-describedby=\"frm_desc_field_gm0a71afd94e18a\"\/>\r\n    <div class=\"frm_description\"   id=\"frm_desc_field_gm0a71afd94e18a\">R\u00e9seau de l&#39;espace de travail ou nom de l&#39;entreprise h\u00f4te<\/div>\r\n    \r\n<\/div>\n<div id=\"frm_field_693_container\"   class=\"frm_form_field form-field  frm_required_field frm_top_container\">\r\n    <label for=\"field_l1yej\"   id=\"field_l1yej_label\"   class=\"frm_primary_label\">Nombre d&#39;emplacements\r\n        <span class=\"frm_required\"  aria-hidden=\"true\">*<\/span>\r\n    <\/label>\r\n    <input type=\"number\"   id=\"field_l1yej\"   name=\"item_meta[693]\"   value=\"1\"    data-frmval=\"1\"   data-reqmsg=\"This field cannot be blank.\"   aria-required=\"true\"   data-invmsg=\"Number is invalid\"   aria-invalid=\"false\"     min=\"0\"   max=\"9999999\" step=\"any\"\/>\r\n    \r\n    \r\n<\/div>\n<div id=\"frm_field_175_container\"   class=\"frm_form_field form-field  frm_required_field frm_top_container\">\r\n    <label for=\"field_pk47w904db4eb9c\"   id=\"field_pk47w904db4eb9c_label\"   class=\"frm_primary_label\">Adresse de l&#39;emplacement\r\n        <span class=\"frm_required\">*<\/span>\r\n    <\/label>\r\n    <input type=\"text\"   id=\"field_pk47w904db4eb9c\"   name=\"item_meta[175]\"   value=\"\"    data-reqmsg=\"This field cannot be blank.\"   aria-required=\"true\"   data-invmsg=\"Text is invalid\"   aria-invalid=\"false\"     aria-describedby=\"frm_desc_field_pk47w904db4eb9c\"\/>\r\n    <div class=\"frm_description\"   id=\"frm_desc_field_pk47w904db4eb9c\">Un ou plusieurs emplacements<\/div>\r\n    \r\n<\/div>\n<div id=\"frm_field_176_container\"   class=\"frm_form_field form-field  frm_required_field frm_top_container frm_two_col\">\r\n    <div  id=\"field_hx1p79cd3a40bfa_label\"   class=\"frm_primary_label\">Type d&#39;offre d&#39;espace de travail\r\n        <span class=\"frm_required\">*<\/span>\r\n    <\/div>\r\n    <div class=\"frm_opt_container\"   aria-labelledby=\"field_hx1p79cd3a40bfa_label\"   role=\"group\">\t\t<div class=\"frm_checkbox\"   id=\"frm_checkbox_176-0\"><label for=\"field_hx1p79cd3a40bfa-0\"><input type=\"checkbox\"   name=\"item_meta[176][]\"   id=\"field_hx1p79cd3a40bfa-0\"   value=\"Desk\"    data-reqmsg=\"This field cannot be blank.\"   data-invmsg=\"Workspace offer type est non valide\"   aria-invalid=\"false\"   \/> Bureau ouvert<\/label><\/div>\n\t\t<div class=\"frm_checkbox\"   id=\"frm_checkbox_176-3\"><label for=\"field_hx1p79cd3a40bfa-3\"><input type=\"checkbox\"   name=\"item_meta[176][]\"   id=\"field_hx1p79cd3a40bfa-3\"   value=\"Office\"    data-reqmsg=\"This field cannot be blank.\"   data-invmsg=\"Workspace offer type est non valide\"   aria-invalid=\"false\"   \/> Bureau ferm\u00e9<\/label><\/div>\n\t\t<div class=\"frm_checkbox\"   id=\"frm_checkbox_176-4\"><label for=\"field_hx1p79cd3a40bfa-4\"><input type=\"checkbox\"   name=\"item_meta[176][]\"   id=\"field_hx1p79cd3a40bfa-4\"   value=\"Meeting\"    data-reqmsg=\"This field cannot be blank.\"   data-invmsg=\"Workspace offer type est non valide\"   aria-invalid=\"false\"   \/> Salle de r\u00e9union<\/label><\/div>\n\t\t<div class=\"frm_checkbox\"   id=\"frm_checkbox_176-8\"><label for=\"field_hx1p79cd3a40bfa-8\"><input type=\"checkbox\"   name=\"item_meta[176][]\"   id=\"field_hx1p79cd3a40bfa-8\"   value=\"Other\"    data-reqmsg=\"This field cannot be blank.\"   data-invmsg=\"Workspace offer type est non valide\"   aria-invalid=\"false\"   \/> Autre<\/label><\/div>\n<\/div>\r\n    \r\n    \r\n<\/div>\n<div id=\"frm_field_197_container\"   class=\"frm_form_field form-field  frm_top_container\">\r\n    <label for=\"field_wulfj\"   id=\"field_wulfj_label\"   class=\"frm_primary_label\">Site Web de l&#39;espace de travail\r\n        <span class=\"frm_required\"  aria-hidden=\"true\"><\/span>\r\n    <\/label>\r\n    <input type=\"url\"   id=\"field_wulfj\"   name=\"item_meta[197]\"   value=\"\"    data-invmsg=\"Website\/URL is invalid\"   aria-invalid=\"false\"  \/>\r\n    \r\n    \r\n<\/div>\n<div id=\"frm_field_195_container\"   class=\"frm_form_field form-field  frm_top_container\">\r\n    <label for=\"field_ksv0g\"   id=\"field_ksv0g_label\"   class=\"frm_primary_label\">T\u00e9l\u00e9phone\r\n        <span class=\"frm_required\" aria-hidden=\"true\"><\/span>\r\n    <\/label>\r\n    <input type=\"tel\"   id=\"field_ksv0g\"   name=\"item_meta[195]\"   value=\"\"    data-invmsg=\"Phone is invalid\"   aria-invalid=\"false\"   pattern=\"((\\+\\d{1,3}(-|.| )?\\(?\\d\\)?(-| |.)?\\d{1,5})|(\\(?\\d{2,6}\\)?))(-|.| )?(\\d{3,4})(-|.| )?(\\d{4})(( x| ext)\\d{1,5}){0,1}$\"  \/>\r\n    \r\n    \r\n<\/div>\n<div id=\"frm_field_187_container\"   class=\"frm_form_field form-field  frm_top_container\">\r\n    <label for=\"field_98v8d1575218a42\"   id=\"field_98v8d1575218a42_label\"   class=\"frm_primary_label\">Plus d&#39;information\r\n        <span class=\"frm_required\"><\/span>\r\n    <\/label>\r\n    <textarea name=\"item_meta[187]\"   id=\"field_98v8d1575218a42\"   rows=\"5\"    data-invmsg=\"More information est non valide\"   aria-invalid=\"false\"     aria-describedby=\"frm_desc_field_98v8d1575218a42\"><\/textarea>\r\n    <div class=\"frm_description\"   id=\"frm_desc_field_98v8d1575218a42\">Parlez-nous de votre espace de travail<\/div>\r\n    \r\n<\/div>\n<input type=\"hidden\"   name=\"item_meta[190]\"   id=\"field_mfrojca5b92cd1e\"   value=\"Workspace\"    data-frmval=\"Workspace\"   data-invmsg=\"Hidden FLYDESK Contact Type est non valide\"   \/>\n<input type=\"hidden\"   name=\"item_meta[192]\"   id=\"field_hakknac637572c4\"   value=\"Host\"    data-frmval=\"Host\"   data-invmsg=\"Hidden FLYDESK Interest est non valide\"   \/>\n<div id=\"frm_field_193_container\"   class=\"frm_form_field form-field  frm_none_container\">\r\n    <label for=\"g-recaptcha-response\"   id=\"field_gcpq9c7d46a689c_label\"   class=\"frm_primary_label\">reCAPTCHA\r\n        <span class=\"frm_required\"  aria-hidden=\"true\"><\/span>\r\n    <\/label>\r\n    <div id=\"field_gcpq9c7d46a689c\"   class=\"frm-g-recaptcha\"   data-sitekey=\"6LfMp4kaAAAAAL5zpYjYMIue8impdsZZbAyUxi5m\"   data-size=\"invisible\"   data-theme=\"light\"><\/div>\r\n    \r\n    \r\n<\/div>\n\t<input type=\"hidden\"   name=\"item_key\"   value=\"\" \/>\n\t\t\t\t<div class=\"frm_verify\"   aria-hidden=\"true\">\n\t\t\t\t<label for=\"frm_email_12\">\n\t\t\t\t\tSi vous \u00eates un humain, ne remplissez pas ce champ.\t\t\t\t<\/label>\n\t\t\t\t<input type=\"text\"   class=\"frm_verify\"   id=\"frm_email_12\"   name=\"frm_verify\"  value=\"\"  \/>\n\t\t\t<\/div>\n\t\t<div class=\"frm_submit\">\r\n\r\n<button class=\"frm_button_submit frm_final_submit\"   type=\"submit\"     formnovalidate=\"formnovalidate\">Envoyez votre demande<\/button>\r\n\r\n<\/div><\/div>\n<\/fieldset>\n<\/div>\n<p style=\"display: none !important;\"   class=\"akismet-fields-container\"   data-prefix=\"ak_\"><label>&#916;<textarea name=\"ak_hp_textarea\"   cols=\"45\"   rows=\"8\"   maxlength=\"100\"><\/textarea><\/label><input type=\"hidden\"  id=\"ak_js_1\"  name=\"ak_js\"  value=\"189\"\/><script>document.getElementById( \"ak_js_1\" ).setAttribute( \"value\", ( new Date() ).getTime() );<\/script><\/p><input type=\"hidden\"  name=\"trp-form-language\"  value=\"fr\"\/><\/form>\n<\/div>","protected":false},"excerpt":{"rendered":"<p>Rejoignez le r\u00e9seau d&#39;espace de travail FLYDESK R\u00e9pertoriez gratuitement votre espace de travail sur le r\u00e9seau FLYDESK et commencez \u00e0 recevoir des prospects pour des r\u00e9servations \u00e0 la demande ou des demandes de renseignements \u00e0 long terme. Soumettez ce formulaire pour entrer en contact avec notre \u00e9quipe d&#39;int\u00e9gration.<\/p>","protected":false},"author":255,"featured_media":0,"parent":0,"menu_order":0,"comment_status":"closed","ping_status":"closed","template":"","meta":{"footnotes":""},"class_list":["post-95453","page","type-page","status-publish","hentry"],"acf":[],"yoast_head":"<!-- This site is optimized with the Yoast SEO plugin v16.8 - https:\/\/yoast.com\/wordpress\/plugins\/seo\/ -->\n<title>List your workspace on FLYDESK<\/title>\n<meta name=\"description\"  content=\"Increase bookings &amp; visits from prospects by listing your workspace on the FLYDESK workspace network. Join our global network for free today.\" \/>\n<meta name=\"robots\"  content=\"index, follow, max-snippet:-1, max-image-preview:large, max-video-preview:-1\" \/>\n<link rel=\"canonical\"  href=\"https:\/\/dev.flydesk.com\/fr\/workspace-listing\/\" \/>\n<meta property=\"og:locale\"  content=\"fr_FR\" \/>\n<meta property=\"og:type\"  content=\"article\" \/>\n<meta property=\"og:title\"  content=\"List your workspace on FLYDESK\" \/>\n<meta property=\"og:description\"  content=\"Increase bookings &amp; visits from prospects by listing your workspace on the FLYDESK workspace network. Join our global network for free today.\" \/>\n<meta property=\"og:url\"  content=\"https:\/\/dev.flydesk.com\/fr\/workspace-listing\/\" \/>\n<meta property=\"og:site_name\" content=\"FLYDESK\" \/>\n<meta property=\"article:modified_time\"  content=\"2025-03-21T05:58:22+00:00\" \/>\n<meta property=\"og:image\"  content=\"https:\/\/mlgucbjxeu1m.i.optimole.com\/cb:B7VA.3e989\/w:auto\/h:auto\/q:mauto\/ig:avif\/f:best\/http:\/\/dev.flydesk.com\/wp-content\/uploads\/2020\/05\/FLYDESK-Workspace-Map.jpg\" \/>\n<meta name=\"twitter:card\" content=\"summary_large_image\" \/>\n<!-- \/ Yoast SEO plugin. -->","yoast_head_json":{"title":"List your workspace on FLYDESK","description":"Increase bookings & visits from prospects by listing your workspace on the FLYDESK workspace network. Join our global network for free today.","robots":{"index":"index","follow":"follow","max-snippet":"max-snippet:-1","max-image-preview":"max-image-preview:large","max-video-preview":"max-video-preview:-1"},"canonical":"https:\/\/dev.flydesk.com\/fr\/workspace-listing\/","og_locale":"fr_FR","og_type":"article","og_title":"List your workspace on FLYDESK","og_description":"Increase bookings & visits from prospects by listing your workspace on the FLYDESK workspace network. Join our global network for free today.","og_url":"https:\/\/dev.flydesk.com\/fr\/workspace-listing\/","og_site_name":"FLYDESK","article_modified_time":"2025-03-21T05:58:22+00:00","og_image":[{"url":"https:\/\/mlgucbjxeu1m.i.optimole.com\/cb:B7VA.3e989\/w:auto\/h:auto\/q:mauto\/ig:avif\/f:best\/http:\/\/dev.flydesk.com\/wp-content\/uploads\/2020\/05\/FLYDESK-Workspace-Map.jpg"}],"twitter_card":"summary_large_image","schema":{"@context":"https:\/\/schema.org","@graph":[{"@type":"Organization","@id":"https:\/\/dev.flydesk.com\/#organization","name":"FLYDESK","url":"https:\/\/dev.flydesk.com\/","sameAs":[],"logo":{"@type":"ImageObject","@id":"https:\/\/dev.flydesk.com\/#logo","inLanguage":"fr-FR","url":"","contentUrl":"","caption":"FLYDESK"},"image":{"@id":"https:\/\/dev.flydesk.com\/#logo"}},{"@type":"WebSite","@id":"https:\/\/dev.flydesk.com\/#website","url":"https:\/\/dev.flydesk.com\/","name":"FLYDESK","description":"Fly your work with style","publisher":{"@id":"https:\/\/dev.flydesk.com\/#organization"},"potentialAction":[{"@type":"SearchAction","target":{"@type":"EntryPoint","urlTemplate":"https:\/\/dev.flydesk.com\/?s={search_term_string}"},"query-input":"required name=search_term_string"}],"inLanguage":"fr-FR"},{"@type":"ImageObject","@id":"https:\/\/dev.flydesk.com\/workspace-listing\/#primaryimage","inLanguage":"fr-FR","url":"https:\/\/mlgucbjxeu1m.i.optimole.com\/cb:B7VA.3e989\/w:auto\/h:auto\/q:mauto\/ig:avif\/f:best\/http:\/\/dev.flydesk.com\/wp-content\/uploads\/2020\/05\/FLYDESK-Workspace-Map.jpg","contentUrl":"https:\/\/mlgucbjxeu1m.i.optimole.com\/cb:B7VA.3e989\/w:auto\/h:auto\/q:mauto\/ig:avif\/f:best\/http:\/\/dev.flydesk.com\/wp-content\/uploads\/2020\/05\/FLYDESK-Workspace-Map.jpg"},{"@type":"WebPage","@id":"https:\/\/dev.flydesk.com\/workspace-listing\/#webpage","url":"https:\/\/dev.flydesk.com\/workspace-listing\/","name":"List your workspace on FLYDESK","isPartOf":{"@id":"https:\/\/dev.flydesk.com\/#website"},"primaryImageOfPage":{"@id":"https:\/\/dev.flydesk.com\/workspace-listing\/#primaryimage"},"datePublished":"2021-10-11T03:24:35+00:00","dateModified":"2025-03-21T05:58:22+00:00","description":"Increase bookings & visits from prospects by listing your workspace on the FLYDESK workspace network. Join our global network for free today.","breadcrumb":{"@id":"https:\/\/dev.flydesk.com\/workspace-listing\/#breadcrumb"},"inLanguage":"fr-FR","potentialAction":[{"@type":"ReadAction","target":["https:\/\/dev.flydesk.com\/workspace-listing\/"]}]},{"@type":"BreadcrumbList","@id":"https:\/\/dev.flydesk.com\/workspace-listing\/#breadcrumb","itemListElement":[{"@type":"ListItem","position":1,"name":"Home","item":"https:\/\/dev.flydesk.com\/"},{"@type":"ListItem","position":2,"name":"List your workspace on FLYDESK"}]}]}},"_links":{"self":[{"href":"https:\/\/dev.flydesk.com\/fr\/wp-json\/wp\/v2\/pages\/95453","targetHints":{"allow":["GET"]}}],"collection":[{"href":"https:\/\/dev.flydesk.com\/fr\/wp-json\/wp\/v2\/pages"}],"about":[{"href":"https:\/\/dev.flydesk.com\/fr\/wp-json\/wp\/v2\/types\/page"}],"author":[{"embeddable":true,"href":"https:\/\/dev.flydesk.com\/fr\/wp-json\/wp\/v2\/users\/255"}],"replies":[{"embeddable":true,"href":"https:\/\/dev.flydesk.com\/fr\/wp-json\/wp\/v2\/comments?post=95453"}],"version-history":[{"count":1,"href":"https:\/\/dev.flydesk.com\/fr\/wp-json\/wp\/v2\/pages\/95453\/revisions"}],"predecessor-version":[{"id":95454,"href":"https:\/\/dev.flydesk.com\/fr\/wp-json\/wp\/v2\/pages\/95453\/revisions\/95454"}],"wp:attachment":[{"href":"https:\/\/dev.flydesk.com\/fr\/wp-json\/wp\/v2\/media?parent=95453"}],"curies":[{"name":"wp","href":"https:\/\/api.w.org\/{rel}","templated":true}]}}