{"id":1596,"date":"2019-10-24T22:38:37","date_gmt":"2019-10-24T14:38:37","guid":{"rendered":"https:\/\/dev.flydesk.com\/?page_id=1596"},"modified":"2025-03-21T10:41:05","modified_gmt":"2025-03-21T02:41:05","slug":"business-solutions","status":"publish","type":"page","link":"https:\/\/dev.flydesk.com\/pl\/business-solutions\/","title":{"rendered":"Hybrydowe rozwi\u0105zania pracy dla biznesu"},"content":{"rendered":"<h1>\n\t\tHybrydowe rozwi\u0105zania biurowe dla biznesu\n\t<\/h1>\n\t<p>Pomagamy firmom znale\u017a\u0107 najlepsze przestrzenie robocze i narz\u0119dzia do zarz\u0105dzania wsp\u00f3lnymi zespo\u0142ami biurowymi i zdalnymi. Udoskonalamy ich hybrydowy model biurowy, aby zmaksymalizowa\u0107 oszcz\u0119dno\u015bci i wydajno\u015b\u0107.<\/p>\n\t\t\t<a href=\"\"   target=\"_self\"   role=\"button\"   rel=\"noopener\">\n\t\t\t\t\t\t\tZaczynaj\n\t\t\t\t\t<\/a>\n\t<p>Zaufaj swojemu zespo\u0142owi, aby pracowa\u0142 z dowolnego miejsca<\/p>\n\t\t<h2>Sprawimy, \u017ce Tw\u00f3j biznes b\u0119dzie elastyczny<\/h2>\t\t\n\t\t\t<p>FLYDESK projektuje elastyczne rozwi\u0105zania pracy daj\u0105ce wi\u0119ksz\u0105 kontrol\u0119 organizacjom obs\u0142uguj\u0105cym wsp\u00f3\u0142dzielon\u0105 przestrze\u0144 biurow\u0105 i zdalnym zespo\u0142om. Zaufaj naszym ekspertom i dowiedz si\u0119, jak ufa\u0107 swoim elastycznym i zdalnym zespo\u0142om.<\/p>\n\t\t<h3>Ordynacyjny<\/h3>\t\t\n\t\t\t\t<img decoding=\"async\"   src=\"https:\/\/mlgucbjxeu1m.i.optimole.com\/cb:B7VA.3e989\/w:200\/h:201\/q:mauto\/ig:avif\/f:best\/https:\/\/dev.flydesk.com\/wp-content\/uploads\/2019\/10\/Transform-PNG.png\"   alt=\"Przekszta\u0142\u0107 PNG\"   itemprop=\"image\"   height=\"201\"   width=\"200\"   title=\"Przekszta\u0142\u0107 PNG\"   onerror=\"this.style.display='none'\"  \/>\n\t\t<h3><\/h3>\t\t\n\t\t\t<p>Elastyczna transformacja pracy<\/p>\n\t\t<h3>Obszar roboczy<\/h3>\t\t\n\t\t\t\t<img decoding=\"async\"   src=\"https:\/\/mlgucbjxeu1m.i.optimole.com\/cb:B7VA.3e989\/w:200\/h:199\/q:mauto\/ig:avif\/f:best\/https:\/\/dev.flydesk.com\/wp-content\/uploads\/2019\/10\/comfort-workspace-PNG.png\"   alt=\"komfort - przestrze\u0144 robocza PNG\"   itemprop=\"image\"   height=\"199\"   width=\"200\"   title=\"komfort - przestrze\u0144 robocza PNG\"   onerror=\"this.style.display='none'\"  \/>\n\t\t<h3><\/h3>\t\t\n\t\t\t<p>Elastyczne wyszukiwanie i projektowanie biura<\/p>\n\t\t<h3>Technologia<\/h3>\t\t\n\t\t\t\t<img decoding=\"async\"   src=\"https:\/\/mlgucbjxeu1m.i.optimole.com\/cb:B7VA.3e989\/w:200\/h:200\/q:mauto\/ig:avif\/f:best\/https:\/\/dev.flydesk.com\/wp-content\/uploads\/2019\/10\/Networking-Management-PNG.png\"   alt=\"Sie\u0107 \u2014 zarz\u0105dzanie PNG\"   itemprop=\"image\"   height=\"200\"   width=\"200\"   title=\"Sie\u0107 \u2014 zarz\u0105dzanie PNG\"   onerror=\"this.style.display='none'\"  \/>\n\t\t<h3><\/h3>\t\t\n\t\t\t<p>Elastyczne zarz\u0105dzanie biurem i zespo\u0142em<\/p>\n\t\t\t\t<img decoding=\"async\"   src=\"https:\/\/mlgucbjxeu1m.i.optimole.com\/cb:B7VA.3e989\/w:auto\/h:auto\/q:mauto\/ig:avif\/f:best\/https:\/\/dev.flydesk.com\/wp-content\/uploads\/2022\/12\/FLYDESK-App-Home-Mobile-V1.png\"   alt=\"FLYDESK Aplikacja domowa mobilna V1\"   itemprop=\"image\"   title=\"FLYDESK Aplikacja domowa mobilna V1\"   onerror=\"this.style.display='none'\"  \/>\n<h2>\n\t\tW\u0142\u0105cz prac\u0119 hybrydow\u0105 dla swojej firmy\n\t<\/h2>\n\t<p>Ekspertyza do zbudowania elastycznego modelu pracy<\/p>\n\t<p>FLYDESK pomaga zbudowa\u0107 idealn\u0105 hybrydow\u0105 kultur\u0119 pracy dla Twojego zespo\u0142u dzi\u0119ki skutecznej elastycznej polityce pracy, najlepszym praktykom pracy hybrydowej i technologii.<\/p>\n\t\t\t<a href=\"https:\/\/dev.flydesk.com\/pl\/hybrid-work-diagnosis\/\"   target=\"_self\"   role=\"button\"   rel=\"noopener\">\n\t\t\t\t\t\t\tZapytaj o bezp\u0142atn\u0105 diagnoz\u0119\n\t\t\t\t\t<\/a>\n\t<p>Elastyczna przestrze\u0144 biurowa dopasowana do Twojego biznesu<\/p>\n\t<p>FLYDESK znajduje najlepsze elastyczne przestrzenie robocze, od wsp\u00f3lnych przestrzeni biurowych obs\u0142ugiwanych przez naszych partner\u00f3w po projektowanie niestandardowej przestrzeni biurowej dla Twojego elastycznego zespo\u0142u.<\/p>\n\t\t\t<a href=\"https:\/\/dev.flydesk.com\/pl\/workspace\/\"   target=\"_self\"   role=\"button\"   rel=\"noopener\">\n\t\t\t\t\t\t\tZnajd\u017a elastyczn\u0105 powierzchni\u0119 biurow\u0105\n\t\t\t\t\t<\/a>\n\t<p>Zapewnij swojemu zespo\u0142owi mo\u017cliwo\u015b\u0107 pracy z dowolnego miejsca<\/p>\n\t<p>FLYDESK umo\u017cliwia zespo\u0142om hybrydowym przejrzyste zarz\u0105dzanie harmonogramem pracy i u\u0142atwia rezerwacj\u0119 wsp\u00f3\u0142dzielonej przestrzeni biurowej.<\/p>\n\t\t\t\t<img decoding=\"async\"   src=\"https:\/\/mlgucbjxeu1m.i.optimole.com\/cb:B7VA.3e989\/w:auto\/h:auto\/q:mauto\/ig:avif\/f:best\/https:\/\/dev.flydesk.com\/wp-content\/uploads\/2022\/12\/FLYDESK-App-More-V1.png\"   alt=\"Aplikacja FLYDESK Wi\u0119cej V1\"   itemprop=\"image\"   title=\"Aplikacja FLYDESK Wi\u0119cej V1\"   onerror=\"this.style.display='none'\"  \/>\n\t\t\t<a href=\"https:\/\/dev.flydesk.com\/pl\/app\/\"   target=\"_self\"   role=\"button\" rel=\"noopener\">\n\t\t\t\t\t\t\tWypr\u00f3buj nasz\u0105 hybrydow\u0105 aplikacj\u0119 do pracy\n\t\t\t\t\t<\/a>\n\t\t\t\t<img data-opt-src=\"https:\/\/mlgucbjxeu1m.i.optimole.com\/cb:B7VA.3e989\/w:1024\/h:683\/q:mauto\/ig:avif\/f:best\/https:\/\/dev.flydesk.com\/wp-content\/uploads\/2019\/10\/brooke-cagle-g1Kr4Ozfoac-unsplash.jpg\"   decoding=\"async\"   src=\"https:\/\/mlgucbjxeu1m.i.optimole.com\/cb:B7VA.3e989\/w:1024\/h:683\/q:eco\/ig:avif\/f:best\/https:\/\/dev.flydesk.com\/wp-content\/uploads\/2019\/10\/brooke-cagle-g1Kr4Ozfoac-unsplash.jpg\"   alt=\"brooke-cagle-g1Kr4Ozfoac-unsplash\"   itemprop=\"image\"   height=\"683\"   width=\"1024\"   title=\"brooke-cagle-g1Kr4Ozfoac-unsplash\"   onerror=\"this.style.display='none'\"  \/>\n<h2>\n\t\tKorzy\u015bci z pracy hybrydowej dla Twojej firmy\n\t<\/h2>\n\t<p>Powierzchnia biurowa i oszcz\u0119dno\u015b\u0107 koszt\u00f3w<\/p>\n\t<p>Obni\u017cone koszty zwi\u0105zane z wynajmem powierzchni biurowej, sprz\u0119tem, op\u0142atami rekrutacyjnymi, kosztami podr\u00f3\u017cy i optymalizacj\u0105 wynagrodzenia pracownik\u00f3w.<\/p>\n\t<p>Satysfakcja i wydajno\u015b\u0107 ludzi<\/p>\n\t<p>Mniej czasu sp\u0119dzonego w transporcie i swoboda pracy z dowolnego miejsca skutkuje lojalno\u015bci\u0105 pracownik\u00f3w, wydajno\u015bci\u0105, szcz\u0119\u015bciem i lepszym zdrowiem przy ni\u017cszych poziomach stesu.<\/p>\n\t<p>Lepszy \u015blad w\u0119glowy<\/p>\n\t<p>Mniejsze biura pozwalaj\u0105 zaoszcz\u0119dzi\u0107 energi\u0119 (\u015bwiat\u0142o, klimatyzacja, ogrzewanie\u2026), a mniej dojazd\u00f3w do pracy w godzinach szczytu, szczeg\u00f3lnie w godzinach szczytu, znacznie zmniejsza wp\u0142yw na emisj\u0119 CO2.<\/p>\n\t\t\t<a href=\"\"   target=\"_self\"   role=\"button\"   rel=\"noopener\">\n\t\t\t\t\t\t\tUdost\u0119pnij sw\u00f3j projekt\n\t\t\t\t\t<\/a>\n                <h5>Zapytanie biznesowe<\/h5>\n                <button type=\"button\"   data-dismiss=\"modal\"  aria-label=\"Close\">\n                    \u00d7\n                <\/button>\n<form enctype=\"multipart\/form-data\"   method=\"post\"   id=\"form_makeyourbusinessflexible\"  action=\"\">\n<fieldset>\n<legend>Zapytanie o rozwi\u0105zanie biznesowe<\/legend>\n<input type=\"hidden\"   name=\"frm_action\"   value=\"create\" \/>\n<input type=\"hidden\"   name=\"form_id\"   value=\"24\" \/>\n<input type=\"hidden\"   name=\"frm_hide_fields_24\"   id=\"frm_hide_fields_24\" value=\"\" \/>\n<input type=\"hidden\"   name=\"form_key\"   value=\"makeyourbusinessflexible\" \/>\n<input type=\"hidden\"   name=\"item_meta[0]\" value=\"\" \/>\n<input type=\"hidden\"   id=\"frm_submit_entry_24\"   name=\"frm_submit_entry_24\" value=\"64783d57cc\" \/><input type=\"hidden\"   name=\"_wp_http_referer\"   value=\"\/?page_id=1596&amp;fl_builder\" \/>\n    <label for=\"field_6hlvbb1da2d1657c651f0076ef0edf2d076f351b55388\"   id=\"field_6hlvbb1da2d1657c651f0076ef0edf2d076f351b55388_label\">Biznesowy adres e-mail *\n    <\/label>\n    <input type=\"email\"   id=\"field_6hlvbb1da2d1657c651f0076ef0edf2d076f351b55388\"   name=\"item_meta[379]\"   value=\"\"    data-reqmsg=\"This field cannot be blank.\"   aria-required=\"true\"   data-invmsg=\"Email is invalid\"   aria-invalid=\"false\"  \/>\n    <label for=\"field_utllq3fdaf87b3e91cc394c60f5c5ff4b41845144c19a\"   id=\"field_utllq3fdaf87b3e91cc394c60f5c5ff4b41845144c19a_label\">Imi\u0119 *\n    <\/label>\n    <input type=\"text\"   id=\"field_utllq3fdaf87b3e91cc394c60f5c5ff4b41845144c19a\"   name=\"item_meta[380]\"   value=\"\"    data-reqmsg=\"This field cannot be blank.\"   aria-required=\"true\"   data-invmsg=\"Text is invalid\"   aria-invalid=\"false\"  \/>\n    <label for=\"field_d4kjwb3d7675f1ea9f169e4cda5295ec6961b10cc92ac\"   id=\"field_d4kjwb3d7675f1ea9f169e4cda5295ec6961b10cc92ac_label\">Nazwisko *\n    <\/label>\n    <input type=\"text\"   id=\"field_d4kjwb3d7675f1ea9f169e4cda5295ec6961b10cc92ac\"   name=\"item_meta[381]\"   value=\"\"    data-reqmsg=\"This field cannot be blank.\"   aria-required=\"true\"   data-invmsg=\"Text is invalid\"   aria-invalid=\"false\"  \/>\n    <label for=\"field_gm0a71afd94e18a7bb5d7dcd8a32998bab1237ca18709\"   id=\"field_gm0a71afd94e18a7bb5d7dcd8a32998bab1237ca18709_label\">Nazwa firmy *\n    <\/label>\n    <input type=\"text\"   id=\"field_gm0a71afd94e18a7bb5d7dcd8a32998bab1237ca18709\"   name=\"item_meta[382]\"   value=\"\"    data-reqmsg=\"This field cannot be blank.\"   aria-required=\"true\"   data-invmsg=\"Text is invalid\"   aria-invalid=\"false\"  \/>\n    <label for=\"field_sosg0\"   id=\"field_sosg0_label\">Wielko\u015b\u0107 dru\u017cyny *\n    <\/label>\n    <input type=\"number\"   id=\"field_sosg0\"   name=\"item_meta[393]\"   value=\"\"    data-reqmsg=\"This field cannot be blank.\"   aria-required=\"true\"   data-invmsg=\"Number is invalid\"   aria-invalid=\"false\"     min=\"0\"   max=\"9999999\" step=\"any\"\/>\n    Czego szukasz *\n    \t\t<label for=\"field_3ms5f557b13564b-3\"><input type=\"checkbox\"   name=\"item_meta[384][]\"   id=\"field_3ms5f557b13564b-3\"   value=\"Hybrid work app\"    data-reqmsg=\"This field cannot be blank.\"   data-invmsg=\"What are you looking for is invalid\"  aria-invalid=\"false\"   \/> Hybrydowa aplikacja robocza<\/label>\n\t\t<label for=\"field_3ms5f557b13564b-1\"><input type=\"checkbox\"   name=\"item_meta[384][]\"   id=\"field_3ms5f557b13564b-1\"   value=\"Office search\"    data-reqmsg=\"This field cannot be blank.\"   data-invmsg=\"What are you looking for is invalid\"   aria-invalid=\"false\"   \/> Wyszukiwanie w biurze<\/label>\n\t\t<label for=\"field_3ms5f557b13564b-0\"><input type=\"checkbox\"   name=\"item_meta[384][]\"   id=\"field_3ms5f557b13564b-0\"   value=\"Consulting service\"    data-reqmsg=\"This field cannot be blank.\"   data-invmsg=\"What are you looking for is invalid\"   aria-invalid=\"false\"   \/> Us\u0142ugi konsultingowe<\/label>\n\t\t<label for=\"field_3ms5f557b13564b-other_5\"><input type=\"checkbox\"   name=\"item_meta[384][other_5]\"   id=\"field_3ms5f557b13564b-other_5\"   value=\"Other\"    data-reqmsg=\"This field cannot be blank.\"   data-invmsg=\"What are you looking for is invalid\"   aria-invalid=\"false\"   \/> Inny<\/label><label for=\"field_3ms5f557b13564b-other_5-otext\" >Inny<\/label><input type=\"text\"   id=\"field_3ms5f557b13564b-other_5-otext\"    name=\"item_meta[other][384][other_5]\"   value=\"\" \/>\n    <label for=\"field_98v8d1575218a43ce6ecc0e4b339b8e746eec725471c\"   id=\"field_98v8d1575218a43ce6ecc0e4b339b8e746eec725471c_label\">Twoja wiadomo\u015b\u0107\n    <\/label>\n    <textarea name=\"item_meta[387]\"   id=\"field_98v8d1575218a43ce6ecc0e4b339b8e746eec725471c\"   rows=\"5\"    data-invmsg=\"Your message is invalid\"   aria-invalid=\"false\"     aria-describedby=\"frm_desc_field_98v8d1575218a43ce6ecc0e4b339b8e746eec725471c\"><\/textarea>\n    Powiedz nam, jak mo\u017cemy Ci pom\u00f3c\n<input type=\"hidden\"   name=\"item_meta[388]\"   id=\"field_mfrojca5b92cd1e6966cf473fe6c6540a4953a6aa54e8\"   value=\"Prospect\"    data-frmval=\"Prospect\"   data-invmsg=\"Hidden FLYDESK Contact Type is invalid\"   \/>\n<input type=\"hidden\"   name=\"item_meta[389]\"   id=\"field_hakknac637572c45cfb55a081df10e3e24bc5d47665a2\"   value=\"Team\"    data-frmval=\"Team\"  data-invmsg=\"Hidden FLYDESK Interest is invalid\"   \/>\n<input type=\"hidden\"   name=\"item_meta[390]\"   id=\"field_k7h1j1b59578da2\"   value=\"Prospect - Consideration\"    data-frmval=\"Prospect - Consideration\" data-invmsg=\"Hidden FLYDESK Lifecycle is invalid\"   \/>\n    <label for=\"g-recaptcha-response\" id=\"field_gcpq9c7d46a689c45b3abe088d5d529e1c6f36242846b_label\">reCAPTCHA\n    <\/label>\n\t<input type=\"hidden\"   name=\"item_key\"   value=\"\" \/>\n\t\t\t\t<label for=\"frm_email_24\">\n\t\t\t\t\tJe\u015bli jeste\u015b cz\u0142owiekiem, pozostaw to pole puste.\t\t\t\t<\/label>\n\t\t\t\t<input type=\"text\"   id=\"frm_email_24\"   name=\"frm_verify\"  value=\"\"  \/>\n<button type=\"submit\"    formnovalidate=\"formnovalidate\">Sk\u0142ada\u0107<\/button>\n<\/fieldset>\n<input type=\"hidden\"  name=\"trp-form-language\"  value=\"pl\"\/><\/form>","protected":false},"excerpt":{"rendered":"<p>Hybrydowe rozwi\u0105zania biurowe dla biznesu Pomagamy firmom znale\u017a\u0107 najlepsze miejsca pracy i narz\u0119dzia do zarz\u0105dzania ich wsp\u00f3lnymi zespo\u0142ami biurowymi i zdalnymi. Udoskonalamy ich hybrydowy model biurowy, aby zmaksymalizowa\u0107 oszcz\u0119dno\u015bci i wydajno\u015b\u0107. Rozpocznij Zaufaj swojemu zespo\u0142owi, aby m\u00f3g\u0142 pracowa\u0107 z dowolnego miejsca Uelastyczniamy Twoj\u0105 firm\u0119 FLYDESK projektuje elastyczne rozwi\u0105zania pracy daj\u0105ce wi\u0119ksz\u0105 kontrol\u0119\u2026<\/p>","protected":false},"author":1,"featured_media":1,"parent":0,"menu_order":0,"comment_status":"closed","ping_status":"closed","template":"","meta":{"footnotes":""},"class_list":["post-1596","page","type-page","status-publish","has-post-thumbnail","hentry"],"acf":[],"yoast_head":"<!-- This site is optimized with the Yoast SEO plugin v16.8 - https:\/\/yoast.com\/wordpress\/plugins\/seo\/ -->\n<title>Hybrid work solutions for business &mdash; FLYDESK<\/title>\n<meta name=\"robots\"  content=\"index, follow, max-snippet:-1, max-image-preview:large, max-video-preview:-1\" \/>\n<link rel=\"canonical\"  href=\"https:\/\/dev.flydesk.com\/pl\/business-solutions\/\" \/>\n<meta property=\"og:locale\"  content=\"pl_PL\" \/>\n<meta property=\"og:type\"  content=\"article\" \/>\n<meta property=\"og:title\"  content=\"Hybrid work solutions for business &mdash; FLYDESK\" \/>\n<meta property=\"og:description\"  content=\"Hybrid office solutions for business We help companies find the best workspaces and tools to manage their shared office &amp; remote teams. We improve their hybrid office model to maximize savings &amp; performance. Get started Trust your team to work from anywhere We make your business flexible FLYDESK designs flexible work solutions giving greater control&hellip;\" \/>\n<meta property=\"og:url\"  content=\"https:\/\/dev.flydesk.com\/pl\/business-solutions\/\" \/>\n<meta property=\"og:site_name\" content=\"FLYDESK\" \/>\n<meta property=\"article:modified_time\"  content=\"2025-03-21T02:41:05+00:00\" \/>\n<meta name=\"twitter:card\" content=\"summary_large_image\" \/>\n<meta name=\"twitter:label1\"  content=\"Szacowany czas czytania\" \/>\n\t<meta name=\"twitter:data1\" content=\"2 minuty\" \/>\n<!-- \/ Yoast SEO plugin. -->","yoast_head_json":{"title":"Hybrid work solutions for business &mdash; FLYDESK","robots":{"index":"index","follow":"follow","max-snippet":"max-snippet:-1","max-image-preview":"max-image-preview:large","max-video-preview":"max-video-preview:-1"},"canonical":"https:\/\/dev.flydesk.com\/pl\/business-solutions\/","og_locale":"pl_PL","og_type":"article","og_title":"Hybrid work solutions for business &mdash; FLYDESK","og_description":"Hybrid office solutions for business We help companies find the best workspaces and tools to manage their shared office &amp; remote teams. We improve their hybrid office model to maximize savings &amp; performance. Get started Trust your team to work from anywhere We make your business flexible FLYDESK designs flexible work solutions giving greater control&hellip;","og_url":"https:\/\/dev.flydesk.com\/pl\/business-solutions\/","og_site_name":"FLYDESK","article_modified_time":"2025-03-21T02:41:05+00:00","twitter_card":"summary_large_image","twitter_misc":{"Szacowany czas czytania":"2 minuty"},"schema":{"@context":"https:\/\/schema.org","@graph":[{"@type":"Organization","@id":"https:\/\/dev.flydesk.com\/#organization","name":"FLYDESK","url":"https:\/\/dev.flydesk.com\/","sameAs":[],"logo":{"@type":"ImageObject","@id":"https:\/\/dev.flydesk.com\/#logo","inLanguage":"pl-PL","url":"","contentUrl":"","caption":"FLYDESK"},"image":{"@id":"https:\/\/dev.flydesk.com\/#logo"}},{"@type":"WebSite","@id":"https:\/\/dev.flydesk.com\/#website","url":"https:\/\/dev.flydesk.com\/","name":"FLYDESK","description":"Fly your work with style","publisher":{"@id":"https:\/\/dev.flydesk.com\/#organization"},"potentialAction":[{"@type":"SearchAction","target":{"@type":"EntryPoint","urlTemplate":"https:\/\/dev.flydesk.com\/?s={search_term_string}"},"query-input":"required name=search_term_string"}],"inLanguage":"pl-PL"},{"@type":"ImageObject","@id":"https:\/\/dev.flydesk.com\/business-solutions\/#primaryimage","inLanguage":"pl-PL","url":"","contentUrl":""},{"@type":"WebPage","@id":"https:\/\/dev.flydesk.com\/business-solutions\/#webpage","url":"https:\/\/dev.flydesk.com\/business-solutions\/","name":"Hybrid work solutions for business &mdash; FLYDESK","isPartOf":{"@id":"https:\/\/dev.flydesk.com\/#website"},"primaryImageOfPage":{"@id":"https:\/\/dev.flydesk.com\/business-solutions\/#primaryimage"},"datePublished":"2019-10-24T14:38:37+00:00","dateModified":"2025-03-21T02:41:05+00:00","breadcrumb":{"@id":"https:\/\/dev.flydesk.com\/business-solutions\/#breadcrumb"},"inLanguage":"pl-PL","potentialAction":[{"@type":"ReadAction","target":["https:\/\/dev.flydesk.com\/business-solutions\/"]}]},{"@type":"BreadcrumbList","@id":"https:\/\/dev.flydesk.com\/business-solutions\/#breadcrumb","itemListElement":[{"@type":"ListItem","position":1,"name":"Home","item":"https:\/\/dev.flydesk.com\/"},{"@type":"ListItem","position":2,"name":"Hybrid work solutions for business"}]}]}},"_links":{"self":[{"href":"https:\/\/dev.flydesk.com\/pl\/wp-json\/wp\/v2\/pages\/1596","targetHints":{"allow":["GET"]}}],"collection":[{"href":"https:\/\/dev.flydesk.com\/pl\/wp-json\/wp\/v2\/pages"}],"about":[{"href":"https:\/\/dev.flydesk.com\/pl\/wp-json\/wp\/v2\/types\/page"}],"author":[{"embeddable":true,"href":"https:\/\/dev.flydesk.com\/pl\/wp-json\/wp\/v2\/users\/1"}],"replies":[{"embeddable":true,"href":"https:\/\/dev.flydesk.com\/pl\/wp-json\/wp\/v2\/comments?post=1596"}],"version-history":[{"count":1,"href":"https:\/\/dev.flydesk.com\/pl\/wp-json\/wp\/v2\/pages\/1596\/revisions"}],"predecessor-version":[{"id":95433,"href":"https:\/\/dev.flydesk.com\/pl\/wp-json\/wp\/v2\/pages\/1596\/revisions\/95433"}],"wp:featuredmedia":[{"embeddable":true,"href":"https:\/\/dev.flydesk.com\/pl\/wp-json\/wp\/v2\/posts\/1"}],"wp:attachment":[{"href":"https:\/\/dev.flydesk.com\/pl\/wp-json\/wp\/v2\/media?parent=1596"}],"curies":[{"name":"wp","href":"https:\/\/api.w.org\/{rel}","templated":true}]}}