{"id":3216,"date":"2020-02-06T09:58:23","date_gmt":"2020-02-06T01:58:23","guid":{"rendered":"https:\/\/dev.flydesk.com\/?page_id=3216"},"modified":"2021-10-29T14:51:34","modified_gmt":"2021-10-29T06:51:34","slug":"general-workspace-enquiry","status":"publish","type":"page","link":"https:\/\/dev.flydesk.com\/pl\/general-workspace-enquiry\/","title":{"rendered":"Og\u00f3lne zapytanie o obszar roboczy"},"content":{"rendered":"<h1>Zapytaj o swoje miejsce pracy<\/h1>\t\t\n\t\t\t<p>Zg\u0142o\u015b swoje miejsce pracy i zaoferuj wymagania, takie jak hotdesk, sala konferencyjna lub biuro do wynaj\u0119cia, a my skontaktujemy si\u0119 z Tob\u0105 w mgnieniu oka.<\/p>\n\t<p>1<\/p>\n\t\t<h2>DOWIADYWA\u0106 SI\u0118<\/h2>\t\t\n\t\t\t<p>Prze\u015blij ten formularz z preferencjami dotycz\u0105cymi obszaru roboczego<\/p>\n\t<p>2<\/p>\n\t\t<h2>WNIOSEK<\/h2>\t\t\n\t\t\t<p>W ci\u0105gu 24h odezwiemy si\u0119 z propozycjami<\/p>\n\t<p>3<\/p>\n\t\t<h2>ODWIEDZA\u0106<\/h2>\t\t\n\t\t\t<p>Organizujemy wizyty na podstawie Twojego wyboru<\/p>\n\t\t<h1><\/h1>\n\t\t\t<a href=\"#start\"   target=\"_self\"   role=\"button\"   rel=\"noopener\">\n\t\t\t\t\t\t\t<\/a>\n\t<div class=\"frm_forms  with_frm_style frm_style_formidable-style\"   id=\"frm_form_9_container\" >\n<form enctype=\"multipart\/form-data\"   method=\"post\"   class=\"frm-show-form  frm_js_validate  frm_pro_form  frm_ajax_submit\"   id=\"form_generalworkspaceenquiry\"  action=\"\"  >\n<div class=\"frm_form_fields\">\n<fieldset>\n<legend class=\"frm_screen_reader\">Og\u00f3lne zapytanie o obszar roboczy<\/legend>\r\n\r\n<div class=\"frm_fields_container\">\n<input type=\"hidden\"   name=\"frm_action\"   value=\"create\" \/>\n<input type=\"hidden\"   name=\"form_id\" value=\"9\" \/>\n<input type=\"hidden\"   name=\"frm_hide_fields_9\"   id=\"frm_hide_fields_9\" value=\"\" \/>\n<input type=\"hidden\"   name=\"form_key\"   value=\"generalworkspaceenquiry\" \/>\n<input type=\"hidden\"   name=\"item_meta[0]\" value=\"\" \/>\n<input type=\"hidden\"   id=\"frm_submit_entry_9\"   name=\"frm_submit_entry_9\" value=\"2da5e7ae91\" \/><input type=\"hidden\"   name=\"_wp_http_referer\"   value=\"\/pl\/wp-json\/wp\/v2\/pages\/3216\" \/><div id=\"frm_field_138_container\"   class=\"frm_form_field form-field  frm_required_field frm_top_container\">\r\n    <label for=\"field_6hlvb\"   id=\"field_6hlvb_label\" class=\"frm_primary_label\">Biznesowy adres e-mail\r\n        <span class=\"frm_required\">*<\/span>\r\n    <\/label>\r\n    <input type=\"email\"   id=\"field_6hlvb\"   name=\"item_meta[138]\"   value=\"\"    data-reqmsg=\"This field cannot be blank.\"   aria-required=\"true\"   data-invmsg=\"Email is invalid\"   aria-invalid=\"false\"  \/>\r\n    \r\n    \r\n<\/div>\n<div id=\"frm_field_139_container\"   class=\"frm_form_field form-field  frm_required_field frm_top_container frm_half\">\r\n    <label for=\"field_utllq\"   id=\"field_utllq_label\"   class=\"frm_primary_label\">Imi\u0119\r\n        <span class=\"frm_required\">*<\/span>\r\n    <\/label>\r\n    <input type=\"text\"   id=\"field_utllq\"   name=\"item_meta[139]\"   value=\"\"    data-reqmsg=\"This field cannot be blank.\"   aria-required=\"true\"   data-invmsg=\"Name only allows alphabetic characters\"   aria-invalid=\"false\"   pattern=\"([^0-9&#039;]+)$\"  \/>\r\n    \r\n    \r\n<\/div>\n<div id=\"frm_field_140_container\"   class=\"frm_form_field form-field  frm_required_field frm_top_container frm_half\">\r\n    <label for=\"field_d4kjw\"   id=\"field_d4kjw_label\"   class=\"frm_primary_label\">Nazwisko\r\n        <span class=\"frm_required\">*<\/span>\r\n    <\/label>\r\n    <input type=\"text\"   id=\"field_d4kjw\"   name=\"item_meta[140]\"   value=\"\"    data-reqmsg=\"This field cannot be blank.\"   aria-required=\"true\"   data-invmsg=\"Name only allows alphabetic characters\"   aria-invalid=\"false\"   pattern=\"([^0-9&#039;]+)$\"  \/>\r\n    \r\n    \r\n<\/div>\n<div id=\"frm_field_143_container\"   class=\"frm_form_field form-field  frm_required_field frm_top_container\">\r\n    <label for=\"field_86p77\"   id=\"field_86p77_label\"   class=\"frm_primary_label\">Telefon\r\n        <span class=\"frm_required\">*<\/span>\r\n    <\/label>\r\n    <input type=\"tel\"   id=\"field_86p77\"   name=\"item_meta[143]\"   value=\"\"    data-reqmsg=\"This field cannot be blank.\"   aria-required=\"true\"   data-invmsg=\"Phone is invalid\"   aria-invalid=\"false\"   pattern=\"((\\+\\d{1,3}(-|.| )?\\(?\\d\\)?(-| |.)?\\d{1,5})|(\\(?\\d{2,6}\\)?))(-|.| )?(\\d{3,4})(-|.| )?(\\d{4})(( x| ext)\\d{1,5}){0,1}$\"  \/>\r\n    \r\n    \r\n<\/div>\n<div id=\"frm_field_141_container\"   class=\"frm_form_field form-field  frm_required_field frm_top_container\">\r\n    <label for=\"field_gm0a7\"   id=\"field_gm0a7_label\"   class=\"frm_primary_label\">Sp\u00f3\u0142ka\r\n        <span class=\"frm_required\">*<\/span>\r\n    <\/label>\r\n    <input type=\"text\"   id=\"field_gm0a7\"   name=\"item_meta[141]\"   value=\"\"    data-reqmsg=\"This field cannot be blank.\"   aria-required=\"true\"   data-invmsg=\"Text is invalid\"   aria-invalid=\"false\"  \/>\r\n    \r\n    \r\n<\/div>\n<div id=\"frm_field_144_container\"   class=\"frm_form_field form-field  frm_required_field frm_top_container\">\r\n    <label for=\"field_pk47w\"   id=\"field_pk47w_label\"   class=\"frm_primary_label\">Lokalizacja\r\n        <span class=\"frm_required\">*<\/span>\r\n    <\/label>\r\n    <input type=\"text\"   id=\"field_pk47w\"   name=\"item_meta[144]\"   value=\"\"    data-reqmsg=\"This field cannot be blank.\"   aria-required=\"true\"   data-invmsg=\"Text is invalid\"   aria-invalid=\"false\"     aria-describedby=\"frm_desc_field_pk47w\"\/>\r\n    <div class=\"frm_description\"   id=\"frm_desc_field_pk47w\">Powiedz nam co najmniej jedn\u0105 preferowan\u0105 dzielnic\u0119 lub stacj\u0119 transportu publicznego<\/div>\r\n    \r\n<\/div>\n<div id=\"frm_field_145_container\"   class=\"frm_form_field form-field  frm_required_field frm_top_container frm_two_col\">\r\n    <div  id=\"field_hx1p7_label\"   class=\"frm_primary_label\">Rodzaj oferty\r\n        <span class=\"frm_required\">*<\/span>\r\n    <\/div>\r\n    <div class=\"frm_opt_container\"   aria-labelledby=\"field_hx1p7_label\"   role=\"group\">\t\t<div class=\"frm_checkbox\"   id=\"frm_checkbox_145-0\"><label for=\"field_hx1p7-0\"><input type=\"checkbox\"   name=\"item_meta[145][]\"   id=\"field_hx1p7-0\"   value=\"Desk\"    data-reqmsg=\"This field cannot be blank.\"   data-invmsg=\"Offer type is invalid\"   aria-invalid=\"false\"   \/> Biurko<\/label><\/div>\n\t\t<div class=\"frm_checkbox\"   id=\"frm_checkbox_145-1\"><label for=\"field_hx1p7-1\"><input type=\"checkbox\"   name=\"item_meta[145][]\"   id=\"field_hx1p7-1\"   value=\"Meeting\"    data-reqmsg=\"This field cannot be blank.\"   data-invmsg=\"Offer type is invalid\"   aria-invalid=\"false\"   \/> Spotkanie<\/label><\/div>\n\t\t<div class=\"frm_checkbox\"   id=\"frm_checkbox_145-3\"><label for=\"field_hx1p7-3\"><input type=\"checkbox\"   name=\"item_meta[145][]\"   id=\"field_hx1p7-3\"   value=\"Office\"    data-reqmsg=\"This field cannot be blank.\"   data-invmsg=\"Offer type is invalid\"   aria-invalid=\"false\"   \/> Gabinet<\/label><\/div>\n\t\t<div class=\"frm_checkbox\"   id=\"frm_checkbox_145-4\"><label for=\"field_hx1p7-4\"><input type=\"checkbox\"   name=\"item_meta[145][]\"   id=\"field_hx1p7-4\"   value=\"Other\"    data-reqmsg=\"This field cannot be blank.\"   data-invmsg=\"Offer type is invalid\"   aria-invalid=\"false\"   \/> Inny<\/label><\/div>\n<\/div>\r\n    \r\n    \r\n<\/div>\n<div id=\"frm_field_148_container\"   class=\"frm_form_field form-field  frm_required_field frm_top_container frm_half\">\r\n    <label for=\"field_jivci\"   id=\"field_jivci_label\"   class=\"frm_primary_label\">Pojemno\u015b\u0107\r\n        <span class=\"frm_required\">*<\/span>\r\n    <\/label>\r\n    <input type=\"number\"   id=\"field_jivci\"   name=\"item_meta[148]\"   value=\"\"    data-reqmsg=\"This field cannot be blank.\"   aria-required=\"true\"   data-invmsg=\"Number is invalid\"   aria-invalid=\"false\"     aria-describedby=\"frm_desc_field_jivci\"   min=\"0\"   max=\"9999999\" step=\"any\"\/>\r\n    <div class=\"frm_description\"   id=\"frm_desc_field_jivci\">Liczba os\u00f3b do siedzenia lub dopasowania przestrzeni<\/div>\r\n    \r\n<\/div>\n<div id=\"frm_field_149_container\"   class=\"frm_form_field form-field  frm_required_field frm_top_container frm_half\">\r\n    <label for=\"field_1o4j2\"   id=\"field_1o4j2_label\"   class=\"frm_primary_label\">Data rozpocz\u0119cia\r\n        <span class=\"frm_required\">*<\/span>\r\n    <\/label>\r\n    <input type=\"text\"   id=\"field_1o4j2\"   name=\"item_meta[149]\"   value=\"\"    maxlength=\"10\"   data-reqmsg=\"This field cannot be blank.\"   aria-required=\"true\"   data-invmsg=\"Date is invalid\"   class=\"frm_date\"   aria-invalid=\"false\"  \/>\r\n    \r\n    \r\n<\/div>\n<div id=\"frm_field_549_container\"   class=\"frm_form_field form-field  frm_required_field frm_top_container frm_half\">\r\n    <label for=\"field_cc75l\"   id=\"field_cc75l_label\"   class=\"frm_primary_label\">Czas trwania\r\n        <span class=\"frm_required\" aria-hidden=\"true\">*<\/span>\r\n    <\/label>\r\n    \t\t<select name=\"item_meta[549]\"   id=\"field_cc75l\"    data-frmval=\"1\"   data-reqmsg=\"This field cannot be blank.\"   aria-required=\"true\"   data-invmsg=\"Duration is invalid\"   aria-invalid=\"false\"  >\n\t\t\t\t<option value=\"1\"    selected=\"selected\" class=\"\">\n\t\t\t1\t\t<\/option>\n\t\t\t<option value=\"2\"   class=\"\">\n\t\t\t2\t\t<\/option>\n\t\t\t<option value=\"3\"    class=\"\">\n\t\t\t3\t\t<\/option>\n\t\t\t<option value=\"4\"   class=\"\">\n\t\t\t4\t\t<\/option>\n\t\t\t<option value=\"5\"   class=\"\">\n\t\t\t5\t\t<\/option>\n\t\t\t<option value=\"6\"   class=\"\">\n\t\t\t6\t\t<\/option>\n\t\t\t<option value=\"7\"    class=\"\">\n\t\t\t7\t\t<\/option>\n\t\t\t<option value=\"8\"    class=\"\">\n\t\t\t8\t\t<\/option>\n\t\t\t<option value=\"9\"    class=\"\">\n\t\t\t9\t\t<\/option>\n\t\t\t<option value=\"10\"   class=\"\">\n\t\t\t10\t\t<\/option>\n\t\t\t<option value=\"11\"  class=\"\">\n\t\t\t11\t\t<\/option>\n\t\t\t<option value=\"12\"    class=\"\">\n\t\t\t12\t\t<\/option>\n\t\t\t<option value=\"13\"    class=\"\">\n\t\t\t13\t\t<\/option>\n\t\t\t<option value=\"14\"   class=\"\">\n\t\t\t14\t\t<\/option>\n\t\t\t<option value=\"15\"   class=\"\">\n\t\t\t15\t\t<\/option>\n\t\t\t<option value=\"16\"   class=\"\">\n\t\t\t16\t\t<\/option>\n\t\t\t<option value=\"17\"    class=\"\">\n\t\t\t17\t\t<\/option>\n\t\t\t<option value=\"18\"   class=\"\">\n\t\t\t18\t\t<\/option>\n\t\t\t<option value=\"19\"   class=\"\">\n\t\t\t19\t\t<\/option>\n\t\t\t<option value=\"20\"    class=\"\">\n\t\t\t20\t\t<\/option>\n\t\t\t<option value=\"21\"    class=\"\">\n\t\t\t21\t\t<\/option>\n\t\t\t<option value=\"22\"   class=\"\">\n\t\t\t22\t\t<\/option>\n\t\t\t<option value=\"23\"  class=\"\">\n\t\t\t23\t\t<\/option>\n\t\t\t<option value=\"24\"    class=\"\">\n\t\t\t24\t\t<\/option>\n\t\t\t<option value=\"25\"    class=\"\">\n\t\t\t25\t\t<\/option>\n\t\t\t<option value=\"26\"   class=\"\">\n\t\t\t26\t\t<\/option>\n\t\t\t<option value=\"27\"   class=\"\">\n\t\t\t27\t\t<\/option>\n\t\t\t<option value=\"28\"    class=\"\">\n\t\t\t28\t\t<\/option>\n\t\t\t<option value=\"29\"    class=\"\">\n\t\t\t29\t\t<\/option>\n\t\t<\/select>\n\t\r\n    \r\n    \r\n<\/div>\n<div id=\"frm_field_153_container\"   class=\"frm_form_field form-field  frm_required_field frm_top_container frm_half\">\r\n    <label for=\"field_vt8q1\"   id=\"field_vt8q1_label\"   class=\"frm_primary_label\">\r\n        <span class=\"frm_required\">*<\/span>\r\n    <\/label>\r\n    \t\t<select name=\"item_meta[153]\"   id=\"field_vt8q1\"    data-reqmsg=\"This field cannot be blank.\"   aria-required=\"true\"   data-invmsg=\" is invalid\"   aria-invalid=\"false\"  >\n\t\t\t\t<option value=\"\"    selected=\"selected\" class=\"\">\n\t\t\tWybierz czas trwania\t\t<\/option>\n\t\t\t<option value=\"Year\"    class=\"\">\n\t\t\tRok\t\t<\/option>\n\t\t\t<option value=\"Month\"  class=\"\">\n\t\t\tMiesi\u0105c\t\t<\/option>\n\t\t\t<option value=\"Week\"   class=\"\">\n\t\t\tTydzie\u0144\t\t<\/option>\n\t\t\t<option value=\"Day\"   class=\"\">\n\t\t\tDzie\u0144\t\t<\/option>\n\t\t\t<option value=\"Hour\"   class=\"\">\n\t\t\tGodzina\t\t<\/option>\n\t\t<\/select>\n\t\r\n    \r\n    \r\n<\/div>\n<div id=\"frm_field_731_container\"   class=\"frm_form_field form-field  frm_required_field frm_top_container frm_third\">\r\n    <label for=\"field_vddqr\"   id=\"field_vddqr_label\"   class=\"frm_primary_label\">Kwota bud\u017cetu\r\n        <span class=\"frm_required\" aria-hidden=\"true\">*<\/span>\r\n    <\/label>\r\n    <input type=\"number\"   id=\"field_vddqr\"   name=\"item_meta[731]\"   value=\"\"    data-reqmsg=\"This field cannot be blank.\"   aria-required=\"true\"   data-invmsg=\"Number is invalid\"   aria-invalid=\"false\"     aria-describedby=\"frm_desc_field_vddqr\"   min=\"0\"   max=\"9999999\" step=\"any\"\/>\r\n    <div class=\"frm_description\"   id=\"frm_desc_field_vddqr\">Podaj nam sw\u00f3j bud\u017cet z cz\u0119stotliwo\u015bci\u0105 p\u0142atno\u015bci i walut\u0105. <\/div>\r\n    \r\n<\/div>\n<div id=\"frm_field_733_container\"   class=\"frm_form_field form-field  frm_required_field frm_top_container frm_third\">\r\n    <label for=\"field_v51qn\"   id=\"field_v51qn_label\"   class=\"frm_primary_label\">Waluta bud\u017cetu\r\n        <span class=\"frm_required\"  aria-hidden=\"true\">*<\/span>\r\n    <\/label>\r\n    \t\t<select name=\"item_meta[733]\"   id=\"field_v51qn\"    data-reqmsg=\"This field cannot be blank.\"   aria-required=\"true\"   data-invmsg=\"Budget currency is invalid\"   aria-invalid=\"false\"  >\n\t\t\t\t<option value=\"\"    selected=\"selected\" class=\"\">\n\t\t\tWybierz walut\u0119\t\t<\/option>\n\t\t\t<option value=\"HKD\"   class=\"\">\n\t\t\tHKD\t\t<\/option>\n\t\t\t<option value=\"SGD\"    class=\"\">\n\t\t\tSGD\t\t<\/option>\n\t\t\t<option value=\"USD\"  class=\"\">\n\t\t\tUSD\t\t<\/option>\n\t\t\t<option value=\"EUR\"    class=\"\">\n\t\t\tEUR\t\t<\/option>\n\t\t\t<option value=\"IDR\"  class=\"\">\n\t\t\tIDR\t\t<\/option>\n\t\t\t<option value=\"GBP\"   class=\"\">\n\t\t\tGBP\t\t<\/option>\n\t\t\t<option value=\"CAD\"   class=\"\">\n\t\t\tCHAM\t\t<\/option>\n\t\t\t<option value=\"MYR\"   class=\"\">\n\t\t\tMYR\t\t<\/option>\n\t\t\t<option value=\"CHF\"  class=\"\">\n\t\t\tCHF\t\t<\/option>\n\t\t\t<option value=\"AUD\"    class=\"\">\n\t\t\tAUD\t\t<\/option>\n\t\t\t<option value=\"KRW\"  class=\"\">\n\t\t\tKRW\t\t<\/option>\n\t\t\t<option value=\"THB\"   class=\"\">\n\t\t\tTHB\t\t<\/option>\n\t\t\t<option value=\"XOF\"   class=\"\">\n\t\t\tXOF\t\t<\/option>\n\t\t\t<option value=\"INR\"   class=\"\">\n\t\t\tINR\t\t<\/option>\n\t\t\t<option value=\"TWD\"  class=\"\">\n\t\t\tTWD\t\t<\/option>\n\t\t\t<option value=\"VND\"    class=\"\">\n\t\t\tVND\t\t<\/option>\n\t\t\t<option value=\"AED\"  class=\"\">\n\t\t\tAED\t\t<\/option>\n\t\t\t<option value=\"LKR\"   class=\"\">\n\t\t\tLKR\t\t<\/option>\n\t\t\t<option value=\"RMB\"   class=\"\">\n\t\t\tRMB\t\t<\/option>\n\t\t\t<option value=\"JPY\"   class=\"\">\n\t\t\tJPY\t\t<\/option>\n\t\t\t<option value=\"NIS\"  class=\"\">\n\t\t\tNIS\t\t<\/option>\n\t\t<\/select>\n\t\r\n    \r\n    \r\n<\/div>\n<div id=\"frm_field_732_container\"   class=\"frm_form_field form-field  frm_required_field frm_top_container frm_third\">\r\n    <label for=\"field_u81op\"   id=\"field_u81op_label\"   class=\"frm_primary_label\">Okres bud\u017cetowy\r\n        <span class=\"frm_required\" aria-hidden=\"true\">*<\/span>\r\n    <\/label>\r\n    \t\t<select name=\"item_meta[732]\"   id=\"field_u81op\"    data-reqmsg=\"This field cannot be blank.\"   aria-required=\"true\"   data-invmsg=\"Budget period is invalid\"   aria-invalid=\"false\"  >\n\t\t\t\t<option value=\"\"    selected=\"selected\" class=\"\">\n\t\t\tWybierz okres\t\t<\/option>\n\t\t\t<option value=\"per hour\"    class=\"\">\n\t\t\tna godzin\u0119\t\t<\/option>\n\t\t\t<option value=\"per day\"    class=\"\">\n\t\t\tna dzie\u0144\t\t<\/option>\n\t\t\t<option value=\"per month\"    class=\"\">\n\t\t\tna miesi\u0105c\t\t<\/option>\n\t\t\t<option value=\"per year\"    class=\"\">\n\t\t\tna rok\t\t<\/option>\n\t\t<\/select>\n\t\r\n    \r\n    \r\n<\/div>\n<div id=\"frm_field_156_container\"   class=\"frm_form_field form-field  frm_top_container\">\r\n    <label for=\"field_98v8d\"   id=\"field_98v8d_label\"   class=\"frm_primary_label\">Obszar roboczy ju\u017c osi\u0105gni\u0119ty\r\n        <span class=\"frm_required\"><\/span>\r\n    <\/label>\r\n    <textarea name=\"item_meta[156]\"   id=\"field_98v8d\"   rows=\"5\"    data-invmsg=\"Workspace already reached is invalid\"   aria-invalid=\"false\"     aria-describedby=\"frm_desc_field_98v8d\"><\/textarea>\r\n    <div class=\"frm_description\"   id=\"frm_desc_field_98v8d\">Poinformuj nas, je\u015bli masz ju\u017c kontakt z niekt\u00f3rymi obszarami roboczymi lub je odwiedzi\u0142e\u015b <\/div>\r\n    \r\n<\/div>\n<div id=\"frm_field_157_container\"   class=\"frm_form_field form-field  frm_top_container\">\r\n    <label for=\"field_rhchq\"   id=\"field_rhchq_label\"   class=\"frm_primary_label\">Inne wymagania\r\n        <span class=\"frm_required\"><\/span>\r\n    <\/label>\r\n    <textarea name=\"item_meta[157]\"   id=\"field_rhchq\"   rows=\"5\"    data-invmsg=\"Other requirements is invalid\"   aria-invalid=\"false\"  ><\/textarea>\r\n    \r\n    \r\n<\/div>\n<input type=\"hidden\"   name=\"item_meta[158]\"   id=\"field_sx1oh\"   value=\"\"    data-invmsg=\"Referral is invalid\"   \/>\n<input type=\"hidden\"   name=\"item_meta[159]\"   id=\"field_mfroj\"   value=\"Prospect\"    data-frmval=\"Prospect\"   data-invmsg=\"Hidden FLYDESK Contact Type is invalid\"   \/>\n<input type=\"hidden\"   name=\"item_meta[160]\"   id=\"field_sn9r8\"   value=\"Prospect - Consideration\"    data-frmval=\"Prospect - Consideration\"   data-invmsg=\"Hidden FLYDESK Lifecycle is invalid\"   \/>\n<input type=\"hidden\"   name=\"item_meta[161]\"   id=\"field_hakkn\"   value=\"Workspace\"    data-frmval=\"Workspace\"   data-invmsg=\"Hidden FLYDESK Interest is invalid\"   \/>\n<div id=\"frm_field_162_container\"   class=\"frm_form_field form-field  frm_none_container\">\r\n    <label for=\"g-recaptcha-response\"   id=\"field_gcpq9_label\" class=\"frm_primary_label\">reCAPTCHA\r\n        <span class=\"frm_required\"   aria-hidden=\"true\"><\/span>\r\n    <\/label>\r\n    <div id=\"field_gcpq9\"   class=\"frm-g-recaptcha\"   data-sitekey=\"6LfMp4kaAAAAAL5zpYjYMIue8impdsZZbAyUxi5m\"   data-size=\"invisible\"   data-theme=\"light\"><\/div>\r\n    \r\n    \r\n<\/div>\n\t<input type=\"hidden\"   name=\"item_key\"   value=\"\" \/>\n\t\t\t\t<div class=\"frm_verify\"   aria-hidden=\"true\">\n\t\t\t\t<label for=\"frm_email_9\">\n\t\t\t\t\tJe\u015bli jeste\u015b cz\u0142owiekiem, pozostaw to pole puste.\t\t\t\t<\/label>\n\t\t\t\t<input type=\"text\"   class=\"frm_verify\"   id=\"frm_email_9\"   name=\"frm_verify\"  value=\"\"  \/>\n\t\t\t<\/div>\n\t\t<style>\r\n#frm_field_153_container label {\r\nvisibility: hidden;\r\n}\r\n@media (max-width: 600px) {\r\n#frm_field_153_container, #frm_field_549_container {\r\ngrid-column: span 6\/span 6!important;\r\n}\r\n}\r\n#frm_form_9_container .frm_button_submit {\r\n    background: #000!important;\r\n    color: #fff!important;\r\n    font-size: 16px!important;\r\n    padding: 10px 20px!important;\r\n}\r\n<\/style><div class=\"frm_submit\">\r\n\r\n<button class=\"frm_button_submit frm_final_submit\"   type=\"submit\"     formnovalidate=\"formnovalidate\">Wy\u015blij zapytanie<\/button>\r\n\r\n<\/div><\/div>\n<\/fieldset>\n<\/div>\n<p style=\"display: none !important;\"   class=\"akismet-fields-container\"   data-prefix=\"ak_\"><label>&#916;<textarea name=\"ak_hp_textarea\"  cols=\"45\"  rows=\"8\"  maxlength=\"100\"><\/textarea><\/label><input type=\"hidden\"  id=\"ak_js_1\"  name=\"ak_js\"  value=\"240\"\/><script>document.getElementById( \"ak_js_1\" ).setAttribute( \"value\", ( new Date() ).getTime() );<\/script><\/p><input type=\"hidden\"  name=\"trp-form-language\"  value=\"pl\"\/><\/form>\n<\/div>","protected":false},"excerpt":{"rendered":"<p>Zapytaj o swoje miejsce pracy Prze\u015blij swoje miejsce pracy i zaoferuj takie wymagania jak hotdesk, sala konferencyjna lub biuro do wynaj\u0119cia, a my skontaktujemy si\u0119 z Tob\u0105 w mgnieniu oka. 1 ZAPYTAJ Prze\u015blij ten formularz z preferowanym miejscem pracy 2 PROPOZYCJA W ci\u0105gu 24h skontaktujemy si\u0119 z Tob\u0105 z propozycjami 3 WIZYTA Organizujemy wizyty w oparciu o\u2026<\/p>","protected":false},"author":4,"featured_media":1658,"parent":0,"menu_order":0,"comment_status":"closed","ping_status":"closed","template":"","meta":{"footnotes":""},"class_list":["post-3216","page","type-page","status-publish","has-post-thumbnail","hentry"],"acf":[],"yoast_head":"<!-- This site is optimized with the Yoast SEO plugin v16.8 - https:\/\/yoast.com\/wordpress\/plugins\/seo\/ -->\n<title>Personalized workspace enquiry &mdash; FLYDESK<\/title>\n<meta name=\"description\"  content=\"Tell us about your dream workspace and let our team of experts find the most flexible and ideal work setup for you and your team, within your budget.\" \/>\n<meta name=\"robots\"  content=\"index, follow, max-snippet:-1, max-image-preview:large, max-video-preview:-1\" \/>\n<link rel=\"canonical\"  href=\"https:\/\/dev.flydesk.com\/pl\/general-workspace-enquiry\/\" \/>\n<meta property=\"og:locale\"  content=\"pl_PL\" \/>\n<meta property=\"og:type\"  content=\"article\" \/>\n<meta property=\"og:title\"  content=\"Personalized workspace enquiry &mdash; FLYDESK\" \/>\n<meta property=\"og:description\"  content=\"Tell us about your dream workspace and let our team of experts find the most flexible and ideal work setup for you and your team, within your budget.\" \/>\n<meta property=\"og:url\"  content=\"https:\/\/dev.flydesk.com\/pl\/general-workspace-enquiry\/\" \/>\n<meta property=\"og:site_name\" content=\"FLYDESK\" \/>\n<meta property=\"article:modified_time\"  content=\"2021-10-29T06:51:34+00:00\" \/>\n<meta property=\"og:image\"  content=\"https:\/\/mlgucbjxeu1m.i.optimole.com\/cb:B7VA.3e989\/w:1024\/h:460\/q:mauto\/ig:avif\/f:best\/https:\/\/dev.flydesk.com\/wp-content\/uploads\/2019\/10\/austin-distel-wawEfYdpkag-unsplash-2.jpg\" \/>\n\t<meta property=\"og:image:width\" content=\"1024\" \/>\n\t<meta property=\"og:image:height\" content=\"460\" \/>\n<meta name=\"twitter:card\" content=\"summary_large_image\" \/>\n<!-- \/ Yoast SEO plugin. -->","yoast_head_json":{"title":"Personalized workspace enquiry &mdash; FLYDESK","description":"Tell us about your dream workspace and let our team of experts find the most flexible and ideal work setup for you and your team, within your budget.","robots":{"index":"index","follow":"follow","max-snippet":"max-snippet:-1","max-image-preview":"max-image-preview:large","max-video-preview":"max-video-preview:-1"},"canonical":"https:\/\/dev.flydesk.com\/pl\/general-workspace-enquiry\/","og_locale":"pl_PL","og_type":"article","og_title":"Personalized workspace enquiry &mdash; FLYDESK","og_description":"Tell us about your dream workspace and let our team of experts find the most flexible and ideal work setup for you and your team, within your budget.","og_url":"https:\/\/dev.flydesk.com\/pl\/general-workspace-enquiry\/","og_site_name":"FLYDESK","article_modified_time":"2021-10-29T06:51:34+00:00","og_image":[{"width":1024,"height":460,"path":"2019\/10\/austin-distel-wawEfYdpkag-unsplash-2-1024x460.jpg","url":"https:\/\/mlgucbjxeu1m.i.optimole.com\/cb:B7VA.3e989\/w:1024\/h:460\/q:mauto\/ig:avif\/f:best\/https:\/\/dev.flydesk.com\/wp-content\/uploads\/2019\/10\/austin-distel-wawEfYdpkag-unsplash-2.jpg","size":"large","id":1658,"alt":"","pixels":471040,"type":"image\/jpeg"}],"twitter_card":"summary_large_image","schema":{"@context":"https:\/\/schema.org","@graph":[{"@type":"Organization","@id":"https:\/\/dev.flydesk.com\/#organization","name":"FLYDESK","url":"https:\/\/dev.flydesk.com\/","sameAs":[],"logo":{"@type":"ImageObject","@id":"https:\/\/dev.flydesk.com\/#logo","inLanguage":"pl-PL","url":"","contentUrl":"","caption":"FLYDESK"},"image":{"@id":"https:\/\/dev.flydesk.com\/#logo"}},{"@type":"WebSite","@id":"https:\/\/dev.flydesk.com\/#website","url":"https:\/\/dev.flydesk.com\/","name":"FLYDESK","description":"Fly your work with style","publisher":{"@id":"https:\/\/dev.flydesk.com\/#organization"},"potentialAction":[{"@type":"SearchAction","target":{"@type":"EntryPoint","urlTemplate":"https:\/\/dev.flydesk.com\/?s={search_term_string}"},"query-input":"required name=search_term_string"}],"inLanguage":"pl-PL"},{"@type":"ImageObject","@id":"https:\/\/dev.flydesk.com\/general-workspace-enquiry\/#primaryimage","inLanguage":"pl-PL","url":"https:\/\/mlgucbjxeu1m.i.optimole.com\/cb:B7VA.3e989\/w:auto\/h:auto\/q:mauto\/ig:avif\/f:best\/https:\/\/dev.flydesk.com\/wp-content\/uploads\/2019\/10\/austin-distel-wawEfYdpkag-unsplash-2.jpg","contentUrl":"https:\/\/mlgucbjxeu1m.i.optimole.com\/cb:B7VA.3e989\/w:auto\/h:auto\/q:mauto\/ig:avif\/f:best\/https:\/\/dev.flydesk.com\/wp-content\/uploads\/2019\/10\/austin-distel-wawEfYdpkag-unsplash-2.jpg","width":5281,"height":2370,"caption":"Hybrid work solutions for business"},{"@type":"WebPage","@id":"https:\/\/dev.flydesk.com\/general-workspace-enquiry\/#webpage","url":"https:\/\/dev.flydesk.com\/general-workspace-enquiry\/","name":"Personalized workspace enquiry &mdash; FLYDESK","isPartOf":{"@id":"https:\/\/dev.flydesk.com\/#website"},"primaryImageOfPage":{"@id":"https:\/\/dev.flydesk.com\/general-workspace-enquiry\/#primaryimage"},"datePublished":"2020-02-06T01:58:23+00:00","dateModified":"2021-10-29T06:51:34+00:00","description":"Tell us about your dream workspace and let our team of experts find the most flexible and ideal work setup for you and your team, within your budget.","breadcrumb":{"@id":"https:\/\/dev.flydesk.com\/general-workspace-enquiry\/#breadcrumb"},"inLanguage":"pl-PL","potentialAction":[{"@type":"ReadAction","target":["https:\/\/dev.flydesk.com\/general-workspace-enquiry\/"]}]},{"@type":"BreadcrumbList","@id":"https:\/\/dev.flydesk.com\/general-workspace-enquiry\/#breadcrumb","itemListElement":[{"@type":"ListItem","position":1,"name":"Home","item":"https:\/\/dev.flydesk.com\/"},{"@type":"ListItem","position":2,"name":"General workspace enquiry"}]}]}},"_links":{"self":[{"href":"https:\/\/dev.flydesk.com\/pl\/wp-json\/wp\/v2\/pages\/3216","targetHints":{"allow":["GET"]}}],"collection":[{"href":"https:\/\/dev.flydesk.com\/pl\/wp-json\/wp\/v2\/pages"}],"about":[{"href":"https:\/\/dev.flydesk.com\/pl\/wp-json\/wp\/v2\/types\/page"}],"author":[{"embeddable":true,"href":"https:\/\/dev.flydesk.com\/pl\/wp-json\/wp\/v2\/users\/4"}],"replies":[{"embeddable":true,"href":"https:\/\/dev.flydesk.com\/pl\/wp-json\/wp\/v2\/comments?post=3216"}],"version-history":[{"count":0,"href":"https:\/\/dev.flydesk.com\/pl\/wp-json\/wp\/v2\/pages\/3216\/revisions"}],"wp:featuredmedia":[{"embeddable":true,"href":"https:\/\/dev.flydesk.com\/pl\/wp-json\/wp\/v2\/media\/1658"}],"wp:attachment":[{"href":"https:\/\/dev.flydesk.com\/pl\/wp-json\/wp\/v2\/media?parent=3216"}],"curies":[{"name":"wp","href":"https:\/\/api.w.org\/{rel}","templated":true}]}}