{"id":14470,"date":"2020-06-08T10:01:30","date_gmt":"2020-06-08T02:01:30","guid":{"rendered":"https:\/\/dev.flydesk.com\/?page_id=8746"},"modified":"2021-06-02T17:02:35","modified_gmt":"2021-06-02T09:02:35","slug":"membership","status":"publish","type":"page","link":"https:\/\/dev.flydesk.com\/pt\/membership\/","title":{"rendered":"Filia\u00e7\u00e3o"},"content":{"rendered":"<h2>\n\t\tJunte-se ao FLYDESK CLUB hoje\n\t<\/h2>\n<h2>\n\t\tCLUBE\n\t<\/h2>\n\t<p>Os melhores espa\u00e7os de trabalho e ferramentas para ter sucesso em sua jornada de trabalho flex\u00edvel<\/p>\n<h4><b>Livre<\/b><\/h4>\n<p>Para todo sempre<\/p>\n\t\t\t<a href=\"#\"   target=\"_self\"   role=\"button\"   rel=\"noopener noreferrer\">\n\t\t\t\t\t\t\tiniciar\n\t\t\t\t\t<\/a>\n\t<strong>RECURSOS<\/strong>\n<ul>\n<li>Testes de um dia sem escrit\u00f3rio<\/li>\n<li>Reserva de espa\u00e7o de trabalho<\/li>\n<li>Carteira de cr\u00e9dito do espa\u00e7o de trabalho<\/li>\n<li>Descontos de cr\u00e9dito do espa\u00e7o de trabalho<\/li>\n<li>Benef\u00edcios para membros<\/li>\n<\/ul>\n<p>&nbsp;<\/p>\n<strong>RECURSOS DO APLICATIVO<\/strong>\n<ul>\n<li>Gerenciar equipe<\/li>\n<li>Check-in da equipe<\/li>\n<li>Reserva de escrit\u00f3rio<\/li>\n<li>An\u00e1lise de trabalho<\/li>\n<\/ul>\n\t<strong>EM BREVE<\/strong>\n<ul>\n<li>Gerenciamento de planta baixa<\/li>\n<li>Bate-papo de \u00e1udio\/v\u00eddeo<\/li>\n<li>Integra\u00e7\u00e3o do Slack<\/li>\n<li>Integra\u00e7\u00e3o da equipe MS<\/li>\n<li>Integra\u00e7\u00e3o Bamboo RH<\/li>\n<\/ul>\n\t\t\t<a href=\"https:\/\/dev.flydesk.com\/pt\/credit\/\"   target=\"_self\"   role=\"button\"   rel=\"noopener noreferrer\">\n\t\t\t\t\t\t\tSobre os cr\u00e9ditos FLYDESK\n\t\t\t\t\t<\/a>","protected":false},"excerpt":{"rendered":"<p>Junte-se ao FLYDESK CLUB hoje mesmo CLUB Os melhores espa\u00e7os de trabalho e ferramentas para ter sucesso em sua jornada de trabalho flex\u00edvel Gr\u00e1tis para sempre Come\u00e7ar RECURSOS Testes di\u00e1rios gratuitos Reserva de espa\u00e7o de trabalho Carteira de cr\u00e9dito de espa\u00e7o de trabalho Descontos de cr\u00e9dito de espa\u00e7o de trabalho Benef\u00edcios do membro RECURSOS DE APLICATIVO Gerenciar equipe Check-in de equipe Reserva de escrit\u00f3rio An\u00e1lise de trabalho EM BREVE EM BREVE Gerenciamento de planta baixa Bate-papo de \u00e1udio\/v\u00eddeo\u2026<\/p>","protected":false},"author":13,"featured_media":0,"parent":0,"menu_order":0,"comment_status":"closed","ping_status":"closed","template":"","meta":{"footnotes":""},"class_list":["post-14470","page","type-page","status-publish","hentry"],"acf":[],"yoast_head":"<!-- This site is optimized with the Yoast SEO plugin v16.8 - https:\/\/yoast.com\/wordpress\/plugins\/seo\/ -->\n<title>Membership details &mdash; FLYDESK<\/title>\n<meta name=\"description\"  content=\"Access the best workspaces from the FLYDESK certified network with our free membership. Get free trials and deals from our partners.\" \/>\n<meta name=\"robots\"  content=\"index, follow, max-snippet:-1, max-image-preview:large, max-video-preview:-1\" \/>\n<link rel=\"canonical\"  href=\"https:\/\/dev.flydesk.com\/pt\/membership\/\" \/>\n<meta property=\"og:locale\"  content=\"pt_PT\" \/>\n<meta property=\"og:type\"  content=\"article\" \/>\n<meta property=\"og:title\"  content=\"Membership details &mdash; FLYDESK\" \/>\n<meta property=\"og:description\"  content=\"Access the best workspaces from the FLYDESK certified network with our free membership. Get free trials and deals from our partners.\" \/>\n<meta property=\"og:url\"  content=\"https:\/\/dev.flydesk.com\/pt\/membership\/\" \/>\n<meta property=\"og:site_name\" content=\"FLYDESK\" \/>\n<meta property=\"article:modified_time\"  content=\"2021-06-02T09:02:35+00:00\" \/>\n<meta name=\"twitter:card\" content=\"summary_large_image\" \/>\n<!-- \/ Yoast SEO plugin. -->","yoast_head_json":{"title":"Membership details &mdash; FLYDESK","description":"Access the best workspaces from the FLYDESK certified network with our free membership. Get free trials and deals from our partners.","robots":{"index":"index","follow":"follow","max-snippet":"max-snippet:-1","max-image-preview":"max-image-preview:large","max-video-preview":"max-video-preview:-1"},"canonical":"https:\/\/dev.flydesk.com\/pt\/membership\/","og_locale":"pt_PT","og_type":"article","og_title":"Membership details &mdash; FLYDESK","og_description":"Access the best workspaces from the FLYDESK certified network with our free membership. Get free trials and deals from our partners.","og_url":"https:\/\/dev.flydesk.com\/pt\/membership\/","og_site_name":"FLYDESK","article_modified_time":"2021-06-02T09:02:35+00:00","twitter_card":"summary_large_image","schema":{"@context":"https:\/\/schema.org","@graph":[{"@type":"Organization","@id":"https:\/\/dev.flydesk.com\/#organization","name":"FLYDESK","url":"https:\/\/dev.flydesk.com\/","sameAs":[],"logo":{"@type":"ImageObject","@id":"https:\/\/dev.flydesk.com\/#logo","inLanguage":"pt-PT","url":"","contentUrl":"","caption":"FLYDESK"},"image":{"@id":"https:\/\/dev.flydesk.com\/#logo"}},{"@type":"WebSite","@id":"https:\/\/dev.flydesk.com\/#website","url":"https:\/\/dev.flydesk.com\/","name":"FLYDESK","description":"Fly your work with style","publisher":{"@id":"https:\/\/dev.flydesk.com\/#organization"},"potentialAction":[{"@type":"SearchAction","target":{"@type":"EntryPoint","urlTemplate":"https:\/\/dev.flydesk.com\/?s={search_term_string}"},"query-input":"required name=search_term_string"}],"inLanguage":"pt-PT"},{"@type":"WebPage","@id":"https:\/\/dev.flydesk.com\/membership\/#webpage","url":"https:\/\/dev.flydesk.com\/membership\/","name":"Membership details &mdash; FLYDESK","isPartOf":{"@id":"https:\/\/dev.flydesk.com\/#website"},"datePublished":"2020-06-08T02:01:30+00:00","dateModified":"2021-06-02T09:02:35+00:00","description":"Access the best workspaces from the FLYDESK certified network with our free membership. Get free trials and deals from our partners.","breadcrumb":{"@id":"https:\/\/dev.flydesk.com\/membership\/#breadcrumb"},"inLanguage":"pt-PT","potentialAction":[{"@type":"ReadAction","target":["https:\/\/dev.flydesk.com\/membership\/"]}]},{"@type":"BreadcrumbList","@id":"https:\/\/dev.flydesk.com\/membership\/#breadcrumb","itemListElement":[{"@type":"ListItem","position":1,"name":"Home","item":"https:\/\/dev.flydesk.com\/"},{"@type":"ListItem","position":2,"name":"Membership"}]}]}},"_links":{"self":[{"href":"https:\/\/dev.flydesk.com\/pt\/wp-json\/wp\/v2\/pages\/14470","targetHints":{"allow":["GET"]}}],"collection":[{"href":"https:\/\/dev.flydesk.com\/pt\/wp-json\/wp\/v2\/pages"}],"about":[{"href":"https:\/\/dev.flydesk.com\/pt\/wp-json\/wp\/v2\/types\/page"}],"author":[{"embeddable":true,"href":"https:\/\/dev.flydesk.com\/pt\/wp-json\/wp\/v2\/users\/13"}],"replies":[{"embeddable":true,"href":"https:\/\/dev.flydesk.com\/pt\/wp-json\/wp\/v2\/comments?post=14470"}],"version-history":[{"count":0,"href":"https:\/\/dev.flydesk.com\/pt\/wp-json\/wp\/v2\/pages\/14470\/revisions"}],"wp:attachment":[{"href":"https:\/\/dev.flydesk.com\/pt\/wp-json\/wp\/v2\/media?parent=14470"}],"curies":[{"name":"wp","href":"https:\/\/api.w.org\/{rel}","templated":true}]}}