{"id":1590,"date":"2019-10-24T22:36:42","date_gmt":"2019-10-24T14:36:42","guid":{"rendered":"https:\/\/dev.flydesk.com\/?page_id=1590"},"modified":"2023-01-10T11:11:06","modified_gmt":"2023-01-10T03:11:06","slug":"about-flydesk","status":"publish","type":"page","link":"https:\/\/dev.flydesk.com\/pt\/about-flydesk\/","title":{"rendered":"Sobre"},"content":{"rendered":"<h1>Sobre n\u00f3s<\/h1>\r\n<h1>Nossa miss\u00e3o<\/h1>\r\n<p>O FLYDESK oferece uma sele\u00e7\u00e3o de espa\u00e7os de trabalho e servi\u00e7os premium para uma comunidade de profissionais modernos e flex\u00edveis que precisam de estilo, conforto e ferramentas para serem produtivos onde quer que trabalhem.<\/p>\r\n<p><img decoding=\"async\"   title=\"conforto - \u00e1rea de trabalho PNG\"   src=\"https:\/\/mlgucbjxeu1m.i.optimole.com\/cb:B7VA.3e989\/w:200\/h:199\/q:mauto\/ig:avif\/f:best\/https:\/\/dev.flydesk.com\/wp-content\/uploads\/2019\/10\/comfort-workspace-PNG.png\"   alt=\"conforto - \u00e1rea de trabalho PNG\"   width=\"200\"   height=\"199\" \/><\/p>\r\n<h3>Conforto<\/h3>\r\n<p>do ambiente de espa\u00e7o de trabalho perfeito<\/p>\r\n<p><img decoding=\"async\"   title=\"Redes - Gerenciamento PNG\"   src=\"https:\/\/mlgucbjxeu1m.i.optimole.com\/cb:B7VA.3e989\/w:200\/h:200\/q:mauto\/ig:avif\/f:best\/https:\/\/dev.flydesk.com\/wp-content\/uploads\/2019\/10\/Networking-Management-PNG.png\"   alt=\"Redes - Gerenciamento PNG\"   width=\"200\"   height=\"200\" \/><\/p>\r\n<h3>REDE<\/h3>\r\n<p>para se conectar com a comunidade flex<\/p>\r\n<p><img decoding=\"async\"   title=\"Desempenho PNG\"   src=\"https:\/\/mlgucbjxeu1m.i.optimole.com\/cb:B7VA.3e989\/w:200\/h:199\/q:mauto\/ig:avif\/f:best\/https:\/\/dev.flydesk.com\/wp-content\/uploads\/2019\/10\/Perfromance-PNG.png\"   alt=\"Desempenho PNG\"   width=\"200\"   height=\"199\" \/><\/p>\r\n<h3>atua\u00e7\u00e3o<\/h3>\r\n<p>de trabalho feito na hora<\/p>\r\n<p><a role=\"button\"   href=\"https:\/\/dev.flydesk.com\/pt\/get-in-touch\/\"   target=\"_self\"   rel=\"noopener\"> Contate-Nos <\/a> <img data-opt-src=\"https:\/\/mlgucbjxeu1m.i.optimole.com\/cb:B7VA.3e989\/w:1024\/h:683\/q:mauto\/ig:avif\/f:best\/https:\/\/dev.flydesk.com\/wp-content\/uploads\/2019\/11\/Team-chat.jpg\"   decoding=\"async\"   title=\"Bate-papo da equipe\"   src=\"https:\/\/mlgucbjxeu1m.i.optimole.com\/cb:B7VA.3e989\/w:1024\/h:683\/q:eco\/ig:avif\/f:best\/https:\/\/dev.flydesk.com\/wp-content\/uploads\/2019\/11\/Team-chat.jpg\"   alt=\"Bate-papo da equipe\"   width=\"1024\"   height=\"683\" \/><\/p>\r\n<h2>Conhe\u00e7a a equipe FLYDESK<\/h2>\r\n<p>A FLYDESK acredita no trabalho flex\u00edvel e no equil\u00edbrio entre vida profissional e pessoal como forma de gerar maior motiva\u00e7\u00e3o, desempenho e lealdade dentro de uma organiza\u00e7\u00e3o.<\/p>\r\n<p>Na FLYDESK, praticamos o que pregamos, aplicando \u00e0 nossa equipe os mesmos valores e princ\u00edpios de organiza\u00e7\u00e3o que promovemos \u00e0 nossa comunidade de FLYDESKERS e parceiros.<\/p>\r\n<p>A FLYDESK tem uma equipe multicultural baseada em Hong Kong, Cingapura e Filipinas, mas acreditamos que o trabalho pode ser feito de qualquer lugar e a qualquer momento, desde que mantenhamos uma comunica\u00e7\u00e3o forte, confiemos uns nos outros e adotemos uma cultura digital moderna.<\/p>\r\n<p><a role=\"button\"   href=\"https:\/\/dev.flydesk.com\/pt\/join-team\/\"   target=\"_self\"   rel=\"noopener\"> Junte-se a nossa equipe <\/a><\/p>\r\n<h2>Parceiros FLYDESK<\/h2>\r\n<p>A FLYDESK re\u00fane um ecossistema de parceiros que facilitam o trabalho flex\u00edvel e permitem o equil\u00edbrio entre vida profissional e pessoal para uma comunidade de alto n\u00edvel.<br \/>Para garantir um servi\u00e7o premium e personalizado aos nossos clientes, trabalhamos apenas com marcas que tenham foco espec\u00edfico em estilo, qualidade e conforto. <img data-opt-src=\"https:\/\/mlgucbjxeu1m.i.optimole.com\/cb:B7VA.3e989\/w:300\/h:300\/q:mauto\/rt:fill\/g:ce\/ig:avif\/f:best\/https:\/\/dev.flydesk.com\/wp-content\/uploads\/2020\/01\/Native-Union-White.png\"   decoding=\"async\"   title=\"Native Union Branco\"  src=\"https:\/\/mlgucbjxeu1m.i.optimole.com\/cb:B7VA.3e989\/w:300\/h:300\/q:eco\/ig:avif\/f:best\/https:\/\/dev.flydesk.com\/wp-content\/uploads\/2020\/01\/Native-Union-White.png\" alt=\"Native Union Branco\" width=\"300\" height=\"300\" \/> <img data-opt-src=\"https:\/\/mlgucbjxeu1m.i.optimole.com\/cb:B7VA.3e989\/w:300\/h:300\/q:mauto\/rt:fill\/g:ce\/ig:avif\/f:best\/https:\/\/dev.flydesk.com\/wp-content\/uploads\/2020\/06\/The-Executive-Centre-White.png\"   decoding=\"async\"   title=\"O Centro Executivo Branco\"   src=\"https:\/\/mlgucbjxeu1m.i.optimole.com\/cb:B7VA.3e989\/w:300\/h:300\/q:eco\/ig:avif\/f:best\/https:\/\/dev.flydesk.com\/wp-content\/uploads\/2020\/06\/The-Executive-Centre-White.png\" alt=\"O Centro Executivo Branco\" width=\"300\" height=\"300\" \/> <img data-opt-src=\"https:\/\/mlgucbjxeu1m.i.optimole.com\/cb:B7VA.3e989\/w:300\/h:300\/q:mauto\/rt:fill\/g:ce\/ig:avif\/f:best\/https:\/\/dev.flydesk.com\/wp-content\/uploads\/2020\/01\/WeWork-White.png\"   decoding=\"async\"   title=\"WeWork Branco\"  src=\"https:\/\/mlgucbjxeu1m.i.optimole.com\/cb:B7VA.3e989\/w:300\/h:300\/q:eco\/ig:avif\/f:best\/https:\/\/dev.flydesk.com\/wp-content\/uploads\/2020\/01\/WeWork-White.png\" alt=\"WeWork Branco\" width=\"300\" height=\"300\" \/> <img data-opt-src=\"https:\/\/mlgucbjxeu1m.i.optimole.com\/cb:B7VA.3e989\/w:300\/h:300\/q:mauto\/rt:fill\/g:ce\/ig:avif\/f:best\/https:\/\/dev.flydesk.com\/wp-content\/uploads\/2020\/01\/TheHive-White.png\"   decoding=\"async\"   title=\"TheHive White\"  src=\"https:\/\/mlgucbjxeu1m.i.optimole.com\/cb:B7VA.3e989\/w:300\/h:300\/q:eco\/ig:avif\/f:best\/https:\/\/dev.flydesk.com\/wp-content\/uploads\/2020\/01\/TheHive-White.png\" alt=\"TheHive White\" width=\"300\" height=\"300\" \/> <img data-opt-src=\"https:\/\/mlgucbjxeu1m.i.optimole.com\/cb:B7VA.3e989\/w:300\/h:300\/q:mauto\/rt:fill\/g:ce\/ig:avif\/f:best\/https:\/\/dev.flydesk.com\/wp-content\/uploads\/2020\/01\/TheWorkProject-White.png\"   decoding=\"async\"   title=\"TheWorkProjeto Branco\"  src=\"https:\/\/mlgucbjxeu1m.i.optimole.com\/cb:B7VA.3e989\/w:300\/h:300\/q:eco\/ig:avif\/f:best\/https:\/\/dev.flydesk.com\/wp-content\/uploads\/2020\/01\/TheWorkProject-White.png\" alt=\"TheWorkProjeto Branco\" width=\"300\" height=\"300\" \/> <img data-opt-src=\"https:\/\/mlgucbjxeu1m.i.optimole.com\/cb:B7VA.3e989\/w:300\/h:300\/q:mauto\/rt:fill\/g:ce\/ig:avif\/f:best\/https:\/\/dev.flydesk.com\/wp-content\/uploads\/2020\/01\/TheDesk-White.png\"   decoding=\"async\"  title=\"TheDesk White\"  src=\"https:\/\/mlgucbjxeu1m.i.optimole.com\/cb:B7VA.3e989\/w:300\/h:300\/q:eco\/ig:avif\/f:best\/https:\/\/dev.flydesk.com\/wp-content\/uploads\/2020\/01\/TheDesk-White.png\" alt=\"TheDesk White\" width=\"300\" height=\"300\" \/> <img data-opt-src=\"https:\/\/mlgucbjxeu1m.i.optimole.com\/cb:B7VA.3e989\/w:300\/h:300\/q:mauto\/rt:fill\/g:ce\/ig:avif\/f:best\/https:\/\/dev.flydesk.com\/wp-content\/uploads\/2020\/05\/VCo-black.png\"   decoding=\"async\"  title=\"VCo - preto\"  src=\"https:\/\/mlgucbjxeu1m.i.optimole.com\/cb:B7VA.3e989\/w:300\/h:300\/q:eco\/ig:avif\/f:best\/https:\/\/dev.flydesk.com\/wp-content\/uploads\/2020\/05\/VCo-black.png\" alt=\"VCo - preto\" width=\"300\" height=\"300\" \/> <a role=\"button\"   href=\"https:\/\/dev.flydesk.com\/pt\/partner-program\/\" target=\"_self\" rel=\"noopener\"> Torne-se um parceiro <\/a> <img data-opt-src=\"https:\/\/mlgucbjxeu1m.i.optimole.com\/cb:B7VA.3e989\/w:1024\/h:339\/q:mauto\/ig:avif\/f:best\/https:\/\/dev.flydesk.com\/wp-content\/uploads\/2019\/10\/FLYDESK-Certified-1.png\"   decoding=\"async\"   title=\"Certificado FLYDESK\"   src=\"https:\/\/mlgucbjxeu1m.i.optimole.com\/cb:B7VA.3e989\/w:1024\/h:339\/q:eco\/ig:avif\/f:best\/https:\/\/dev.flydesk.com\/wp-content\/uploads\/2019\/10\/FLYDESK-Certified-1.png\"   alt=\"Certificado FLYDESK\"   width=\"1024\"   height=\"339\" \/><\/p>\r\n<h2>Etiqueta de certifica\u00e7\u00e3o FLYDESK<\/h2>\r\n<p>FLYDESK \u00e9 um selo de certifica\u00e7\u00e3o que garante a qualidade de locais de trabalho flex\u00edveis. Somos o AirBnB premium para espa\u00e7os de trabalho.<\/p>\r\n<p>A FLYDESK tamb\u00e9m desenvolve aplicativos que capacitam a comunidade de profissionais flex\u00edveis e remotos.<\/p>\r\n<p><a role=\"button\"   href=\"https:\/\/dev.flydesk.com\/pt\/workspace-certification\/\"   target=\"_self\"   rel=\"noopener\"> Mais sobre a certifica\u00e7\u00e3o FLYDESK <\/a><\/p>","protected":false},"excerpt":{"rendered":"<p>Sobre n\u00f3s Nossa miss\u00e3o FLYDESK oferece uma sele\u00e7\u00e3o de espa\u00e7os de trabalho e servi\u00e7os premium para uma comunidade de profissionais modernos e flex\u00edveis que precisam de estilo, conforto e ferramentas para serem produtivos onde quer que trabalhem. Conforto de um ambiente de trabalho perfeito NETWORKING para conectar-se com a comunidade flex Desempenho do trabalho feito em tempo real Contato\u2026<\/p>","protected":false},"author":1,"featured_media":661,"parent":0,"menu_order":0,"comment_status":"closed","ping_status":"closed","template":"","meta":{"footnotes":""},"class_list":["post-1590","page","type-page","status-publish","has-post-thumbnail","hentry"],"acf":[],"yoast_head":"<!-- This site is optimized with the Yoast SEO plugin v16.8 - https:\/\/yoast.com\/wordpress\/plugins\/seo\/ -->\n<title>About us &mdash; FLYDESK<\/title>\n<meta name=\"description\"  content=\"FLYDESK is a certification label that guarantees the quality of workspace locations and the performance of tools empowering the flexible work community.\" \/>\n<meta name=\"robots\"  content=\"index, follow, max-snippet:-1, max-image-preview:large, max-video-preview:-1\" \/>\n<link rel=\"canonical\"  href=\"https:\/\/dev.flydesk.com\/pt\/about-flydesk\/\" \/>\n<meta property=\"og:locale\"  content=\"pt_PT\" \/>\n<meta property=\"og:type\"  content=\"article\" \/>\n<meta property=\"og:title\"  content=\"About us &mdash; FLYDESK\" \/>\n<meta property=\"og:description\"  content=\"FLYDESK is a certification label that guarantees the quality of workspace locations and the performance of tools empowering the flexible work community.\" \/>\n<meta property=\"og:url\"  content=\"https:\/\/dev.flydesk.com\/pt\/about-flydesk\/\" \/>\n<meta property=\"og:site_name\" content=\"FLYDESK\" \/>\n<meta property=\"article:modified_time\"  content=\"2023-01-10T03:11:06+00:00\" \/>\n<meta property=\"og:image\"  content=\"https:\/\/mlgucbjxeu1m.i.optimole.com\/cb:B7VA.3e989\/w:auto\/h:auto\/q:mauto\/ig:avif\/f:best\/https:\/\/dev.flydesk.com\/wp-content\/uploads\/2019\/09\/flydesk-icon-white.png\" \/>\n\t<meta property=\"og:image:width\" content=\"512\" \/>\n\t<meta property=\"og:image:height\" content=\"512\" \/>\n<meta name=\"twitter:card\" content=\"summary_large_image\" \/>\n<meta name=\"twitter:label1\" content=\"Tempo estimado de leitura\" \/>\n\t<meta name=\"twitter:data1\"  content=\"1 minuto\"  \/>\n<!-- \/ Yoast SEO plugin. -->","yoast_head_json":{"title":"About us &mdash; FLYDESK","description":"FLYDESK is a certification label that guarantees the quality of workspace locations and the performance of tools empowering the flexible work community.","robots":{"index":"index","follow":"follow","max-snippet":"max-snippet:-1","max-image-preview":"max-image-preview:large","max-video-preview":"max-video-preview:-1"},"canonical":"https:\/\/dev.flydesk.com\/pt\/about-flydesk\/","og_locale":"pt_PT","og_type":"article","og_title":"About us &mdash; FLYDESK","og_description":"FLYDESK is a certification label that guarantees the quality of workspace locations and the performance of tools empowering the flexible work community.","og_url":"https:\/\/dev.flydesk.com\/pt\/about-flydesk\/","og_site_name":"FLYDESK","article_modified_time":"2023-01-10T03:11:06+00:00","og_image":[{"width":512,"height":512,"url":"https:\/\/mlgucbjxeu1m.i.optimole.com\/cb:B7VA.3e989\/w:auto\/h:auto\/q:mauto\/ig:avif\/f:best\/https:\/\/dev.flydesk.com\/wp-content\/uploads\/2019\/09\/flydesk-icon-white.png","path":"\/sites\/flydesk.com\/files\/wp-content\/uploads\/2019\/09\/flydesk-icon-white.png","size":"full","id":661,"alt":"","pixels":262144,"type":"image\/png"}],"twitter_card":"summary_large_image","twitter_misc":{"Tempo estimado de leitura":"1 minuto"},"schema":{"@context":"https:\/\/schema.org","@graph":[{"@type":"Organization","@id":"https:\/\/dev.flydesk.com\/#organization","name":"FLYDESK","url":"https:\/\/dev.flydesk.com\/","sameAs":[],"logo":{"@type":"ImageObject","@id":"https:\/\/dev.flydesk.com\/#logo","inLanguage":"pt-PT","url":"","contentUrl":"","caption":"FLYDESK"},"image":{"@id":"https:\/\/dev.flydesk.com\/#logo"}},{"@type":"WebSite","@id":"https:\/\/dev.flydesk.com\/#website","url":"https:\/\/dev.flydesk.com\/","name":"FLYDESK","description":"Fly your work with style","publisher":{"@id":"https:\/\/dev.flydesk.com\/#organization"},"potentialAction":[{"@type":"SearchAction","target":{"@type":"EntryPoint","urlTemplate":"https:\/\/dev.flydesk.com\/?s={search_term_string}"},"query-input":"required name=search_term_string"}],"inLanguage":"pt-PT"},{"@type":"ImageObject","@id":"https:\/\/dev.flydesk.com\/fr\/about-flydesk\/#primaryimage","inLanguage":"pt-PT","url":"https:\/\/mlgucbjxeu1m.i.optimole.com\/cb:B7VA.3e989\/w:auto\/h:auto\/q:mauto\/ig:avif\/f:best\/https:\/\/dev.flydesk.com\/wp-content\/uploads\/2019\/09\/flydesk-icon-white.png","contentUrl":"https:\/\/mlgucbjxeu1m.i.optimole.com\/cb:B7VA.3e989\/w:auto\/h:auto\/q:mauto\/ig:avif\/f:best\/https:\/\/dev.flydesk.com\/wp-content\/uploads\/2019\/09\/flydesk-icon-white.png","width":512,"height":512,"caption":"flydesk-icon-white"},{"@type":"WebPage","@id":"https:\/\/dev.flydesk.com\/fr\/about-flydesk\/#webpage","url":"https:\/\/dev.flydesk.com\/fr\/about-flydesk\/","name":"About us &mdash; FLYDESK","isPartOf":{"@id":"https:\/\/dev.flydesk.com\/#website"},"primaryImageOfPage":{"@id":"https:\/\/dev.flydesk.com\/fr\/about-flydesk\/#primaryimage"},"datePublished":"2019-10-24T14:36:42+00:00","dateModified":"2023-01-10T03:11:06+00:00","description":"FLYDESK is a certification label that guarantees the quality of workspace locations and the performance of tools empowering the flexible work community.","breadcrumb":{"@id":"https:\/\/dev.flydesk.com\/fr\/about-flydesk\/#breadcrumb"},"inLanguage":"pt-PT","potentialAction":[{"@type":"ReadAction","target":["https:\/\/dev.flydesk.com\/fr\/about-flydesk\/"]}]},{"@type":"BreadcrumbList","@id":"https:\/\/dev.flydesk.com\/fr\/about-flydesk\/#breadcrumb","itemListElement":[{"@type":"ListItem","position":1,"name":"Home","item":"https:\/\/dev.flydesk.com\/"},{"@type":"ListItem","position":2,"name":"About"}]}]}},"_links":{"self":[{"href":"https:\/\/dev.flydesk.com\/pt\/wp-json\/wp\/v2\/pages\/1590","targetHints":{"allow":["GET"]}}],"collection":[{"href":"https:\/\/dev.flydesk.com\/pt\/wp-json\/wp\/v2\/pages"}],"about":[{"href":"https:\/\/dev.flydesk.com\/pt\/wp-json\/wp\/v2\/types\/page"}],"author":[{"embeddable":true,"href":"https:\/\/dev.flydesk.com\/pt\/wp-json\/wp\/v2\/users\/1"}],"replies":[{"embeddable":true,"href":"https:\/\/dev.flydesk.com\/pt\/wp-json\/wp\/v2\/comments?post=1590"}],"version-history":[{"count":0,"href":"https:\/\/dev.flydesk.com\/pt\/wp-json\/wp\/v2\/pages\/1590\/revisions"}],"wp:featuredmedia":[{"embeddable":true,"href":"https:\/\/dev.flydesk.com\/pt\/wp-json\/wp\/v2\/media\/661"}],"wp:attachment":[{"href":"https:\/\/dev.flydesk.com\/pt\/wp-json\/wp\/v2\/media?parent=1590"}],"curies":[{"name":"wp","href":"https:\/\/api.w.org\/{rel}","templated":true}]}}