{"id":2463,"date":"2019-12-04T15:04:05","date_gmt":"2019-12-04T07:04:05","guid":{"rendered":"https:\/\/dev.flydesk.com\/?page_id=2463"},"modified":"2021-06-02T15:43:48","modified_gmt":"2021-06-02T07:43:48","slug":"club","status":"publish","type":"page","link":"https:\/\/dev.flydesk.com\/pt\/club\/","title":{"rendered":"Junte-se ao CLUBE FLYDESK"},"content":{"rendered":"<h1>\n\t\tVoe seu trabalho\n\t<\/h1>\n\t<p>Encontre os melhores espa\u00e7os e ferramentas de coworking para se tornar mais produtivo para trabalhar de qualquer lugar.<\/p>\n\t\t\t<a href=\"?popup=signup\"   target=\"_self\"   role=\"button\"   rel=\"noopener noreferrer\">\n\t\t\t\t\t\t\tiniciar\n\t\t\t\t\t<\/a>\n\t<p>Junte-se ao FLYDESK CLUB gratuitamente<\/p>\n\t\t\t\t<a href=\"#intro\"   target=\"_self\"   itemprop=\"url\"   rel=\"noopener noreferrer\">\n\t\t\t\t<img decoding=\"async\"   src=\"https:\/\/mlgucbjxeu1m.i.optimole.com\/cb:B7VA.3e989\/w:auto\/h:auto\/q:mauto\/ig:avif\/f:best\/https:\/\/dev.flydesk.com\/wp-content\/uploads\/2020\/11\/Down-arrow.png\"   alt=\"Seta para baixo\"   itemprop=\"image\"   height=\"176\"   width=\"176\"   title=\"Seta para baixo\"   onerror=\"this.style.display='none'\"  \/>\n\t\t\t\t<\/a>\n\t\t\t\t<img decoding=\"async\"   src=\"https:\/\/mlgucbjxeu1m.i.optimole.com\/cb:B7VA.3e989\/w:1024\/h:847\/q:mauto\/ig:avif\/f:best\/https:\/\/dev.flydesk.com\/wp-content\/uploads\/2020\/01\/Workspace-Details-with-fade.png\"   alt=\"Detalhes do espa\u00e7o de trabalho com fade\"   itemprop=\"image\"   height=\"847\"   width=\"1024\"   title=\"Detalhes do espa\u00e7o de trabalho com fade\"   onerror=\"this.style.display='none'\"  \/>\n<h2>\n\t\tEncontre um espa\u00e7o de coworking a qualquer hora e em qualquer lugar\n\t<\/h2>\n<h2>\n\t\tReserva instant\u00e2nea\n\t<\/h2>\n\t<p>Reserve uma mesa ou uma sala de reuni\u00e3o com um clique em um de nossos locais de espa\u00e7o de trabalho certificados.<\/p>\n<h2>\n\t\tConsulta do espa\u00e7o de trabalho\n\t<\/h2>\n\t<p>Organize uma visita ou pergunte sobre sua pr\u00f3xima mudan\u00e7a de escrit\u00f3rio particular, espa\u00e7o para eventos ou necessidades de escrit\u00f3rio virtual.<\/p>\n<h2>\n\t\tMelhores espa\u00e7os de trabalho\n\t<\/h2>\n\t<p>Descubra os melhores espa\u00e7os de coworking e espa\u00e7os de trabalho compartilhados ao seu redor e usados por nossa comunidade.<\/p>\n\t\t\t<a href=\"?popup=signup\"   target=\"_self\"   role=\"button\"   rel=\"noopener noreferrer\">\n\t\t\t\t\t\t\tInscreva-se agora\n\t\t\t\t\t<\/a>\n\t\t\t\t<img decoding=\"async\"   src=\"https:\/\/mlgucbjxeu1m.i.optimole.com\/cb:B7VA.3e989\/w:846\/h:1024\/q:mauto\/ig:avif\/f:best\/https:\/\/dev.flydesk.com\/wp-content\/uploads\/2021\/06\/FLYDESK-App-Overview-3-black.png\"   alt=\"Aplicativo FLYDESK - Vis\u00e3o geral 3 preto\"   itemprop=\"image\"   height=\"1024\"   width=\"846\"   title=\"Aplicativo FLYDESK - Vis\u00e3o geral 3 preto\"   onerror=\"this.style.display='none'\"  \/>\n<h2>\n\t\tAcompanhe as horas de trabalho e locais para permitir a confian\u00e7a\n\t<\/h2>\n<h2>\n\t\tCheck-in e an\u00e1lises\n\t<\/h2>\n\t<p>Fa\u00e7a o check-in para rastrear suas horas de trabalho e locais para identificar as melhores condi\u00e7\u00f5es para o seu trabalho de maior desempenho. Descubra quem est\u00e1 trabalhando ao seu redor para construir sua rede de colegas de trabalho.<\/p>\n<h2>\n\t\tColabora\u00e7\u00e3o e seguran\u00e7a da equipe\n\t<\/h2>\n\t<p>Simplifique a comunica\u00e7\u00e3o com sua equipe e contatos, dando mais visibilidade sobre o status e a localiza\u00e7\u00e3o do trabalho. A transpar\u00eancia do trabalho pode aumentar o desempenho, bem como a seguran\u00e7a para fins de seguro.<\/p>\n\t\t\t\t<img data-opt-src=\"https:\/\/mlgucbjxeu1m.i.optimole.com\/cb:B7VA.3e989\/w:1024\/h:766\/q:mauto\/ig:avif\/f:best\/https:\/\/dev.flydesk.com\/wp-content\/uploads\/2021\/06\/FLYDESK-App-Overview-4.png\"   decoding=\"async\"   src=\"https:\/\/mlgucbjxeu1m.i.optimole.com\/cb:B7VA.3e989\/w:1024\/h:766\/q:eco\/ig:avif\/f:best\/https:\/\/dev.flydesk.com\/wp-content\/uploads\/2021\/06\/FLYDESK-App-Overview-4.png\"   alt=\"Aplicativo FLYDESK - Vis\u00e3o geral 4\"   itemprop=\"image\"   height=\"766\"   width=\"1024\"   title=\"Aplicativo FLYDESK - Vis\u00e3o geral 4\"   onerror=\"this.style.display='none'\"  \/>\n\t\t\t<a href=\"https:\/\/dev.flydesk.com\/pt\/membership\/\"   target=\"_self\"   role=\"button\"  rel=\"noopener noreferrer\">\n\t\t\t\t\t\t\tDescubra a ades\u00e3o ao CLUBE\n\t\t\t\t\t<\/a>\n\t<h2>Junte-se ao CLUBE FLYDESK<\/h2>\n\t\t\t<a href=\"?popup=signup\"   target=\"_self\"   role=\"button\"   rel=\"noopener noreferrer\">\n\t\t\t\t\t\t\tComece agora\n\t\t\t\t\t<\/a>\n\t\t\t\t<a href=\"https:\/\/dev.flydesk.com\/pt\/app\/\"   target=\"_self\"   itemprop=\"url\"   rel=\"noopener noreferrer\">\n\t\t\t\t<img data-opt-src=\"https:\/\/mlgucbjxeu1m.i.optimole.com\/cb:B7VA.3e989\/w:200\/h:56\/q:mauto\/ig:avif\/f:best\/https:\/\/dev.flydesk.com\/wp-content\/uploads\/2019\/12\/flydeskapp-playstore.png\"   decoding=\"async\"   src=\"https:\/\/mlgucbjxeu1m.i.optimole.com\/cb:B7VA.3e989\/w:200\/h:56\/q:eco\/ig:avif\/f:best\/https:\/\/dev.flydesk.com\/wp-content\/uploads\/2019\/12\/flydeskapp-playstore.png\"   alt=\"flydeskapp-playstore\"   itemprop=\"image\"   height=\"56\"   width=\"200\"   title=\"flydeskapp-playstore\"   onerror=\"this.style.display='none'\"  \/>\n\t\t\t\t<\/a>\n\t\t\t\t<a href=\"https:\/\/dev.flydesk.com\/pt\/app\/\"   target=\"_self\"   itemprop=\"url\"   rel=\"noopener noreferrer\">\n\t\t\t\t<img data-opt-src=\"https:\/\/mlgucbjxeu1m.i.optimole.com\/cb:B7VA.3e989\/w:200\/h:56\/q:mauto\/ig:avif\/f:best\/https:\/\/dev.flydesk.com\/wp-content\/uploads\/2019\/12\/flydeskapp-appstore.png\"   decoding=\"async\"   src=\"https:\/\/mlgucbjxeu1m.i.optimole.com\/cb:B7VA.3e989\/w:200\/h:56\/q:eco\/ig:avif\/f:best\/https:\/\/dev.flydesk.com\/wp-content\/uploads\/2019\/12\/flydeskapp-appstore.png\"   alt=\"flydeskapp-appstore\"   itemprop=\"image\"   height=\"56\"   width=\"200\"   title=\"flydeskapp-appstore\"   onerror=\"this.style.display='none'\"  \/>\n\t\t\t\t<\/a>","protected":false},"excerpt":{"rendered":"<p>Fa\u00e7a seu trabalho voar Encontre os melhores espa\u00e7os e ferramentas de coworking para se tornar mais produtivo para trabalhar de qualquer lugar. Come\u00e7ar Junte-se ao FLYDESK CLUB gratuitamente Encontre um espa\u00e7o de coworking a qualquer hora e em qualquer lugar Reserva instant\u00e2nea Reserve uma mesa ou uma sala de reuni\u00e3o com um clique em um de nossos locais de espa\u00e7o de trabalho certificados. Consulta de espa\u00e7o de trabalho\u2026<\/p>","protected":false},"author":8,"featured_media":661,"parent":0,"menu_order":0,"comment_status":"closed","ping_status":"closed","template":"","meta":{"footnotes":""},"class_list":["post-2463","page","type-page","status-publish","has-post-thumbnail","hentry"],"acf":[],"yoast_head":"<!-- This site is optimized with the Yoast SEO plugin v16.8 - https:\/\/yoast.com\/wordpress\/plugins\/seo\/ -->\n<title>Join the FLYDESK CLUB &mdash; FLYDESK<\/title>\n<meta name=\"description\"  content=\"Access flexible workspaces and tools for remote professionals to be productive from anywhere and at anytime. Join our the FLYDESK CLUB!\" \/>\n<meta name=\"robots\"  content=\"index, follow, max-snippet:-1, max-image-preview:large, max-video-preview:-1\" \/>\n<link rel=\"canonical\"  href=\"https:\/\/dev.flydesk.com\/pt\/club\/\" \/>\n<meta property=\"og:locale\"  content=\"pt_PT\" \/>\n<meta property=\"og:type\"  content=\"article\" \/>\n<meta property=\"og:title\"  content=\"Join the FLYDESK CLUB &mdash; FLYDESK\" \/>\n<meta property=\"og:description\"  content=\"Access flexible workspaces and tools for remote professionals to be productive from anywhere and at anytime. Join our the FLYDESK CLUB!\" \/>\n<meta property=\"og:url\"  content=\"https:\/\/dev.flydesk.com\/pt\/club\/\" \/>\n<meta property=\"og:site_name\" content=\"FLYDESK\" \/>\n<meta property=\"article:modified_time\"  content=\"2021-06-02T07:43:48+00:00\" \/>\n<meta property=\"og:image\"  content=\"https:\/\/mlgucbjxeu1m.i.optimole.com\/cb:B7VA.3e989\/w:auto\/h:auto\/q:mauto\/ig:avif\/f:best\/https:\/\/dev.flydesk.com\/wp-content\/uploads\/2019\/09\/flydesk-icon-white.png\" \/>\n\t<meta property=\"og:image:width\" content=\"512\" \/>\n\t<meta property=\"og:image:height\" content=\"512\" \/>\n<meta name=\"twitter:card\" content=\"summary_large_image\" \/>\n<meta name=\"twitter:label1\" content=\"Tempo estimado de leitura\" \/>\n\t<meta name=\"twitter:data1\" content=\"1 minuto\" \/>\n<!-- \/ Yoast SEO plugin. -->","yoast_head_json":{"title":"Join the FLYDESK CLUB &mdash; FLYDESK","description":"Access flexible workspaces and tools for remote professionals to be productive from anywhere and at anytime. Join our the FLYDESK CLUB!","robots":{"index":"index","follow":"follow","max-snippet":"max-snippet:-1","max-image-preview":"max-image-preview:large","max-video-preview":"max-video-preview:-1"},"canonical":"https:\/\/dev.flydesk.com\/pt\/club\/","og_locale":"pt_PT","og_type":"article","og_title":"Join the FLYDESK CLUB &mdash; FLYDESK","og_description":"Access flexible workspaces and tools for remote professionals to be productive from anywhere and at anytime. Join our the FLYDESK CLUB!","og_url":"https:\/\/dev.flydesk.com\/pt\/club\/","og_site_name":"FLYDESK","article_modified_time":"2021-06-02T07:43:48+00:00","og_image":[{"width":512,"height":512,"url":"https:\/\/mlgucbjxeu1m.i.optimole.com\/cb:B7VA.3e989\/w:auto\/h:auto\/q:mauto\/ig:avif\/f:best\/https:\/\/dev.flydesk.com\/wp-content\/uploads\/2019\/09\/flydesk-icon-white.png","path":"\/sites\/flydesk.com\/files\/wp-content\/uploads\/2019\/09\/flydesk-icon-white.png","size":"full","id":"661","alt":"","pixels":262144,"type":"image\/png"}],"twitter_card":"summary_large_image","twitter_misc":{"Tempo estimado de leitura":"1 minuto"},"schema":{"@context":"https:\/\/schema.org","@graph":[{"@type":"Organization","@id":"https:\/\/dev.flydesk.com\/#organization","name":"FLYDESK","url":"https:\/\/dev.flydesk.com\/","sameAs":[],"logo":{"@type":"ImageObject","@id":"https:\/\/dev.flydesk.com\/#logo","inLanguage":"pt-PT","url":"","contentUrl":"","caption":"FLYDESK"},"image":{"@id":"https:\/\/dev.flydesk.com\/#logo"}},{"@type":"WebSite","@id":"https:\/\/dev.flydesk.com\/#website","url":"https:\/\/dev.flydesk.com\/","name":"FLYDESK","description":"Fly your work with style","publisher":{"@id":"https:\/\/dev.flydesk.com\/#organization"},"potentialAction":[{"@type":"SearchAction","target":{"@type":"EntryPoint","urlTemplate":"https:\/\/dev.flydesk.com\/?s={search_term_string}"},"query-input":"required name=search_term_string"}],"inLanguage":"pt-PT"},{"@type":"ImageObject","@id":"https:\/\/dev.flydesk.com\/club\/#primaryimage","inLanguage":"pt-PT","url":"https:\/\/mlgucbjxeu1m.i.optimole.com\/cb:B7VA.3e989\/w:auto\/h:auto\/q:mauto\/ig:avif\/f:best\/https:\/\/dev.flydesk.com\/wp-content\/uploads\/2019\/09\/flydesk-icon-white.png","contentUrl":"https:\/\/mlgucbjxeu1m.i.optimole.com\/cb:B7VA.3e989\/w:auto\/h:auto\/q:mauto\/ig:avif\/f:best\/https:\/\/dev.flydesk.com\/wp-content\/uploads\/2019\/09\/flydesk-icon-white.png","width":512,"height":512,"caption":"flydesk-icon-white"},{"@type":"WebPage","@id":"https:\/\/dev.flydesk.com\/club\/#webpage","url":"https:\/\/dev.flydesk.com\/club\/","name":"Join the FLYDESK CLUB &mdash; FLYDESK","isPartOf":{"@id":"https:\/\/dev.flydesk.com\/#website"},"primaryImageOfPage":{"@id":"https:\/\/dev.flydesk.com\/club\/#primaryimage"},"datePublished":"2019-12-04T07:04:05+00:00","dateModified":"2021-06-02T07:43:48+00:00","description":"Access flexible workspaces and tools for remote professionals to be productive from anywhere and at anytime. Join our the FLYDESK CLUB!","breadcrumb":{"@id":"https:\/\/dev.flydesk.com\/club\/#breadcrumb"},"inLanguage":"pt-PT","potentialAction":[{"@type":"ReadAction","target":["https:\/\/dev.flydesk.com\/club\/"]}]},{"@type":"BreadcrumbList","@id":"https:\/\/dev.flydesk.com\/club\/#breadcrumb","itemListElement":[{"@type":"ListItem","position":1,"name":"Home","item":"https:\/\/dev.flydesk.com\/"},{"@type":"ListItem","position":2,"name":"Join the FLYDESK CLUB"}]}]}},"_links":{"self":[{"href":"https:\/\/dev.flydesk.com\/pt\/wp-json\/wp\/v2\/pages\/2463","targetHints":{"allow":["GET"]}}],"collection":[{"href":"https:\/\/dev.flydesk.com\/pt\/wp-json\/wp\/v2\/pages"}],"about":[{"href":"https:\/\/dev.flydesk.com\/pt\/wp-json\/wp\/v2\/types\/page"}],"author":[{"embeddable":true,"href":"https:\/\/dev.flydesk.com\/pt\/wp-json\/wp\/v2\/users\/8"}],"replies":[{"embeddable":true,"href":"https:\/\/dev.flydesk.com\/pt\/wp-json\/wp\/v2\/comments?post=2463"}],"version-history":[{"count":0,"href":"https:\/\/dev.flydesk.com\/pt\/wp-json\/wp\/v2\/pages\/2463\/revisions"}],"wp:featuredmedia":[{"embeddable":true,"href":"https:\/\/dev.flydesk.com\/pt\/wp-json\/wp\/v2\/media\/661"}],"wp:attachment":[{"href":"https:\/\/dev.flydesk.com\/pt\/wp-json\/wp\/v2\/media?parent=2463"}],"curies":[{"name":"wp","href":"https:\/\/api.w.org\/{rel}","templated":true}]}}