{"id":1590,"date":"2019-10-24T22:36:42","date_gmt":"2019-10-24T14:36:42","guid":{"rendered":"https:\/\/dev.flydesk.com\/?page_id=1590"},"modified":"2023-01-10T11:11:06","modified_gmt":"2023-01-10T03:11:06","slug":"about-flydesk","status":"publish","type":"page","link":"https:\/\/dev.flydesk.com\/sv\/about-flydesk\/","title":{"rendered":"About"},"content":{"rendered":"<h1>Om oss<\/h1>\r\n<h1>V\u00e5rt uppdrag<\/h1>\r\n<p>FLYDESK tillhandah\u00e5ller ett urval av f\u00f6rstklassiga arbetsytor och tj\u00e4nster f\u00f6r en gemenskap av moderna och flexibla yrkesverksamma som beh\u00f6ver stil, komfort och verktyg f\u00f6r att vara produktiva var de \u00e4n arbetar ifr\u00e5n.<\/p>\r\n<p><img decoding=\"async\"   title=\"komfort - arbetsyta PNG\"   src=\"https:\/\/mlgucbjxeu1m.i.optimole.com\/cb:B7VA.3e989\/w:200\/h:199\/q:mauto\/ig:avif\/f:best\/https:\/\/dev.flydesk.com\/wp-content\/uploads\/2019\/10\/comfort-workspace-PNG.png\"   alt=\"komfort - arbetsyta PNG\"   width=\"200\"   height=\"199\" \/><\/p>\r\n<h3>Bekv\u00e4mlighet<\/h3>\r\n<p>fr\u00e5n perfekt arbetsmilj\u00f6<\/p>\r\n<p><img decoding=\"async\"   title=\"N\u00e4tverk - Hantering PNG\"   src=\"https:\/\/mlgucbjxeu1m.i.optimole.com\/cb:B7VA.3e989\/w:200\/h:200\/q:mauto\/ig:avif\/f:best\/https:\/\/dev.flydesk.com\/wp-content\/uploads\/2019\/10\/Networking-Management-PNG.png\"   alt=\"N\u00e4tverk - Hantering PNG\"   width=\"200\"   height=\"200\" \/><\/p>\r\n<h3>N\u00c4TVERK<\/h3>\r\n<p>att f\u00e5 kontakt med flexgemenskapen<\/p>\r\n<p><img decoding=\"async\"   title=\"Prestanda PNG\"   src=\"https:\/\/mlgucbjxeu1m.i.optimole.com\/cb:B7VA.3e989\/w:200\/h:199\/q:mauto\/ig:avif\/f:best\/https:\/\/dev.flydesk.com\/wp-content\/uploads\/2019\/10\/Perfromance-PNG.png\"   alt=\"Prestanda PNG\"   width=\"200\"   height=\"199\" \/><\/p>\r\n<h3>Prestanda<\/h3>\r\n<p>arbete som utf\u00f6rs i farten<\/p>\r\n<p><a role=\"button\"   href=\"https:\/\/dev.flydesk.com\/sv\/get-in-touch\/\"   target=\"_self\"   rel=\"noopener\"> Kontakta oss <\/a> <img data-opt-src=\"https:\/\/mlgucbjxeu1m.i.optimole.com\/cb:B7VA.3e989\/w:1024\/h:683\/q:mauto\/ig:avif\/f:best\/https:\/\/dev.flydesk.com\/wp-content\/uploads\/2019\/11\/Team-chat.jpg\"   decoding=\"async\"   title=\"Teamchatt\"   src=\"https:\/\/mlgucbjxeu1m.i.optimole.com\/cb:B7VA.3e989\/w:1024\/h:683\/q:eco\/ig:avif\/f:best\/https:\/\/dev.flydesk.com\/wp-content\/uploads\/2019\/11\/Team-chat.jpg\"   alt=\"Teamchatt\"   width=\"1024\"   height=\"683\" \/><\/p>\r\n<h2>M\u00f6t FLYDESK-teamet<\/h2>\r\n<p>FLYDESK tror p\u00e5 flexibelt arbete och balans mellan arbete och privatliv som ett s\u00e4tt att skapa st\u00f6rre motivation, prestation och lojalitet inom en organisation.<\/p>\r\n<p>P\u00e5 FLYDESK ut\u00f6var vi det vi predikar, och till\u00e4mpar samma v\u00e4rderingar och organisationsprinciper p\u00e5 v\u00e5rt eget team som de vi fr\u00e4mjar till v\u00e5r community av FLYDESKERS och partners.<\/p>\r\n<p>FLYDESK har ett m\u00e5ngkulturellt team baserat i Hong Kong, Singapore och Filippinerna men vi tror att arbetet kan utf\u00f6ras var som helst och n\u00e4r som helst s\u00e5 l\u00e4nge vi uppr\u00e4tth\u00e5ller en stark kommunikation, litar p\u00e5 varandra och omfamnar en modern digital kultur.<\/p>\r\n<p><a role=\"button\"   href=\"https:\/\/dev.flydesk.com\/sv\/join-team\/\"   target=\"_self\"   rel=\"noopener\"> G\u00e5 med i v\u00e5rt lag <\/a><\/p>\r\n<h2>FLYDESK partners<\/h2>\r\n<p>FLYDESK gathers an ecosystem of partners facilitating flexible work and enabling work-life balance for a high-end community.<br \/>To ensure a premium and tailored service to our clients, we only work with brands that have specific focus on style, quality and comfort. <img data-opt-src=\"https:\/\/mlgucbjxeu1m.i.optimole.com\/cb:B7VA.3e989\/w:300\/h:300\/q:mauto\/rt:fill\/g:ce\/ig:avif\/f:best\/https:\/\/dev.flydesk.com\/wp-content\/uploads\/2020\/01\/Native-Union-White.png\"   decoding=\"async\"   title=\"Native Union Vit\"  src=\"https:\/\/mlgucbjxeu1m.i.optimole.com\/cb:B7VA.3e989\/w:300\/h:300\/q:eco\/ig:avif\/f:best\/https:\/\/dev.flydesk.com\/wp-content\/uploads\/2020\/01\/Native-Union-White.png\" alt=\"Native Union Vit\" width=\"300\" height=\"300\" \/> <img data-opt-src=\"https:\/\/mlgucbjxeu1m.i.optimole.com\/cb:B7VA.3e989\/w:300\/h:300\/q:mauto\/rt:fill\/g:ce\/ig:avif\/f:best\/https:\/\/dev.flydesk.com\/wp-content\/uploads\/2020\/06\/The-Executive-Centre-White.png\"   decoding=\"async\"   title=\"The Executive Center White\"   src=\"https:\/\/mlgucbjxeu1m.i.optimole.com\/cb:B7VA.3e989\/w:300\/h:300\/q:eco\/ig:avif\/f:best\/https:\/\/dev.flydesk.com\/wp-content\/uploads\/2020\/06\/The-Executive-Centre-White.png\" alt=\"The Executive Center White\" width=\"300\" height=\"300\" \/> <img data-opt-src=\"https:\/\/mlgucbjxeu1m.i.optimole.com\/cb:B7VA.3e989\/w:300\/h:300\/q:mauto\/rt:fill\/g:ce\/ig:avif\/f:best\/https:\/\/dev.flydesk.com\/wp-content\/uploads\/2020\/01\/WeWork-White.png\"   decoding=\"async\"   title=\"WeWork Vit\"  src=\"https:\/\/mlgucbjxeu1m.i.optimole.com\/cb:B7VA.3e989\/w:300\/h:300\/q:eco\/ig:avif\/f:best\/https:\/\/dev.flydesk.com\/wp-content\/uploads\/2020\/01\/WeWork-White.png\" alt=\"WeWork Vit\" width=\"300\" height=\"300\" \/> <img data-opt-src=\"https:\/\/mlgucbjxeu1m.i.optimole.com\/cb:B7VA.3e989\/w:300\/h:300\/q:mauto\/rt:fill\/g:ce\/ig:avif\/f:best\/https:\/\/dev.flydesk.com\/wp-content\/uploads\/2020\/01\/TheHive-White.png\"   decoding=\"async\"   title=\"TheHive White\"  src=\"https:\/\/mlgucbjxeu1m.i.optimole.com\/cb:B7VA.3e989\/w:300\/h:300\/q:eco\/ig:avif\/f:best\/https:\/\/dev.flydesk.com\/wp-content\/uploads\/2020\/01\/TheHive-White.png\" alt=\"TheHive White\" width=\"300\" height=\"300\" \/> <img data-opt-src=\"https:\/\/mlgucbjxeu1m.i.optimole.com\/cb:B7VA.3e989\/w:300\/h:300\/q:mauto\/rt:fill\/g:ce\/ig:avif\/f:best\/https:\/\/dev.flydesk.com\/wp-content\/uploads\/2020\/01\/TheWorkProject-White.png\"   decoding=\"async\"   title=\"TheWorkProject White\"  src=\"https:\/\/mlgucbjxeu1m.i.optimole.com\/cb:B7VA.3e989\/w:300\/h:300\/q:eco\/ig:avif\/f:best\/https:\/\/dev.flydesk.com\/wp-content\/uploads\/2020\/01\/TheWorkProject-White.png\" alt=\"TheWorkProject White\" width=\"300\" height=\"300\" \/> <img data-opt-src=\"https:\/\/mlgucbjxeu1m.i.optimole.com\/cb:B7VA.3e989\/w:300\/h:300\/q:mauto\/rt:fill\/g:ce\/ig:avif\/f:best\/https:\/\/dev.flydesk.com\/wp-content\/uploads\/2020\/01\/TheDesk-White.png\"   decoding=\"async\"  title=\"TheDesk White\"  src=\"https:\/\/mlgucbjxeu1m.i.optimole.com\/cb:B7VA.3e989\/w:300\/h:300\/q:eco\/ig:avif\/f:best\/https:\/\/dev.flydesk.com\/wp-content\/uploads\/2020\/01\/TheDesk-White.png\" alt=\"TheDesk White\" width=\"300\" height=\"300\" \/> <img data-opt-src=\"https:\/\/mlgucbjxeu1m.i.optimole.com\/cb:B7VA.3e989\/w:300\/h:300\/q:mauto\/rt:fill\/g:ce\/ig:avif\/f:best\/https:\/\/dev.flydesk.com\/wp-content\/uploads\/2020\/05\/VCo-black.png\"   decoding=\"async\"  title=\"VCo - svart\"  src=\"https:\/\/mlgucbjxeu1m.i.optimole.com\/cb:B7VA.3e989\/w:300\/h:300\/q:eco\/ig:avif\/f:best\/https:\/\/dev.flydesk.com\/wp-content\/uploads\/2020\/05\/VCo-black.png\" alt=\"VCo - svart\" width=\"300\" height=\"300\" \/> <a role=\"button\"   href=\"https:\/\/dev.flydesk.com\/sv\/partner-program\/\" target=\"_self\" rel=\"noopener\"> Bli en partner <\/a> <img data-opt-src=\"https:\/\/mlgucbjxeu1m.i.optimole.com\/cb:B7VA.3e989\/w:1024\/h:339\/q:mauto\/ig:avif\/f:best\/https:\/\/dev.flydesk.com\/wp-content\/uploads\/2019\/10\/FLYDESK-Certified-1.png\"   decoding=\"async\"   title=\"FLYDESK-certifierad\"   src=\"https:\/\/mlgucbjxeu1m.i.optimole.com\/cb:B7VA.3e989\/w:1024\/h:339\/q:eco\/ig:avif\/f:best\/https:\/\/dev.flydesk.com\/wp-content\/uploads\/2019\/10\/FLYDESK-Certified-1.png\"   alt=\"FLYDESK-certifierad\"   width=\"1024\"   height=\"339\" \/><\/p>\r\n<h2>FLYDESK-certifieringsetikett<\/h2>\r\n<p>FLYDESK \u00e4r en certifieringsm\u00e4rkning som garanterar kvaliteten p\u00e5 flexibla arbetsplatser. Vi \u00e4r premium AirBnB f\u00f6r arbetsytor.<\/p>\r\n<p>FLYDESK utvecklar ocks\u00e5 applikationer som st\u00e4rker gemenskapen av flexibla och distansprofessionella.<\/p>\r\n<p><a role=\"button\"   href=\"https:\/\/dev.flydesk.com\/sv\/workspace-certification\/\"   target=\"_self\"   rel=\"noopener\"> Mer om FLYDESK-certifieringen <\/a><\/p>","protected":false},"excerpt":{"rendered":"<p>About us Our mission FLYDESK provides a selection of premium workspaces and services for a community of modern and flexible professionals in need of style, comfort and tools to be productive wherever they work from. Comfort from perfect workspace environment NETWORKING to connect with the flex community Performance of work done on the fly Contact&hellip;<\/p>","protected":false},"author":1,"featured_media":661,"parent":0,"menu_order":0,"comment_status":"closed","ping_status":"closed","template":"","meta":{"footnotes":""},"class_list":["post-1590","page","type-page","status-publish","has-post-thumbnail","hentry"],"acf":[],"yoast_head":"<!-- This site is optimized with the Yoast SEO plugin v16.8 - https:\/\/yoast.com\/wordpress\/plugins\/seo\/ -->\n<title>About us &mdash; FLYDESK<\/title>\n<meta name=\"description\"  content=\"FLYDESK is a certification label that guarantees the quality of workspace locations and the performance of tools empowering the flexible work community.\" \/>\n<meta name=\"robots\"  content=\"index, follow, max-snippet:-1, max-image-preview:large, max-video-preview:-1\" \/>\n<link rel=\"canonical\"  href=\"https:\/\/dev.flydesk.com\/sv\/about-flydesk\/\" \/>\n<meta property=\"og:locale\"  content=\"sv_SE\" \/>\n<meta property=\"og:type\"  content=\"article\" \/>\n<meta property=\"og:title\"  content=\"About us &mdash; FLYDESK\" \/>\n<meta property=\"og:description\"  content=\"FLYDESK is a certification label that guarantees the quality of workspace locations and the performance of tools empowering the flexible work community.\" \/>\n<meta property=\"og:url\"  content=\"https:\/\/dev.flydesk.com\/sv\/about-flydesk\/\" \/>\n<meta property=\"og:site_name\" content=\"FLYDESK\" \/>\n<meta property=\"article:modified_time\"  content=\"2023-01-10T03:11:06+00:00\" \/>\n<meta property=\"og:image\"  content=\"https:\/\/mlgucbjxeu1m.i.optimole.com\/cb:B7VA.3e989\/w:auto\/h:auto\/q:mauto\/ig:avif\/f:best\/https:\/\/dev.flydesk.com\/wp-content\/uploads\/2019\/09\/flydesk-icon-white.png\" \/>\n\t<meta property=\"og:image:width\" content=\"512\" \/>\n\t<meta property=\"og:image:height\" content=\"512\" \/>\n<meta name=\"twitter:card\" content=\"summary_large_image\" \/>\n<meta name=\"twitter:label1\" content=\"Ber\u00e4knad l\u00e4stid\" \/>\n\t<meta name=\"twitter:data1\"  content=\"1 minut\"  \/>\n<!-- \/ Yoast SEO plugin. -->","yoast_head_json":{"title":"About us &mdash; FLYDESK","description":"FLYDESK is a certification label that guarantees the quality of workspace locations and the performance of tools empowering the flexible work community.","robots":{"index":"index","follow":"follow","max-snippet":"max-snippet:-1","max-image-preview":"max-image-preview:large","max-video-preview":"max-video-preview:-1"},"canonical":"https:\/\/dev.flydesk.com\/sv\/about-flydesk\/","og_locale":"sv_SE","og_type":"article","og_title":"About us &mdash; FLYDESK","og_description":"FLYDESK is a certification label that guarantees the quality of workspace locations and the performance of tools empowering the flexible work community.","og_url":"https:\/\/dev.flydesk.com\/sv\/about-flydesk\/","og_site_name":"FLYDESK","article_modified_time":"2023-01-10T03:11:06+00:00","og_image":[{"width":512,"height":512,"url":"https:\/\/mlgucbjxeu1m.i.optimole.com\/cb:B7VA.3e989\/w:auto\/h:auto\/q:mauto\/ig:avif\/f:best\/https:\/\/dev.flydesk.com\/wp-content\/uploads\/2019\/09\/flydesk-icon-white.png","path":"\/sites\/flydesk.com\/files\/wp-content\/uploads\/2019\/09\/flydesk-icon-white.png","size":"full","id":661,"alt":"","pixels":262144,"type":"image\/png"}],"twitter_card":"summary_large_image","twitter_misc":{"Ber\u00e4knad l\u00e4stid":"1 minut"},"schema":{"@context":"https:\/\/schema.org","@graph":[{"@type":"Organization","@id":"https:\/\/dev.flydesk.com\/#organization","name":"FLYDESK","url":"https:\/\/dev.flydesk.com\/","sameAs":[],"logo":{"@type":"ImageObject","@id":"https:\/\/dev.flydesk.com\/#logo","inLanguage":"sv-SE","url":"","contentUrl":"","caption":"FLYDESK"},"image":{"@id":"https:\/\/dev.flydesk.com\/#logo"}},{"@type":"WebSite","@id":"https:\/\/dev.flydesk.com\/#website","url":"https:\/\/dev.flydesk.com\/","name":"FLYDESK","description":"Fly your work with style","publisher":{"@id":"https:\/\/dev.flydesk.com\/#organization"},"potentialAction":[{"@type":"SearchAction","target":{"@type":"EntryPoint","urlTemplate":"https:\/\/dev.flydesk.com\/?s={search_term_string}"},"query-input":"required name=search_term_string"}],"inLanguage":"sv-SE"},{"@type":"ImageObject","@id":"https:\/\/dev.flydesk.com\/fr\/about-flydesk\/#primaryimage","inLanguage":"sv-SE","url":"https:\/\/mlgucbjxeu1m.i.optimole.com\/cb:B7VA.3e989\/w:auto\/h:auto\/q:mauto\/ig:avif\/f:best\/https:\/\/dev.flydesk.com\/wp-content\/uploads\/2019\/09\/flydesk-icon-white.png","contentUrl":"https:\/\/mlgucbjxeu1m.i.optimole.com\/cb:B7VA.3e989\/w:auto\/h:auto\/q:mauto\/ig:avif\/f:best\/https:\/\/dev.flydesk.com\/wp-content\/uploads\/2019\/09\/flydesk-icon-white.png","width":512,"height":512,"caption":"flydesk-icon-white"},{"@type":"WebPage","@id":"https:\/\/dev.flydesk.com\/fr\/about-flydesk\/#webpage","url":"https:\/\/dev.flydesk.com\/fr\/about-flydesk\/","name":"About us &mdash; FLYDESK","isPartOf":{"@id":"https:\/\/dev.flydesk.com\/#website"},"primaryImageOfPage":{"@id":"https:\/\/dev.flydesk.com\/fr\/about-flydesk\/#primaryimage"},"datePublished":"2019-10-24T14:36:42+00:00","dateModified":"2023-01-10T03:11:06+00:00","description":"FLYDESK is a certification label that guarantees the quality of workspace locations and the performance of tools empowering the flexible work community.","breadcrumb":{"@id":"https:\/\/dev.flydesk.com\/fr\/about-flydesk\/#breadcrumb"},"inLanguage":"sv-SE","potentialAction":[{"@type":"ReadAction","target":["https:\/\/dev.flydesk.com\/fr\/about-flydesk\/"]}]},{"@type":"BreadcrumbList","@id":"https:\/\/dev.flydesk.com\/fr\/about-flydesk\/#breadcrumb","itemListElement":[{"@type":"ListItem","position":1,"name":"Home","item":"https:\/\/dev.flydesk.com\/"},{"@type":"ListItem","position":2,"name":"About"}]}]}},"_links":{"self":[{"href":"https:\/\/dev.flydesk.com\/sv\/wp-json\/wp\/v2\/pages\/1590","targetHints":{"allow":["GET"]}}],"collection":[{"href":"https:\/\/dev.flydesk.com\/sv\/wp-json\/wp\/v2\/pages"}],"about":[{"href":"https:\/\/dev.flydesk.com\/sv\/wp-json\/wp\/v2\/types\/page"}],"author":[{"embeddable":true,"href":"https:\/\/dev.flydesk.com\/sv\/wp-json\/wp\/v2\/users\/1"}],"replies":[{"embeddable":true,"href":"https:\/\/dev.flydesk.com\/sv\/wp-json\/wp\/v2\/comments?post=1590"}],"version-history":[{"count":0,"href":"https:\/\/dev.flydesk.com\/sv\/wp-json\/wp\/v2\/pages\/1590\/revisions"}],"wp:featuredmedia":[{"embeddable":true,"href":"https:\/\/dev.flydesk.com\/sv\/wp-json\/wp\/v2\/media\/661"}],"wp:attachment":[{"href":"https:\/\/dev.flydesk.com\/sv\/wp-json\/wp\/v2\/media?parent=1590"}],"curies":[{"name":"wp","href":"https:\/\/api.w.org\/{rel}","templated":true}]}}