{"id":1596,"date":"2019-10-24T22:38:37","date_gmt":"2019-10-24T14:38:37","guid":{"rendered":"https:\/\/dev.flydesk.com\/?page_id=1596"},"modified":"2025-03-21T10:41:05","modified_gmt":"2025-03-21T02:41:05","slug":"business-solutions","status":"publish","type":"page","link":"https:\/\/dev.flydesk.com\/sv\/business-solutions\/","title":{"rendered":"Hybrid work solutions for business"},"content":{"rendered":"<h1>\n\t\tHybridkontorsl\u00f6sningar f\u00f6r f\u00f6retag\n\t<\/h1>\n\t<p>Vi hj\u00e4lper f\u00f6retag att hitta de b\u00e4sta arbetsytorna och verktygen f\u00f6r att hantera sina delade kontors- och fj\u00e4rrteam. Vi f\u00f6rb\u00e4ttrar deras hybridkontorsmodell f\u00f6r att maximera besparingar och prestanda.<\/p>\n\t\t\t<a href=\"\"   target=\"_self\"   role=\"button\"   rel=\"noopener\">\n\t\t\t\t\t\t\tKomma ig\u00e5ng\n\t\t\t\t\t<\/a>\n\t<p>Lita p\u00e5 att ditt team arbetar var som helst<\/p>\n\t\t<h2>Vi g\u00f6r ditt f\u00f6retag flexibelt<\/h2>\t\t\n\t\t\t<p>FLYDESK designar flexibla arbetsl\u00f6sningar som ger st\u00f6rre kontroll till organisationer som driver delade kontorsutrymmen och fj\u00e4rrstyrda team. Lita p\u00e5 v\u00e5ra experter och l\u00e4r dig hur du litar p\u00e5 dina flexibla och avl\u00e4gsna team.<\/p>\n\t\t<h3>Konsultverksamhet<\/h3>\t\t\n\t\t\t\t<img decoding=\"async\"   src=\"https:\/\/mlgucbjxeu1m.i.optimole.com\/cb:B7VA.3e989\/w:200\/h:201\/q:mauto\/ig:avif\/f:best\/https:\/\/dev.flydesk.com\/wp-content\/uploads\/2019\/10\/Transform-PNG.png\"   alt=\"F\u00f6rvandla PNG\"   itemprop=\"image\"   height=\"201\"   width=\"200\"   title=\"F\u00f6rvandla PNG\"   onerror=\"this.style.display='none'\"  \/>\n\t\t<h3><\/h3>\t\t\n\t\t\t<p>Flexable work transformation<\/p>\n\t\t<h3>Arbetsyta<\/h3>\t\t\n\t\t\t\t<img decoding=\"async\"   src=\"https:\/\/mlgucbjxeu1m.i.optimole.com\/cb:B7VA.3e989\/w:200\/h:199\/q:mauto\/ig:avif\/f:best\/https:\/\/dev.flydesk.com\/wp-content\/uploads\/2019\/10\/comfort-workspace-PNG.png\"   alt=\"komfort - arbetsyta PNG\"   itemprop=\"image\"   height=\"199\"   width=\"200\"   title=\"komfort - arbetsyta PNG\"   onerror=\"this.style.display='none'\"  \/>\n\t\t<h3><\/h3>\t\t\n\t\t\t<p>Flexible kontorss\u00f6kning &amp; design<\/p>\n\t\t<h3>Teknologi<\/h3>\t\t\n\t\t\t\t<img decoding=\"async\"   src=\"https:\/\/mlgucbjxeu1m.i.optimole.com\/cb:B7VA.3e989\/w:200\/h:200\/q:mauto\/ig:avif\/f:best\/https:\/\/dev.flydesk.com\/wp-content\/uploads\/2019\/10\/Networking-Management-PNG.png\"   alt=\"N\u00e4tverk - Hantering PNG\"   itemprop=\"image\"   height=\"200\"   width=\"200\"   title=\"N\u00e4tverk - Hantering PNG\"   onerror=\"this.style.display='none'\"  \/>\n\t\t<h3><\/h3>\t\t\n\t\t\t<p>Flexable office &amp; team management<\/p>\n\t\t\t\t<img decoding=\"async\"   src=\"https:\/\/mlgucbjxeu1m.i.optimole.com\/cb:B7VA.3e989\/w:auto\/h:auto\/q:mauto\/ig:avif\/f:best\/https:\/\/dev.flydesk.com\/wp-content\/uploads\/2022\/12\/FLYDESK-App-Home-Mobile-V1.png\"   alt=\"FLYDESK App Home Mobile V1\"   itemprop=\"image\"   title=\"FLYDESK App Home Mobile V1\"   onerror=\"this.style.display='none'\"  \/>\n<h2>\n\t\tAktivera hybridarbete f\u00f6r ditt f\u00f6retag\n\t<\/h2>\n\t<p>Expertis f\u00f6r att bygga en flexibel arbetsmodell<\/p>\n\t<p>FLYDESK hj\u00e4lper dig att bygga den perfekta hybridarbetskulturen f\u00f6r ditt team med en effektiv flexibel arbetspolicy, b\u00e4sta metoder f\u00f6r hybridarbete och teknik.<\/p>\n\t\t\t<a href=\"https:\/\/dev.flydesk.com\/sv\/hybrid-work-diagnosis\/\"   target=\"_self\"   role=\"button\"   rel=\"noopener\">\n\t\t\t\t\t\t\tBe om en gratis diagnos\n\t\t\t\t\t<\/a>\n\t<p>Flexable kontorslokaler skr\u00e4ddarsydda f\u00f6r ditt f\u00f6retag<\/p>\n\t<p>FLYDESK hittar de b\u00e4sta flexibla arbetsytorna, fr\u00e5n delade kontorsutrymmen som drivs av v\u00e5ra partners till designen av ditt anpassade kontorsutrymme f\u00f6r ditt flexibla team.<\/p>\n\t\t\t<a href=\"https:\/\/dev.flydesk.com\/sv\/workspace\/\"   target=\"_self\"   role=\"button\"   rel=\"noopener\">\n\t\t\t\t\t\t\tHitta ett flexibelt kontorsutrymme\n\t\t\t\t\t<\/a>\n\t<p>Ge ditt team m\u00f6jlighet att arbeta var som helst<\/p>\n\t<p>FLYDESK g\u00f6r det m\u00f6jligt f\u00f6r hybridteam att hantera sitt arbetsplatsschema med transparens och underl\u00e4tta bokningen av ditt delade kontorsutrymme.<\/p>\n\t\t\t\t<img decoding=\"async\"   src=\"https:\/\/mlgucbjxeu1m.i.optimole.com\/cb:B7VA.3e989\/w:auto\/h:auto\/q:mauto\/ig:avif\/f:best\/https:\/\/dev.flydesk.com\/wp-content\/uploads\/2022\/12\/FLYDESK-App-More-V1.png\"   alt=\"FLYDESK App More V1\"   itemprop=\"image\"   title=\"FLYDESK App More V1\"   onerror=\"this.style.display='none'\"  \/>\n\t\t\t<a href=\"https:\/\/dev.flydesk.com\/sv\/app\/\"   target=\"_self\"   role=\"button\" rel=\"noopener\">\n\t\t\t\t\t\t\tProva v\u00e5r hybrid arbetsapp\n\t\t\t\t\t<\/a>\n\t\t\t\t<img data-opt-src=\"https:\/\/mlgucbjxeu1m.i.optimole.com\/cb:B7VA.3e989\/w:1024\/h:683\/q:mauto\/ig:avif\/f:best\/https:\/\/dev.flydesk.com\/wp-content\/uploads\/2019\/10\/brooke-cagle-g1Kr4Ozfoac-unsplash.jpg\"   decoding=\"async\"   src=\"https:\/\/mlgucbjxeu1m.i.optimole.com\/cb:B7VA.3e989\/w:1024\/h:683\/q:eco\/ig:avif\/f:best\/https:\/\/dev.flydesk.com\/wp-content\/uploads\/2019\/10\/brooke-cagle-g1Kr4Ozfoac-unsplash.jpg\"   alt=\"brooke-cagle-g1Kr4Ozfoac-unsplash\"   itemprop=\"image\"   height=\"683\"   width=\"1024\"   title=\"brooke-cagle-g1Kr4Ozfoac-unsplash\"   onerror=\"this.style.display='none'\"  \/>\n<h2>\n\t\tHybridarbete f\u00f6rdelar f\u00f6r ditt f\u00f6retag\n\t<\/h2>\n\t<p>Office utrymmes- och kostnadsbesparingar<\/p>\n\t<p>Minskade kostnader relaterade till kontorshyra, utrustning, rekryteringsavgifter, resekostnader och optimera din arbetskraftsl\u00f6n.<\/p>\n\t<p>M\u00e4nniskors tillfredsst\u00e4llelse och prestation<\/p>\n\t<p>Mindre tid i transport och frihet att arbeta var som helst resulterar i anst\u00e4lldas lojalitet, prestation, lycka och b\u00e4ttre h\u00e4lsa fr\u00e5n l\u00e4gre stessniv\u00e5er.<\/p>\n\t<p>B\u00e4ttre koldioxidavtryck<\/p>\n\t<p>Smaller offices allow energy savings (light, air conditioning, heating&#8230;) &amp; less commuting during peak hours in particular significantly reduces CO2 impact.<\/p>\n\t\t\t<a href=\"\"   target=\"_self\"   role=\"button\"   rel=\"noopener\">\n\t\t\t\t\t\t\tDela ditt projekt\n\t\t\t\t\t<\/a>\n                <h5>F\u00f6retagsf\u00f6rfr\u00e5gan<\/h5>\n                <button type=\"button\"   data-dismiss=\"modal\"  aria-label=\"Close\">\n                    \u00d7\n                <\/button>\n<form enctype=\"multipart\/form-data\"   method=\"post\"   id=\"form_makeyourbusinessflexible\"  action=\"\">\n<fieldset>\n<legend>F\u00f6retagsl\u00f6sningsf\u00f6rfr\u00e5gan<\/legend>\n<input type=\"hidden\"   name=\"frm_action\"   value=\"create\" \/>\n<input type=\"hidden\"   name=\"form_id\"   value=\"24\" \/>\n<input type=\"hidden\"   name=\"frm_hide_fields_24\"   id=\"frm_hide_fields_24\"  value=\"\" \/>\n<input type=\"hidden\"   name=\"form_key\"   value=\"makeyourbusinessflexible\" \/>\n<input type=\"hidden\"   name=\"item_meta[0]\" value=\"\" \/>\n<input type=\"hidden\"   id=\"frm_submit_entry_24\"   name=\"frm_submit_entry_24\" value=\"64783d57cc\" \/><input type=\"hidden\"   name=\"_wp_http_referer\"   value=\"\/?page_id=1596&amp;fl_builder\" \/>\n    <label for=\"field_6hlvbb1da2d1657c651f0076ef0edf2d076f351b55388\"   id=\"field_6hlvbb1da2d1657c651f0076ef0edf2d076f351b55388_label\">Business email\n        *\n    <\/label>\n    <input type=\"email\"   id=\"field_6hlvbb1da2d1657c651f0076ef0edf2d076f351b55388\"   name=\"item_meta[379]\"   value=\"\"    data-reqmsg=\"This field cannot be blank.\"   aria-required=\"true\"   data-invmsg=\"Email is invalid\"   aria-invalid=\"false\"  \/>\n    <label for=\"field_utllq3fdaf87b3e91cc394c60f5c5ff4b41845144c19a\"   id=\"field_utllq3fdaf87b3e91cc394c60f5c5ff4b41845144c19a_label\">First name\n        *\n    <\/label>\n    <input type=\"text\"   id=\"field_utllq3fdaf87b3e91cc394c60f5c5ff4b41845144c19a\"   name=\"item_meta[380]\"   value=\"\"    data-reqmsg=\"This field cannot be blank.\"   aria-required=\"true\"   data-invmsg=\"Text is invalid\"   aria-invalid=\"false\"  \/>\n    <label for=\"field_d4kjwb3d7675f1ea9f169e4cda5295ec6961b10cc92ac\"   id=\"field_d4kjwb3d7675f1ea9f169e4cda5295ec6961b10cc92ac_label\">Last name\n        *\n    <\/label>\n    <input type=\"text\"   id=\"field_d4kjwb3d7675f1ea9f169e4cda5295ec6961b10cc92ac\"   name=\"item_meta[381]\"   value=\"\"    data-reqmsg=\"This field cannot be blank.\"   aria-required=\"true\"   data-invmsg=\"Text is invalid\"   aria-invalid=\"false\"  \/>\n    <label for=\"field_gm0a71afd94e18a7bb5d7dcd8a32998bab1237ca18709\"   id=\"field_gm0a71afd94e18a7bb5d7dcd8a32998bab1237ca18709_label\">Company name\n        *\n    <\/label>\n    <input type=\"text\"   id=\"field_gm0a71afd94e18a7bb5d7dcd8a32998bab1237ca18709\"   name=\"item_meta[382]\"   value=\"\"    data-reqmsg=\"This field cannot be blank.\"   aria-required=\"true\"   data-invmsg=\"Text is invalid\"   aria-invalid=\"false\"  \/>\n    <label for=\"field_sosg0\"   id=\"field_sosg0_label\">Team size\n        *\n    <\/label>\n    <input type=\"number\"   id=\"field_sosg0\"   name=\"item_meta[393]\"   value=\"\"    data-reqmsg=\"This field cannot be blank.\"   aria-required=\"true\"   data-invmsg=\"Number is invalid\"   aria-invalid=\"false\"     min=\"0\"   max=\"9999999\" step=\"any\"\/>\n    What are you looking for\n        *\n    \t\t<label for=\"field_3ms5f557b13564b-3\"><input type=\"checkbox\"   name=\"item_meta[384][]\"   id=\"field_3ms5f557b13564b-3\"   value=\"Hybrid work app\"    data-reqmsg=\"This field cannot be blank.\"   data-invmsg=\"What are you looking for is invalid\" aria-invalid=\"false\"   \/> Hybrid arbetsapp<\/label>\n\t\t<label for=\"field_3ms5f557b13564b-1\"><input type=\"checkbox\"   name=\"item_meta[384][]\"   id=\"field_3ms5f557b13564b-1\"   value=\"Office search\"    data-reqmsg=\"This field cannot be blank.\"   data-invmsg=\"What are you looking for is invalid\"   aria-invalid=\"false\"   \/> Office s\u00f6kning<\/label>\n\t\t<label for=\"field_3ms5f557b13564b-0\"><input type=\"checkbox\"   name=\"item_meta[384][]\"   id=\"field_3ms5f557b13564b-0\"   value=\"Consulting service\"    data-reqmsg=\"This field cannot be blank.\"   data-invmsg=\"What are you looking for is invalid\"   aria-invalid=\"false\"   \/> Konsulttj\u00e4nst<\/label>\n\t\t<label for=\"field_3ms5f557b13564b-other_5\"><input type=\"checkbox\"   name=\"item_meta[384][other_5]\"   id=\"field_3ms5f557b13564b-other_5\"   value=\"Other\"    data-reqmsg=\"This field cannot be blank.\"   data-invmsg=\"What are you looking for is invalid\"   aria-invalid=\"false\"   \/> \u00d6vrig<\/label><label for=\"field_3ms5f557b13564b-other_5-otext\" >\u00d6vrig<\/label><input type=\"text\"   id=\"field_3ms5f557b13564b-other_5-otext\"    name=\"item_meta[other][384][other_5]\"   value=\"\" \/>\n    <label for=\"field_98v8d1575218a43ce6ecc0e4b339b8e746eec725471c\"   id=\"field_98v8d1575218a43ce6ecc0e4b339b8e746eec725471c_label\">Ditt meddelande\n    <\/label>\n    <textarea name=\"item_meta[387]\"   id=\"field_98v8d1575218a43ce6ecc0e4b339b8e746eec725471c\"   rows=\"5\"    data-invmsg=\"Your message is invalid\"   aria-invalid=\"false\"     aria-describedby=\"frm_desc_field_98v8d1575218a43ce6ecc0e4b339b8e746eec725471c\"><\/textarea>\n    Ber\u00e4tta hur vi kan hj\u00e4lpa dig\n<input type=\"hidden\"   name=\"item_meta[388]\"   id=\"field_mfrojca5b92cd1e6966cf473fe6c6540a4953a6aa54e8\"   value=\"Prospect\"    data-frmval=\"Prospect\"   data-invmsg=\"Hidden FLYDESK Contact Type is invalid\"   \/>\n<input type=\"hidden\"   name=\"item_meta[389]\"   id=\"field_hakknac637572c45cfb55a081df10e3e24bc5d47665a2\"   value=\"Team\"    data-frmval=\"Team\"  data-invmsg=\"Hidden FLYDESK Interest is invalid\"   \/>\n<input type=\"hidden\"   name=\"item_meta[390]\"   id=\"field_k7h1j1b59578da2\"   value=\"Prospect - Consideration\"    data-frmval=\"Prospect - Consideration\" data-invmsg=\"Hidden FLYDESK Lifecycle is invalid\"   \/>\n    <label for=\"g-recaptcha-response\" id=\"field_gcpq9c7d46a689c45b3abe088d5d529e1c6f36242846b_label\">reCAPTCHA\n    <\/label>\n\t<input type=\"hidden\"   name=\"item_key\"   value=\"\" \/>\n\t\t\t\t<label for=\"frm_email_24\">\n\t\t\t\t\tOm du \u00e4r m\u00e4nniska, l\u00e4mna detta f\u00e4lt tomt.\t\t\t\t<\/label>\n\t\t\t\t<input type=\"text\"   id=\"frm_email_24\"   name=\"frm_verify\"  value=\"\"  \/>\n<button type=\"submit\"    formnovalidate=\"formnovalidate\">Skicka in<\/button>\n<\/fieldset>\n<input type=\"hidden\"  name=\"trp-form-language\"  value=\"sv\"\/><\/form>","protected":false},"excerpt":{"rendered":"<p>Hybrid office solutions for business We help companies find the best workspaces and tools to manage their shared office &amp; remote teams. We improve their hybrid office model to maximize savings &amp; performance. Get started Trust your team to work from anywhere We make your business flexible FLYDESK designs flexible work solutions giving greater control&hellip;<\/p>","protected":false},"author":1,"featured_media":1,"parent":0,"menu_order":0,"comment_status":"closed","ping_status":"closed","template":"","meta":{"footnotes":""},"class_list":["post-1596","page","type-page","status-publish","has-post-thumbnail","hentry"],"acf":[],"yoast_head":"<!-- This site is optimized with the Yoast SEO plugin v16.8 - https:\/\/yoast.com\/wordpress\/plugins\/seo\/ -->\n<title>Hybrid work solutions for business &mdash; FLYDESK<\/title>\n<meta name=\"robots\"  content=\"index, follow, max-snippet:-1, max-image-preview:large, max-video-preview:-1\" \/>\n<link rel=\"canonical\"  href=\"https:\/\/dev.flydesk.com\/sv\/business-solutions\/\" \/>\n<meta property=\"og:locale\"  content=\"sv_SE\" \/>\n<meta property=\"og:type\"  content=\"article\" \/>\n<meta property=\"og:title\"  content=\"Hybrid work solutions for business &mdash; FLYDESK\" \/>\n<meta property=\"og:description\"  content=\"Hybrid office solutions for business We help companies find the best workspaces and tools to manage their shared office &amp; remote teams. We improve their hybrid office model to maximize savings &amp; performance. Get started Trust your team to work from anywhere We make your business flexible FLYDESK designs flexible work solutions giving greater control&hellip;\" \/>\n<meta property=\"og:url\"  content=\"https:\/\/dev.flydesk.com\/sv\/business-solutions\/\" \/>\n<meta property=\"og:site_name\" content=\"FLYDESK\" \/>\n<meta property=\"article:modified_time\"  content=\"2025-03-21T02:41:05+00:00\" \/>\n<meta name=\"twitter:card\"  content=\"summary_large_image\" \/>\n<meta name=\"twitter:label1\"  content=\"Ber\u00e4knad l\u00e4stid\" \/>\n\t<meta name=\"twitter:data1\" content=\"2 minuter\" \/>\n<!-- \/ Yoast SEO plugin. -->","yoast_head_json":{"title":"Hybrid work solutions for business &mdash; FLYDESK","robots":{"index":"index","follow":"follow","max-snippet":"max-snippet:-1","max-image-preview":"max-image-preview:large","max-video-preview":"max-video-preview:-1"},"canonical":"https:\/\/dev.flydesk.com\/sv\/business-solutions\/","og_locale":"sv_SE","og_type":"article","og_title":"Hybrid work solutions for business &mdash; FLYDESK","og_description":"Hybrid office solutions for business We help companies find the best workspaces and tools to manage their shared office &amp; remote teams. We improve their hybrid office model to maximize savings &amp; performance. Get started Trust your team to work from anywhere We make your business flexible FLYDESK designs flexible work solutions giving greater control&hellip;","og_url":"https:\/\/dev.flydesk.com\/sv\/business-solutions\/","og_site_name":"FLYDESK","article_modified_time":"2025-03-21T02:41:05+00:00","twitter_card":"summary_large_image","twitter_misc":{"Ber\u00e4knad l\u00e4stid":"2 minuter"},"schema":{"@context":"https:\/\/schema.org","@graph":[{"@type":"Organization","@id":"https:\/\/dev.flydesk.com\/#organization","name":"FLYDESK","url":"https:\/\/dev.flydesk.com\/","sameAs":[],"logo":{"@type":"ImageObject","@id":"https:\/\/dev.flydesk.com\/#logo","inLanguage":"sv-SE","url":"","contentUrl":"","caption":"FLYDESK"},"image":{"@id":"https:\/\/dev.flydesk.com\/#logo"}},{"@type":"WebSite","@id":"https:\/\/dev.flydesk.com\/#website","url":"https:\/\/dev.flydesk.com\/","name":"FLYDESK","description":"Fly your work with style","publisher":{"@id":"https:\/\/dev.flydesk.com\/#organization"},"potentialAction":[{"@type":"SearchAction","target":{"@type":"EntryPoint","urlTemplate":"https:\/\/dev.flydesk.com\/?s={search_term_string}"},"query-input":"required name=search_term_string"}],"inLanguage":"sv-SE"},{"@type":"ImageObject","@id":"https:\/\/dev.flydesk.com\/business-solutions\/#primaryimage","inLanguage":"sv-SE","url":"","contentUrl":""},{"@type":"WebPage","@id":"https:\/\/dev.flydesk.com\/business-solutions\/#webpage","url":"https:\/\/dev.flydesk.com\/business-solutions\/","name":"Hybrid work solutions for business &mdash; FLYDESK","isPartOf":{"@id":"https:\/\/dev.flydesk.com\/#website"},"primaryImageOfPage":{"@id":"https:\/\/dev.flydesk.com\/business-solutions\/#primaryimage"},"datePublished":"2019-10-24T14:38:37+00:00","dateModified":"2025-03-21T02:41:05+00:00","breadcrumb":{"@id":"https:\/\/dev.flydesk.com\/business-solutions\/#breadcrumb"},"inLanguage":"sv-SE","potentialAction":[{"@type":"ReadAction","target":["https:\/\/dev.flydesk.com\/business-solutions\/"]}]},{"@type":"BreadcrumbList","@id":"https:\/\/dev.flydesk.com\/business-solutions\/#breadcrumb","itemListElement":[{"@type":"ListItem","position":1,"name":"Home","item":"https:\/\/dev.flydesk.com\/"},{"@type":"ListItem","position":2,"name":"Hybrid work solutions for business"}]}]}},"_links":{"self":[{"href":"https:\/\/dev.flydesk.com\/sv\/wp-json\/wp\/v2\/pages\/1596","targetHints":{"allow":["GET"]}}],"collection":[{"href":"https:\/\/dev.flydesk.com\/sv\/wp-json\/wp\/v2\/pages"}],"about":[{"href":"https:\/\/dev.flydesk.com\/sv\/wp-json\/wp\/v2\/types\/page"}],"author":[{"embeddable":true,"href":"https:\/\/dev.flydesk.com\/sv\/wp-json\/wp\/v2\/users\/1"}],"replies":[{"embeddable":true,"href":"https:\/\/dev.flydesk.com\/sv\/wp-json\/wp\/v2\/comments?post=1596"}],"version-history":[{"count":1,"href":"https:\/\/dev.flydesk.com\/sv\/wp-json\/wp\/v2\/pages\/1596\/revisions"}],"predecessor-version":[{"id":95433,"href":"https:\/\/dev.flydesk.com\/sv\/wp-json\/wp\/v2\/pages\/1596\/revisions\/95433"}],"wp:featuredmedia":[{"embeddable":true,"href":"https:\/\/dev.flydesk.com\/sv\/wp-json\/wp\/v2\/posts\/1"}],"wp:attachment":[{"href":"https:\/\/dev.flydesk.com\/sv\/wp-json\/wp\/v2\/media?parent=1596"}],"curies":[{"name":"wp","href":"https:\/\/api.w.org\/{rel}","templated":true}]}}